{"id":1077,"date":"2022-04-19T10:01:39","date_gmt":"2022-04-19T02:01:39","guid":{"rendered":"http:\/\/xinzhou.bearingshow.net\/?page_id=1077"},"modified":"2022-04-19T10:01:39","modified_gmt":"2022-04-19T02:01:39","slug":"high-temperature-greases","status":"publish","type":"page","link":"https:\/\/www.xzballbearing.com\/de\/high-temperature-greases\/","title":{"rendered":"Hochtemperaturfette"},"content":{"rendered":"<div class=\"tagged-media__footer\">Die Fette sind f\u00fcr Anwendungen in H\u00fctten- und Walzwerken sowie anderen Hochtemperaturanwendungen wie Dreh\u00f6fen, K\u00fchlbetten, Stra\u00dfenbelagsmaschinen, Gl\u00fch\u00f6fen und Gleitlagern in Gie\u00dfereikr\u00e4nen formuliert. Durch den Einsatz der Schmierfette k\u00f6nnen die Schmierstoff- und Abwasserentsorgungskosten aufgrund des geringeren Verbrauchs und der besseren Wasserbest\u00e4ndigkeit gesenkt werden.<\/div>","protected":false},"excerpt":{"rendered":"<p>Die Fette sind f\u00fcr Anwendungen in H\u00fctten- und Walzwerken sowie anderen Hochtemperaturanwendungen wie Dreh\u00f6fen, K\u00fchlbetten, Stra\u00dfenbelagsmaschinen, Gl\u00fch\u00f6fen und Gleitlagern in Gie\u00dfereikr\u00e4nen formuliert. Durch den Einsatz der Schmierfette k\u00f6nnen die Schmierstoff- und Abwasserentsorgungskosten aufgrund des geringeren Verbrauchs und der besseren Wasserbest\u00e4ndigkeit gesenkt werden.<\/p>","protected":false},"author":1,"featured_media":1078,"parent":0,"menu_order":0,"comment_status":"closed","ping_status":"closed","template":"","meta":{"footnotes":""},"class_list":["post-1077","page","type-page","status-publish","has-post-thumbnail","hentry"],"_links":{"self":[{"href":"https:\/\/www.xzballbearing.com\/de\/wp-json\/wp\/v2\/pages\/1077"}],"collection":[{"href":"https:\/\/www.xzballbearing.com\/de\/wp-json\/wp\/v2\/pages"}],"about":[{"href":"https:\/\/www.xzballbearing.com\/de\/wp-json\/wp\/v2\/types\/page"}],"author":[{"embeddable":true,"href":"https:\/\/www.xzballbearing.com\/de\/wp-json\/wp\/v2\/users\/1"}],"replies":[{"embeddable":true,"href":"https:\/\/www.xzballbearing.com\/de\/wp-json\/wp\/v2\/comments?post=1077"}],"version-history":[{"count":1,"href":"https:\/\/www.xzballbearing.com\/de\/wp-json\/wp\/v2\/pages\/1077\/revisions"}],"predecessor-version":[{"id":1079,"href":"https:\/\/www.xzballbearing.com\/de\/wp-json\/wp\/v2\/pages\/1077\/revisions\/1079"}],"wp:featuredmedia":[{"embeddable":true,"href":"https:\/\/www.xzballbearing.com\/de\/wp-json\/wp\/v2\/media\/1078"}],"wp:attachment":[{"href":"https:\/\/www.xzballbearing.com\/de\/wp-json\/wp\/v2\/media?parent=1077"}],"curies":[{"name":"wp","href":"https:\/\/api.w.org\/{rel}","templated":true}]}}