{"id":1408,"date":"2022-05-19T10:44:20","date_gmt":"2022-05-19T02:44:20","guid":{"rendered":"http:\/\/xinzhou.bearingshow.net\/?page_id=1408"},"modified":"2022-05-19T13:57:56","modified_gmt":"2022-05-19T05:57:56","slug":"bearings-for-extreme-temperature","status":"publish","type":"page","link":"https:\/\/www.xzballbearing.com\/de\/application-solutions\/bearings-for-extreme-temperature\/","title":{"rendered":"Lager f\u00fcr extreme Temperaturen"},"content":{"rendered":"<p>Im Allgemeinen XINZHOU-Lager f\u00fcr extreme Temperaturen: Fl\u00fcssigsauerstoffpumpen, \u00d6fen und Metallverarbeitungsanlagen. \u00dcblicherweise k\u00f6nnen bei Kugellagern und W\u00e4lzlagern die Umgebungen bearbeitet werden. Und diese Lager sind kundenspezifisch mit SS440C-Ringen, Keramikkugeln oder auch mit WS2-Beschichtung erh\u00e4ltlich.<\/p>\n<p><div class=\"col-md-4 col-sm-4 col-xs-12\" >\r\n                        <a class=\"tagged-media\"  href=\"https:\/\/www.xzballbearing.com\/de\/stainless-steel-bearings\/\" >\r\n                        <p><font><font>Edelstahllager<\/font><\/font><\/p>\r\n                        <div class=\"tagged-media__media\" >\r\n                        <img decoding=\"async\" src=\"https:\/\/www.xzballbearing.com\/wp-content\/uploads\/2022\/05\/\u5fae\u4fe1\u56fe\u7247_20220519120813.jpg\" alt=\"Stainless Steel Bearings\">\r\n                        <\/div>\r\n                        <div class=\"tagged-media__footers\" >\r\n                        <p>Unsere Edelstahllager werden h\u00e4ufig in Anwendungen der Lebensmittel- und Getr\u00e4nkeindustrie eingesetzt. Diese Lager m\u00fcssen h\u00e4ufig mit regelm\u00e4\u00dfigen Reinigungen, Dampfreinigung, Verschmutzung, m\u00f6glicherweise hohen Temperaturen, Fl\u00fcssigkeiten und anderen korrosiven Materialien fertig werden.<\/p>\r\n                        <\/div>\r\n                        <\/a>\r\n                    <\/div><div class=\"col-md-4 col-sm-4 col-xs-12\" >\r\n                        <a class=\"tagged-media\"  href=\"https:\/\/www.xzballbearing.com\/de\/full-ceramic-bearings-3\/\" >\r\n                        <p><font><font>Vollkeramiklager<\/font><\/font><\/p>\r\n                        <div class=\"tagged-media__media\" >\r\n                        <img decoding=\"async\" src=\"https:\/\/www.xzballbearing.com\/wp-content\/uploads\/2022\/04\/high_3.jpg\" alt=\"Full Ceramic Bearings\">\r\n                        <\/div>\r\n                        <div class=\"tagged-media__footers\" >\r\n                        <p>Korrosionsbest\u00e4ndig, hohe Temperatur, nicht magnetisch, keine Schmierung, geeignet f\u00fcr niedrige Drehzahlen, geringe Last und extreme Umgebungen.<\/p>\r\n                        <\/div>\r\n                        <\/a>\r\n                    <\/div><div class=\"col-md-4 col-sm-4 col-xs-12\" >\r\n                        <a class=\"tagged-media\"  href=\"https:\/\/www.xzballbearing.com\/de\/cylindrical-roller-bearings-2\/\" >\r\n                        <p><font><font>Zylinderrollenlager<\/font><\/font><\/p>\r\n                        <div class=\"tagged-media__media\" >\r\n                        <img decoding=\"async\" src=\"https:\/\/www.xzballbearing.com\/wp-content\/uploads\/2022\/12\/QQ\u56fe\u724720221215170040_\u526f\u672c-1.png\" alt=\"Cylindrical Roller Bearings\">\r\n                        <\/div>\r\n                        <div class=\"tagged-media__footers\" >\r\n                        <p>Cylindrical roller bearings with cage are units comprising solid inner and outer rings and cylindrical roller and cage assemblies. The outer rings have rigid ribs on both sides or no ribs, and the inner rings have one or two rigid ribs or are designed without ribs. The cage prevents the cylindrical rollers from coming into contact with each other during rolling. Cylindrical roller bearings can be supplied with or without a cage.<\/p>\r\n                        <\/div>\r\n                        <\/a>\r\n                    <\/div><\/p>\n<p>&nbsp;<\/p>","protected":false},"excerpt":{"rendered":"<p>Im Allgemeinen XINZHOU-Lager f\u00fcr extreme Temperaturen: Fl\u00fcssigsauerstoffpumpen, \u00d6fen und Metallverarbeitungsanlagen. \u00dcblicherweise k\u00f6nnen bei Kugellagern und W\u00e4lzlagern die Umgebungen bearbeitet werden. Und diese Lager sind kundenspezifisch mit SS440C-Ringen, Keramikkugeln oder auch mit WS2-Beschichtung erh\u00e4ltlich. &nbsp;<\/p>","protected":false},"author":1,"featured_media":1409,"parent":78,"menu_order":0,"comment_status":"closed","ping_status":"closed","template":"","meta":{"footnotes":""},"class_list":["post-1408","page","type-page","status-publish","has-post-thumbnail","hentry"],"_links":{"self":[{"href":"https:\/\/www.xzballbearing.com\/de\/wp-json\/wp\/v2\/pages\/1408"}],"collection":[{"href":"https:\/\/www.xzballbearing.com\/de\/wp-json\/wp\/v2\/pages"}],"about":[{"href":"https:\/\/www.xzballbearing.com\/de\/wp-json\/wp\/v2\/types\/page"}],"author":[{"embeddable":true,"href":"https:\/\/www.xzballbearing.com\/de\/wp-json\/wp\/v2\/users\/1"}],"replies":[{"embeddable":true,"href":"https:\/\/www.xzballbearing.com\/de\/wp-json\/wp\/v2\/comments?post=1408"}],"version-history":[{"count":3,"href":"https:\/\/www.xzballbearing.com\/de\/wp-json\/wp\/v2\/pages\/1408\/revisions"}],"predecessor-version":[{"id":1442,"href":"https:\/\/www.xzballbearing.com\/de\/wp-json\/wp\/v2\/pages\/1408\/revisions\/1442"}],"up":[{"embeddable":true,"href":"https:\/\/www.xzballbearing.com\/de\/wp-json\/wp\/v2\/pages\/78"}],"wp:featuredmedia":[{"embeddable":true,"href":"https:\/\/www.xzballbearing.com\/de\/wp-json\/wp\/v2\/media\/1409"}],"wp:attachment":[{"href":"https:\/\/www.xzballbearing.com\/de\/wp-json\/wp\/v2\/media?parent=1408"}],"curies":[{"name":"wp","href":"https:\/\/api.w.org\/{rel}","templated":true}]}}