{"id":1411,"date":"2022-05-19T10:47:19","date_gmt":"2022-05-19T02:47:19","guid":{"rendered":"http:\/\/xinzhou.bearingshow.net\/?page_id=1411"},"modified":"2022-05-19T14:52:22","modified_gmt":"2022-05-19T06:52:22","slug":"bearings-for-corrosion-resistance","status":"publish","type":"page","link":"https:\/\/www.xzballbearing.com\/de\/bearings-for-corrosion-resistance\/","title":{"rendered":"Lager f\u00fcr Korrosionsbest\u00e4ndigkeit"},"content":{"rendered":"<p>XINZHOU-Lager f\u00fcr Fahrradr\u00e4der und -komponenten, Halbleiterverarbeitungsger\u00e4te, zahn\u00e4rztliche und chirurgische Handst\u00fccke, chemische Verarbeitungsger\u00e4te, Lebensmittelverarbeitungsger\u00e4te, Filmherstellungsmaschinen. Diese Lager k\u00f6nnen auch mit TDC-Beschichtung (Thin Dense Chromium) f\u00fcr Korrosionsbest\u00e4ndigkeit und verschlei\u00dffeste Verwendung versehen werden.<\/p>\n<p><div class=\"col-md-4 col-sm-4 col-xs-12\" >\r\n                        <a class=\"tagged-media\"  href=\"https:\/\/www.xzballbearing.com\/de\/stainless-steel-bearings\/\" >\r\n                        <p><font><font>Edelstahllager<\/font><\/font><\/p>\r\n                        <div class=\"tagged-media__media\" >\r\n                        <img decoding=\"async\" src=\"https:\/\/www.xzballbearing.com\/wp-content\/uploads\/2022\/05\/\u5fae\u4fe1\u56fe\u7247_20220519120813.jpg\" alt=\"Stainless Steel Bearings\">\r\n                        <\/div>\r\n                        <div class=\"tagged-media__footers\" >\r\n                        <p>Unsere Edelstahllager werden h\u00e4ufig in Anwendungen der Lebensmittel- und Getr\u00e4nkeindustrie eingesetzt. Diese Lager m\u00fcssen h\u00e4ufig mit regelm\u00e4\u00dfigen Reinigungen, Dampfreinigung, Verschmutzung, m\u00f6glicherweise hohen Temperaturen, Fl\u00fcssigkeiten und anderen korrosiven Materialien fertig werden.<\/p>\r\n                        <\/div>\r\n                        <\/a>\r\n                    <\/div><div class=\"col-md-4 col-sm-4 col-xs-12\" >\r\n                        <a class=\"tagged-media\"  href=\"https:\/\/www.xzballbearing.com\/de\/full-ceramic-bearings-3\/\" >\r\n                        <p><font><font>Vollkeramiklager<\/font><\/font><\/p>\r\n                        <div class=\"tagged-media__media\" >\r\n                        <img decoding=\"async\" src=\"https:\/\/www.xzballbearing.com\/wp-content\/uploads\/2022\/04\/high_3.jpg\" alt=\"Full Ceramic Bearings\">\r\n                        <\/div>\r\n                        <div class=\"tagged-media__footers\" >\r\n                        <p>Korrosionsbest\u00e4ndig, hohe Temperatur, nicht magnetisch, keine Schmierung, geeignet f\u00fcr niedrige Drehzahlen, geringe Last und extreme Umgebungen.<\/p>\r\n                        <\/div>\r\n                        <\/a>\r\n                    <\/div><div class=\"col-md-4 col-sm-4 col-xs-12\" >\r\n                        <a class=\"tagged-media\"  href=\"https:\/\/www.xzballbearing.com\/de\/custom-bearing\/\" >\r\n                        <p><font><font>Kundenspezifisches Lager<\/font><\/font><\/p>\r\n                        <div class=\"tagged-media__media\" >\r\n                        <img decoding=\"async\" src=\"https:\/\/www.xzballbearing.com\/wp-content\/uploads\/2022\/12\/QQ\u56fe\u724720221215165439.png\" alt=\"Custom bearing\">\r\n                        <\/div>\r\n                        <div class=\"tagged-media__footers\" >\r\n                        <p>Our Products Group: Ceramics,Hybrid,Stainless,Thin Section, High Temp,High Speed,High precision,Special Custom Made<\/p>\r\n                        <\/div>\r\n                        <\/a>\r\n                    <\/div><\/p>","protected":false},"excerpt":{"rendered":"<p>XINZHOU-Lager f\u00fcr Fahrradr\u00e4der und -komponenten, Halbleiterverarbeitungsger\u00e4te, zahn\u00e4rztliche und chirurgische Handst\u00fccke, chemische Verarbeitungsger\u00e4te, Lebensmittelverarbeitungsger\u00e4te, Filmherstellungsmaschinen. Diese Lager k\u00f6nnen auch mit TDC-Beschichtung (Thin Dense Chromium) f\u00fcr Korrosionsbest\u00e4ndigkeit und verschlei\u00dffeste Verwendung versehen werden.<\/p>","protected":false},"author":1,"featured_media":1412,"parent":0,"menu_order":0,"comment_status":"closed","ping_status":"closed","template":"","meta":{"footnotes":""},"class_list":["post-1411","page","type-page","status-publish","has-post-thumbnail","hentry"],"_links":{"self":[{"href":"https:\/\/www.xzballbearing.com\/de\/wp-json\/wp\/v2\/pages\/1411"}],"collection":[{"href":"https:\/\/www.xzballbearing.com\/de\/wp-json\/wp\/v2\/pages"}],"about":[{"href":"https:\/\/www.xzballbearing.com\/de\/wp-json\/wp\/v2\/types\/page"}],"author":[{"embeddable":true,"href":"https:\/\/www.xzballbearing.com\/de\/wp-json\/wp\/v2\/users\/1"}],"replies":[{"embeddable":true,"href":"https:\/\/www.xzballbearing.com\/de\/wp-json\/wp\/v2\/comments?post=1411"}],"version-history":[{"count":3,"href":"https:\/\/www.xzballbearing.com\/de\/wp-json\/wp\/v2\/pages\/1411\/revisions"}],"predecessor-version":[{"id":1468,"href":"https:\/\/www.xzballbearing.com\/de\/wp-json\/wp\/v2\/pages\/1411\/revisions\/1468"}],"wp:featuredmedia":[{"embeddable":true,"href":"https:\/\/www.xzballbearing.com\/de\/wp-json\/wp\/v2\/media\/1412"}],"wp:attachment":[{"href":"https:\/\/www.xzballbearing.com\/de\/wp-json\/wp\/v2\/media?parent=1411"}],"curies":[{"name":"wp","href":"https:\/\/api.w.org\/{rel}","templated":true}]}}