{"id":1470,"date":"2022-05-19T15:00:32","date_gmt":"2022-05-19T07:00:32","guid":{"rendered":"http:\/\/xinzhou.bearingshow.net\/?page_id=1470"},"modified":"2022-12-15T16:20:36","modified_gmt":"2022-12-15T08:20:36","slug":"metric-standard","status":"publish","type":"page","link":"https:\/\/www.xzballbearing.com\/de\/metric-standard\/","title":{"rendered":"Metrische Norm"},"content":{"rendered":"<p>Miniaturlager werden manchmal als Instrumentenlager bezeichnet und in so unterschiedlichen Anwendungen wie Kreiseln, Anemometern, Durchflussmessern, Miniaturgetrieben, kleinen Motoren und funkgesteuerten Modellen eingesetzt. Miniatur-Kugellager k\u00f6nnen offen oder abgeschirmt sein, was das Eindringen von Schmutz und das Austreten von Schmiermittel verhindert, sowie ungeflanscht oder geflanscht f\u00fcr eine einfachere Plattenmontage. Einige Optionen f\u00fcr Miniaturkugellager verf\u00fcgen \u00fcber verl\u00e4ngerte Innenringe, um den Einbau bestimmter Verriegelungsvorrichtungen zu erleichtern, wenn eine Presspassung nicht m\u00f6glich ist<div class=\"col-md-4 col-sm-4 col-xs-6  prolist-cat\">\r\n            <a href=\"https:\/\/www.xzballbearing.com\/de\/product\/metric-standard\/\">\r\n                <div class=\"plist\">\r\n                   \r\n                    <div class=\"col-sm-4\">\r\n                        <div class=\"row\">\r\n                            <img decoding=\"async\" src=\"https:\/\/www.xzballbearing.com\/wp-content\/uploads\/2022\/03\/MR128ZZ-7.jpg\" alt=\"Metric Standard\">\r\n                        <\/div>\r\n                    <\/div>\r\n                    <div class=\"col-sm-8\">\r\n                        <div class=\"title-bt\">\r\n                         Metrische Norm\r\n                         <\/div>\r\n                    <\/div>\r\n                <\/div>\r\n            <\/a>\r\n        <\/div><\/p>","protected":false},"excerpt":{"rendered":"<p>Miniature bearings are sometimes referred to as instrument bearings and are used in applications as varied as gyros, anemometers, flow meters, miniature gearboxes, small motors and radio controlled models. Miniature ball bearings can be open or shielded, which helps prevent dirt from entering and lubricant from leaking out, and unflanged or flanged for easier plate [&hellip;]<\/p>","protected":false},"author":1,"featured_media":1742,"parent":0,"menu_order":0,"comment_status":"closed","ping_status":"closed","template":"","meta":{"footnotes":""},"class_list":["post-1470","page","type-page","status-publish","has-post-thumbnail","hentry"],"_links":{"self":[{"href":"https:\/\/www.xzballbearing.com\/de\/wp-json\/wp\/v2\/pages\/1470"}],"collection":[{"href":"https:\/\/www.xzballbearing.com\/de\/wp-json\/wp\/v2\/pages"}],"about":[{"href":"https:\/\/www.xzballbearing.com\/de\/wp-json\/wp\/v2\/types\/page"}],"author":[{"embeddable":true,"href":"https:\/\/www.xzballbearing.com\/de\/wp-json\/wp\/v2\/users\/1"}],"replies":[{"embeddable":true,"href":"https:\/\/www.xzballbearing.com\/de\/wp-json\/wp\/v2\/comments?post=1470"}],"version-history":[{"count":2,"href":"https:\/\/www.xzballbearing.com\/de\/wp-json\/wp\/v2\/pages\/1470\/revisions"}],"predecessor-version":[{"id":1741,"href":"https:\/\/www.xzballbearing.com\/de\/wp-json\/wp\/v2\/pages\/1470\/revisions\/1741"}],"wp:featuredmedia":[{"embeddable":true,"href":"https:\/\/www.xzballbearing.com\/de\/wp-json\/wp\/v2\/media\/1742"}],"wp:attachment":[{"href":"https:\/\/www.xzballbearing.com\/de\/wp-json\/wp\/v2\/media?parent=1470"}],"curies":[{"name":"wp","href":"https:\/\/api.w.org\/{rel}","templated":true}]}}