{"id":280,"date":"2022-03-10T11:02:24","date_gmt":"2022-03-10T03:02:24","guid":{"rendered":"http:\/\/xinzhou.bearingshow.net\/?page_id=280"},"modified":"2024-08-29T16:43:08","modified_gmt":"2024-08-29T08:43:08","slug":"applications","status":"publish","type":"page","link":"https:\/\/www.xzballbearing.com\/de\/applications\/","title":{"rendered":"Branchen und Anwendungen"},"content":{"rendered":"<p>XINZHOU\u00ae Bearing bietet Lagerprodukte f\u00fcr jede Art von Kunden in einer Vielzahl von industriellen Anwendungen. Und ganz gleich, in welcher Branche Sie t\u00e4tig sind, wir bieten umfassende L\u00f6sungen \u2013 von Produktschulungen \u00fcber Vertriebsunterst\u00fctzung bis hin zu technischen Ressourcen \u2013, die Ihnen dabei helfen, das Beste aus Ihren Xinzhou Bearing-Produkten herauszuholen.<\/p>\n<p>Eine unvollst\u00e4ndige Liste der Anwendungen, in denen Xinzhou Bearing \u00fcber umfassende Erfahrung bei der Bereitstellung kosteng\u00fcnstiger L\u00f6sungen verf\u00fcgt, umfasst:<\/p>\n<p><div class=\"col-md-4 col-sm-4 col-xs-12\" >\r\n                        <a class=\"tagged-media\"  href=\"https:\/\/www.xzballbearing.com\/de\/food-beverage-grade-bearings\/\" >\r\n                        <p><font><font>Lebensmittel- und Getr\u00e4nkelager<\/font><\/font><\/p>\r\n                        <div class=\"tagged-media__media\" >\r\n                        <img decoding=\"async\" src=\"https:\/\/www.xzballbearing.com\/wp-content\/uploads\/2022\/04\/OIP-C.jpg\" alt=\"Food & Beverage Grade Bearings\">\r\n                        <\/div>\r\n                        <div class=\"tagged-media__footers\" >\r\n                        <p>Lebensmittel- und Getr\u00e4nkeverarbeiter stehen unter dem Druck, Lebensmittel sicherer, hygienischer und ges\u00fcnder zu machen. Gleichzeitig m\u00fcssen sie die Wartungskosten kontrollieren und ihren\u00a0\u00a0laufenden\u00a0\u00a0\u00a0\u00a0Betrieb verbessern. XINZHOU Bearing arbeitet mit einer Vielzahl von Stilen und Materialien, um sicherzustellen, dass Ihre Teile den extremen Bedingungen und spezifischen beh\u00f6rdlichen Anforderungen standhalten, die f\u00fcr die Lebensmittelproduktion erforderlich sind. [show-page id=\"795\"][show-page id=\"800\"][show-page id=\"804\"]<\/p>\r\n                        <\/div>\r\n                        <\/a>\r\n                    <\/div><div class=\"col-md-4 col-sm-4 col-xs-12\" >\r\n                        <a class=\"tagged-media\"  href=\"https:\/\/www.xzballbearing.com\/de\/robotics-bearings\/\" >\r\n                        <p><font><font>Robotik-Lager<\/font><\/font><\/p>\r\n                        <div class=\"tagged-media__media\" >\r\n                        <img decoding=\"async\" src=\"https:\/\/www.xzballbearing.com\/wp-content\/uploads\/2022\/04\/OIP-C-5-1.jpg\" alt=\"Robotics Bearings\">\r\n                        <\/div>\r\n                        <div class=\"tagged-media__footers\" >\r\n                        <p>Die in Roboteranwendungen verwendeten Lager m\u00fcssen hochpr\u00e4zise Bl\u00e4tter mit guter Drehgenauigkeit und Zuverl\u00e4ssigkeit sein. Erstklassige Lagerversorgung erm\u00f6glicht es diesen Roboterger\u00e4ten, reibungslos und effizient zu arbeiten, damit Ihr Betrieb weiterhin erfolgreich ist. Wir\uff0c\u00a0XINZHOU Bearing hat die richtige Lagerl\u00f6sung f\u00fcr Sie, sei es ein Basislager f\u00fcr einen Roboterarm oder ein Lager, das in einem Robotergelenkarm verwendet wird. [show-page id=\"855\"][show-page id=\"861\"][show-page id=\"866\"]<\/p>\r\n                        <\/div>\r\n                        <\/a>\r\n                    <\/div><div class=\"col-md-4 col-sm-4 col-xs-12\" >\r\n                        <a class=\"tagged-media\"  href=\"https:\/\/www.xzballbearing.com\/de\/high-temperature-bearings\/\" >\r\n                        <p><font><font>Lager f\u00fcr hohe Temperaturen<\/font><\/font><\/p>\r\n                        <div class=\"tagged-media__media\" >\r\n                        <img decoding=\"async\" src=\"https:\/\/www.xzballbearing.com\/wp-content\/uploads\/2022\/04\/OIP-C-1.jpg\" alt=\"High Temperature Bearings\">\r\n                        <\/div>\r\n                        <div class=\"tagged-media__footers\" >\r\n                        <p>XINZHOU-Hochtemperaturlager und -lagereinheiten sind so konzipiert, dass sie bei Betriebstemperaturen von bis zu 1100 \u00b0C (2000 \u00b0F) eine erh\u00f6hte Zuverl\u00e4ssigkeit, geringere Komplexit\u00e4t und geringere Umweltbelastung bieten, wodurch sich diese Produkte sehr gut f\u00fcr Anwendungen in Ofenwagen, Rollenherd\u00f6fen und B\u00e4ckereien eignen und Industrie\u00f6fen, Glash\u00fctten, F\u00f6rderb\u00e4nder ... \u00fcberall dort, wo die Temperaturen zu hoch sind, um den Einsatz von \u00d6len oder Fetten zuzulassen. Lagerl\u00f6sungen f\u00fcr die Hochtemperaturindustrie [show-page id=\"1077\"][show-page id=\"1080\"][show-page id=\"1083\"] Anwendungen und Kunden Alle Lager haben Temperaturgrenzen. \u00dcblicherweise wird das Material ab einer bestimmten Temperatur schw\u00e4cher und das Lager kann keine nennenswerte Belastung oder Drehzahl mehr aufnehmen. Bei Verwendung eines geeigneten Schmiermittels k\u00f6nnen Chromstahllager Temperaturen bis zu 150 \u00b0C standhalten, w\u00e4hrend Lager aus 440er Edelstahl bis zu Temperaturen von 300 \u00b0C und Vollkeramiklager bis zu Temperaturen von 1000 \u00b0C verwendet werden k\u00f6nnen . Diese Lager sind ma\u00dfgeschneidert f\u00fcr den Einsatz in Anwendungen wie: \u21d2Waffelback\u00f6fen in der Lebensmittel- und Getr\u00e4nkeindustrie \u21d2Industrie\u00f6fen \u21d2Ketten \u21d2Keramikindustrie \u21d2Glash\u00fctten \u21d2F\u00f6rderb\u00e4nder \u21d2Trocknern \u21d2\u00d6fen und Ofenwagen \u21d2Heizern \u21d2Ru\u00dfbl\u00e4sern \u21d2\u00d6lkanonen \u21d2Gipsplatten \u21d2Furniertrockner<\/p>\r\n                        <\/div>\r\n                        <\/a>\r\n                    <\/div><div class=\"col-md-4 col-sm-4 col-xs-12\" >\r\n                        <a class=\"tagged-media\"  href=\"https:\/\/www.xzballbearing.com\/de\/bearings-for-medical-industry\/\" >\r\n                        <p><font><font>Lager f\u00fcr die medizinische Industrie<\/font><\/font><\/p>\r\n                        <div class=\"tagged-media__media\" >\r\n                        <img decoding=\"async\" src=\"https:\/\/www.xzballbearing.com\/wp-content\/uploads\/2022\/04\/AdobeStock_269860798.jpeg\" alt=\"Bearings For Medical Industry\">\r\n                        <\/div>\r\n                        <div class=\"tagged-media__footers\" >\r\n                        <p>Um einen besseren Rostschutzeffekt zu erzielen, verwenden wir Edelstahl AISI440C\/AISI304\/AISI316, und einige hochklassige Kunden verwenden gerne Vollkeramik wie Zirkonoxidkeramik und Siliziumnitridkeramik. Die medizinische Industrie hat eine h\u00f6here Genauigkeitsanforderung an Lager, daher bieten wir ABEC-5-Level-Lager an, manchmal k\u00f6nnen wir sogar ein h\u00f6heres ABEC-7-Level erreichen. [show-page id=\"871\"][show-page id=\"875\"]<\/p>\r\n                        <\/div>\r\n                        <\/a>\r\n                    <\/div><div class=\"col-md-4 col-sm-4 col-xs-12\" >\r\n                        <a class=\"tagged-media\"  href=\"https:\/\/www.xzballbearing.com\/de\/automotive-bearings\/\" >\r\n                        <p><font><font>Automobillager<\/font><\/font><\/p>\r\n                        <div class=\"tagged-media__media\" >\r\n                        <img decoding=\"async\" src=\"https:\/\/www.xzballbearing.com\/wp-content\/uploads\/2022\/04\/\u4e0b\u8f7d-1.jpg\" alt=\"Automotive Bearings\">\r\n                        <\/div>\r\n                        <div class=\"tagged-media__footers\" >\r\n                        <p>&nbsp; The Automotive OEM\u2019s produce millions of vehicles per year worldwide. Each of these vehicles has multiple internal components that use bearings for efficient motion. We, XINZHOU Bearing\u2019s Automotive Engineering Team has very long experiences working with top OEM \u00a0manufactures, \u00a0and can work with you to determine the best bearing solution for your applications. &nbsp; &nbsp; &nbsp; &nbsp; Related Products\uff1a &nbsp;<\/p>\r\n                        <\/div>\r\n                        <\/a>\r\n                    <\/div><div class=\"col-md-4 col-sm-4 col-xs-12\" >\r\n                        <a class=\"tagged-media\"  href=\"https:\/\/www.xzballbearing.com\/de\/skateboard-bearings\/\" >\r\n                        <p><font><font>Skateboard-Lager<\/font><\/font><\/p>\r\n                        <div class=\"tagged-media__media\" >\r\n                        <img decoding=\"async\" src=\"https:\/\/www.xzballbearing.com\/wp-content\/uploads\/2022\/04\/R-C-2.jpg\" alt=\"Skateboard Bearings\">\r\n                        <\/div>\r\n                        <div class=\"tagged-media__footers\" >\r\n                        <p>Im Allgemeinen ist 608zz (8 x 22 x 7 mm) in der Skateboardindustrie das beliebteste und am weitesten verbreitete Lager. Eine gro\u00dfe Mehrheit der Kunden wird diese Spezifikation w\u00e4hlen, w\u00e4hrend einige auch andere Gr\u00f6\u00dfen verwenden k\u00f6nnen, einschlie\u00dflich 6000ZZ (10 x 26 x 8 mm); 6900zz (10 x 22 x 6 mm); 627zz (7 x 22 x 7 mm); 688zz (8 x 16 x 5 mm).<\/p>\r\n                        <\/div>\r\n                        <\/a>\r\n                    <\/div><div class=\"col-md-4 col-sm-4 col-xs-12\" >\r\n                        <a class=\"tagged-media\"  href=\"https:\/\/www.xzballbearing.com\/de\/application-solutions\/bearings-for-extreme-temperature\/\" >\r\n                        <p><font><font>Lager f\u00fcr extreme Temperaturen<\/font><\/font><\/p>\r\n                        <div class=\"tagged-media__media\" >\r\n                        <img decoding=\"async\" src=\"https:\/\/www.xzballbearing.com\/wp-content\/uploads\/2022\/05\/\u5fae\u4fe1\u56fe\u7247_20220519104400.jpg\" alt=\"Bearings for Extreme Temperature\">\r\n                        <\/div>\r\n                        <div class=\"tagged-media__footers\" >\r\n                        <p>Im Allgemeinen XINZHOU-Lager f\u00fcr extreme Temperaturen: Fl\u00fcssigsauerstoffpumpen, \u00d6fen und Metallverarbeitungsanlagen. \u00dcblicherweise k\u00f6nnen bei Kugellagern und W\u00e4lzlagern die Umgebungen bearbeitet werden. Und diese Lager sind kundenspezifisch mit SS440C-Ringen, Keramikkugeln oder auch mit WS2-Beschichtung erh\u00e4ltlich. &nbsp;<\/p>\r\n                        <\/div>\r\n                        <\/a>\r\n                    <\/div><div class=\"col-md-4 col-sm-4 col-xs-12\" >\r\n                        <a class=\"tagged-media\"  href=\"https:\/\/www.xzballbearing.com\/de\/application-solutions\/bearings-for-high-speed-industry\/\" >\r\n                        <p><font><font>Lager f\u00fcr die Hochgeschwindigkeitsindustrie<\/font><\/font><\/p>\r\n                        <div class=\"tagged-media__media\" >\r\n                        <img decoding=\"async\" src=\"https:\/\/www.xzballbearing.com\/wp-content\/uploads\/2022\/05\/simotics-hv-high-speed-synchron.jpg\" alt=\"Bearings for High Speed Industry\">\r\n                        <\/div>\r\n                        <div class=\"tagged-media__footers\" >\r\n                        <p>The selection and application of bearings in high-speed industrial applications requires comprehensive consideration of multiple factors, including bearing type, material, structure, lubrication method and matching method, to ensure stable operation and long-term reliability under high speed, high load and high precision requirements. The application of XZBRG angular contact ball bearings in precision machining equipment not only covers supporting high-speed spindles and precise positioning needs but also meets high-load and high-precision requirements under complex operating conditions. Generally, XINZHOU high speed bearing use in machine tool spindles, turbocharges, hard disk drive spindles, dental handpieces, textile equipment spindles, air driven tools. High speed bearings are usually high precision angular contact ball bearings with ceramic balls and miniature hybrid ceramic bearings, all bearings with ABEC5 ABEC7 ABEC9 precision. &nbsp; [show-page id=\"1448\"][show-page id=\"1452\"][show-page id=\"855\"]<\/p>\r\n                        <\/div>\r\n                        <\/a>\r\n                    <\/div><div class=\"col-md-4 col-sm-4 col-xs-12\" >\r\n                        <a class=\"tagged-media\"  href=\"https:\/\/www.xzballbearing.com\/de\/bearings-for-corrosion-resistance\/\" >\r\n                        <p><font><font>Lager f\u00fcr Korrosionsbest\u00e4ndigkeit<\/font><\/font><\/p>\r\n                        <div class=\"tagged-media__media\" >\r\n                        <img decoding=\"async\" src=\"https:\/\/www.xzballbearing.com\/wp-content\/uploads\/2022\/05\/\u5fae\u4fe1\u56fe\u7247_20220519104637.jpg\" alt=\"Bearings for Corrosion Resistance\">\r\n                        <\/div>\r\n                        <div class=\"tagged-media__footers\" >\r\n                        <p>XINZHOU-Lager f\u00fcr Fahrradr\u00e4der und -komponenten, Halbleiterverarbeitungsger\u00e4te, zahn\u00e4rztliche und chirurgische Handst\u00fccke, chemische Verarbeitungsger\u00e4te, Lebensmittelverarbeitungsger\u00e4te, Filmherstellungsmaschinen. Diese Lager k\u00f6nnen auch mit TDC-Beschichtung (Thin Dense Chromium) f\u00fcr Korrosionsbest\u00e4ndigkeit und verschlei\u00dffeste Verwendung versehen werden.<\/p>\r\n                        <\/div>\r\n                        <\/a>\r\n                    <\/div><div class=\"col-md-4 col-sm-4 col-xs-12\" >\r\n                        <a class=\"tagged-media\"  href=\"https:\/\/www.xzballbearing.com\/de\/application-solutions\/agricultural-machinery-bearing\/\" >\r\n                        <p><font><font>Agricultural Machinery Bearing<\/font><\/font><\/p>\r\n                        <div class=\"tagged-media__media\" >\r\n                        <img decoding=\"async\" src=\"https:\/\/www.xzballbearing.com\/wp-content\/uploads\/2024\/08\/\u519c\u4e1a\u673a\u68b0.png\" alt=\"Agricultural Machinery Bearing\">\r\n                        <\/div>\r\n                        <div class=\"tagged-media__footers\" >\r\n                        <p>Bearings are widely used in agricultural machinery, covering a variety of types and configurations to meet the specific needs of agricultural production. \u200c There are many types of bearings used in agricultural machinery, including housing bearings, tapered roller bearings, angular contact ball bearings and units, deep groove ball bearings, spherical roller bearings, spherical plain bearings, and some bearings designed specifically for agricultural machinery. The application of these bearings covers many aspects such as tillage and sowing machinery and harvesting machinery. The bearing applications in agricultural machinery are not only diverse, but also designed to take into account the particularities of the agricultural production environment to ensure efficient and reliable operation while keeping maintenance costs low\u200c. &nbsp; Related Products:<\/p>\r\n                        <\/div>\r\n                        <\/a>\r\n                    <\/div><div class=\"col-md-4 col-sm-4 col-xs-12\" >\r\n                        <a class=\"tagged-media\"  href=\"https:\/\/www.xzballbearing.com\/de\/heavy-machinery\/\" >\r\n                        <p><font><font>Heavy Machinery<\/font><\/font><\/p>\r\n                        <div class=\"tagged-media__media\" >\r\n                        <img decoding=\"async\" src=\"https:\/\/www.xzballbearing.com\/wp-content\/uploads\/2024\/08\/\u91cd\u578b\u673a\u68b0.png\" alt=\"Heavy Machinery\">\r\n                        <\/div>\r\n                        <div class=\"tagged-media__footers\" >\r\n                        <p>The application of bearings in heavy machinery and equipment is mainly reflected in their ability to withstand great pressure, friction and heat to ensure the stable operation of machinery and equipment. The use of bearings in large-scale machinery and equipment first requires that the bearings have sufficient hardness to ensure that the machinery and equipment have sufficient stability during operation. In addition, the bearings also need to have high wear resistance. By adding lubricating oil, cost expenditure can be reduced and service life can be increased. When running at high speed, good bearings can adapt to high-temperature working environments, provide an extra layer of protection for the stable operation of machinery and equipment, and further maximize the use value of the equipment. &nbsp; &nbsp; Related Products:<\/p>\r\n                        <\/div>\r\n                        <\/a>\r\n                    <\/div> <div class=\"col-md-4 col-sm-4 col-xs-12\" >\r\n                        <a class=\"tagged-media\"  href=\"https:\/\/www.xzballbearing.com\/de\/excavator-bearing\/\" >\r\n                        <p><font><font>Excavator Bearing<\/font><\/font><\/p>\r\n                        <div class=\"tagged-media__media\" >\r\n                        <img decoding=\"async\" src=\"https:\/\/www.xzballbearing.com\/wp-content\/uploads\/2024\/08\/\u6316\u6398\u673a\u8f74\u627f.png\" alt=\"Excavator Bearing\">\r\n                        <\/div>\r\n                        <div class=\"tagged-media__footers\" >\r\n                        <p>Ball bearings are widely used in excavators.As a heavy-duty mechanical equipment, the working principle and structure of the excavator determine the importance and complexity of bearings. The main moving parts of the excavator, such as the swing arm, bucket and travel mechanism, all require bearings to support and guide. These bearings not only need to withstand huge loads, but also need to operate for a long time in harsh working environments, so there are high requirements for the durability and reliability of the bearings. &nbsp; &nbsp; Related Products:<\/p>\r\n                        <\/div>\r\n                        <\/a>\r\n                    <\/div> <div class=\"col-md-4 col-sm-4 col-xs-12\" >\r\n                        <a class=\"tagged-media\"  href=\"https:\/\/www.xzballbearing.com\/de\/application-solutions\/aerospace-and-aviation-field\/\" >\r\n                        <p><font><font>Aerospace and Aviation Field<\/font><\/font><\/p>\r\n                        <div class=\"tagged-media__media\" >\r\n                        <img decoding=\"async\" src=\"https:\/\/www.xzballbearing.com\/wp-content\/uploads\/2024\/08\/\u822a\u5929\u9886\u57df.png\" alt=\"Aerospace and Aviation Field\">\r\n                        <\/div>\r\n                        <div class=\"tagged-media__footers\" >\r\n                        <p>The application of bearings in the aerospace field is first reflected in high-speed rotating parts, such as turbines, engines, steering gears, propellers, etc. of aircraft, rockets, and satellites. These parts have extremely high requirements for bearings and need to be able to withstand extremely high speeds and loads. Bearings ensure the stable operation of these parts with their excellent performance. For example, ceramic bearings are widely used in these high-speed rotating parts due to their lightweight characteristics and excellent performance. &nbsp; &nbsp; Related Products\uff1a<\/p>\r\n                        <\/div>\r\n                        <\/a>\r\n                    <\/div><\/p>","protected":false},"excerpt":{"rendered":"<p>XINZHOU\u00ae Bearing provides bearing products for every kind of customer, across a wide variety of industrial applications. And no matter what industry you serve, we offer comprehensive solutions\u2014from product training to sales support to engineering resources\u2014that help you get the most out of your Xinzhou Bearing products. A partial list of the applications in which [&hellip;]<\/p>","protected":false},"author":1,"featured_media":0,"parent":0,"menu_order":0,"comment_status":"closed","ping_status":"closed","template":"","meta":{"footnotes":""},"class_list":["post-280","page","type-page","status-publish","hentry"],"_links":{"self":[{"href":"https:\/\/www.xzballbearing.com\/de\/wp-json\/wp\/v2\/pages\/280"}],"collection":[{"href":"https:\/\/www.xzballbearing.com\/de\/wp-json\/wp\/v2\/pages"}],"about":[{"href":"https:\/\/www.xzballbearing.com\/de\/wp-json\/wp\/v2\/types\/page"}],"author":[{"embeddable":true,"href":"https:\/\/www.xzballbearing.com\/de\/wp-json\/wp\/v2\/users\/1"}],"replies":[{"embeddable":true,"href":"https:\/\/www.xzballbearing.com\/de\/wp-json\/wp\/v2\/comments?post=280"}],"version-history":[{"count":27,"href":"https:\/\/www.xzballbearing.com\/de\/wp-json\/wp\/v2\/pages\/280\/revisions"}],"predecessor-version":[{"id":5285,"href":"https:\/\/www.xzballbearing.com\/de\/wp-json\/wp\/v2\/pages\/280\/revisions\/5285"}],"wp:attachment":[{"href":"https:\/\/www.xzballbearing.com\/de\/wp-json\/wp\/v2\/media?parent=280"}],"curies":[{"name":"wp","href":"https:\/\/api.w.org\/{rel}","templated":true}]}}