{"id":773,"date":"2022-04-02T14:52:38","date_gmt":"2022-04-02T06:52:38","guid":{"rendered":"http:\/\/xinzhou.bearingshow.net\/?page_id=773"},"modified":"2022-04-19T09:35:35","modified_gmt":"2022-04-19T01:35:35","slug":"food-beverage-grade-bearings","status":"publish","type":"page","link":"https:\/\/www.xzballbearing.com\/de\/food-beverage-grade-bearings\/","title":{"rendered":"Lebensmittel- und Getr\u00e4nkelager"},"content":{"rendered":"<p>Lebensmittel- und Getr\u00e4nkeverarbeiter stehen unter dem Druck, Lebensmittel sicherer, hygienischer und ges\u00fcnder zu machen. Gleichzeitig m\u00fcssen sie die Wartungskosten kontrollieren und ihren\u00a0\u00a0laufenden\u00a0\u00a0\u00a0\u00a0Betrieb verbessern. XINZHOU Bearing arbeitet mit einer Vielzahl von Stilen und Materialien, um sicherzustellen, dass Ihre Teile den extremen Bedingungen und spezifischen beh\u00f6rdlichen Anforderungen standhalten, die f\u00fcr die Lebensmittelproduktion erforderlich sind.<\/p>\r\n<p><div class=\"col-md-4 col-sm-4 col-xs-12\" >\r\n                        <a class=\"tagged-media\"  href=\"https:\/\/www.xzballbearing.com\/de\/bearing-solutions-for-the-food-and-beverage-industry\/\" >\r\n                        <p><font><font>Greases<\/font><\/font><\/p>\r\n                        <div class=\"tagged-media__media\" >\r\n                        <img decoding=\"async\" src=\"https:\/\/www.xzballbearing.com\/wp-content\/uploads\/2022\/04\/food01.jpg\" alt=\"Greases\">\r\n                        <\/div>\r\n                        <div class=\"tagged-media__footers\" >\r\n                        <p>Several of our lubricants are specifically used for the food industry including USDA H1 and H2 lubricants. These special bearing lubricants conform to Food and Drug Administration (FDA) CFR Title 21 and have been approved and registered by the National Sanitation Foundation (NSF).<\/p>\r\n                        <\/div>\r\n                        <\/a>\r\n                    <\/div><div class=\"col-md-4 col-sm-4 col-xs-12\" >\r\n                        <a class=\"tagged-media\"  href=\"https:\/\/www.xzballbearing.com\/de\/stainless-steel-bearings\/\" >\r\n                        <p><font><font>Edelstahllager<\/font><\/font><\/p>\r\n                        <div class=\"tagged-media__media\" >\r\n                        <img decoding=\"async\" src=\"https:\/\/www.xzballbearing.com\/wp-content\/uploads\/2022\/05\/\u5fae\u4fe1\u56fe\u7247_20220519120813.jpg\" alt=\"Stainless Steel Bearings\">\r\n                        <\/div>\r\n                        <div class=\"tagged-media__footers\" >\r\n                        <p>Unsere Edelstahllager werden h\u00e4ufig in Anwendungen der Lebensmittel- und Getr\u00e4nkeindustrie eingesetzt. Diese Lager m\u00fcssen h\u00e4ufig mit regelm\u00e4\u00dfigen Reinigungen, Dampfreinigung, Verschmutzung, m\u00f6glicherweise hohen Temperaturen, Fl\u00fcssigkeiten und anderen korrosiven Materialien fertig werden.<\/p>\r\n                        <\/div>\r\n                        <\/a>\r\n                    <\/div><div class=\"col-md-4 col-sm-4 col-xs-12\" >\r\n                        <a class=\"tagged-media\"  href=\"https:\/\/www.xzballbearing.com\/de\/ceramic-bearings\/\" >\r\n                        <p><font><font>Keramiklager<\/font><\/font><\/p>\r\n                        <div class=\"tagged-media__media\" >\r\n                        <img decoding=\"async\" src=\"https:\/\/www.xzballbearing.com\/wp-content\/uploads\/2022\/05\/\u5fae\u4fe1\u56fe\u7247_20220519121835.png\" alt=\"Ceramic Bearings\">\r\n                        <\/div>\r\n                        <div class=\"tagged-media__footers\" >\r\n                        <p>Ceramic - A special material that is more corrosive resistant, longer lasting than stainless steel bearing material.<\/p>\r\n                        <\/div>\r\n                        <\/a>\r\n                    <\/div><\/p>","protected":false},"excerpt":{"rendered":"<p>Lebensmittel- und Getr\u00e4nkeverarbeiter stehen unter dem Druck, Lebensmittel sicherer, hygienischer und ges\u00fcnder zu machen. Gleichzeitig m\u00fcssen sie die Wartungskosten kontrollieren und ihren\u00a0\u00a0laufenden\u00a0\u00a0\u00a0\u00a0Betrieb verbessern. XINZHOU Bearing arbeitet mit einer Vielzahl von Stilen und Materialien, um sicherzustellen, dass Ihre Teile den extremen Bedingungen und spezifischen beh\u00f6rdlichen Anforderungen standhalten, die f\u00fcr die Lebensmittelproduktion erforderlich sind.<\/p>","protected":false},"author":1,"featured_media":927,"parent":0,"menu_order":0,"comment_status":"closed","ping_status":"closed","template":"","meta":{"footnotes":""},"class_list":["post-773","page","type-page","status-publish","has-post-thumbnail","hentry"],"_links":{"self":[{"href":"https:\/\/www.xzballbearing.com\/de\/wp-json\/wp\/v2\/pages\/773"}],"collection":[{"href":"https:\/\/www.xzballbearing.com\/de\/wp-json\/wp\/v2\/pages"}],"about":[{"href":"https:\/\/www.xzballbearing.com\/de\/wp-json\/wp\/v2\/types\/page"}],"author":[{"embeddable":true,"href":"https:\/\/www.xzballbearing.com\/de\/wp-json\/wp\/v2\/users\/1"}],"replies":[{"embeddable":true,"href":"https:\/\/www.xzballbearing.com\/de\/wp-json\/wp\/v2\/comments?post=773"}],"version-history":[{"count":7,"href":"https:\/\/www.xzballbearing.com\/de\/wp-json\/wp\/v2\/pages\/773\/revisions"}],"predecessor-version":[{"id":792,"href":"https:\/\/www.xzballbearing.com\/de\/wp-json\/wp\/v2\/pages\/773\/revisions\/792"}],"wp:featuredmedia":[{"embeddable":true,"href":"https:\/\/www.xzballbearing.com\/de\/wp-json\/wp\/v2\/media\/927"}],"wp:attachment":[{"href":"https:\/\/www.xzballbearing.com\/de\/wp-json\/wp\/v2\/media?parent=773"}],"curies":[{"name":"wp","href":"https:\/\/api.w.org\/{rel}","templated":true}]}}