{"id":786,"date":"2022-04-02T15:16:21","date_gmt":"2022-04-02T07:16:21","guid":{"rendered":"http:\/\/xinzhou.bearingshow.net\/?page_id=786"},"modified":"2022-04-19T09:36:54","modified_gmt":"2022-04-19T01:36:54","slug":"robotics-bearings","status":"publish","type":"page","link":"https:\/\/www.xzballbearing.com\/de\/robotics-bearings\/","title":{"rendered":"Robotik-Lager"},"content":{"rendered":"<p>Die in Roboteranwendungen verwendeten Lager m\u00fcssen hochpr\u00e4zise Bl\u00e4tter mit guter Drehgenauigkeit und Zuverl\u00e4ssigkeit sein. Erstklassige Lagerversorgung erm\u00f6glicht es diesen Roboterger\u00e4ten, reibungslos und effizient zu arbeiten, damit Ihr Betrieb weiterhin erfolgreich ist. Wir\uff0c\u00a0XINZHOU Bearing hat die richtige Lagerl\u00f6sung f\u00fcr Sie, sei es ein Basislager f\u00fcr einen Roboterarm oder ein Lager, das in einem Robotergelenkarm verwendet wird.<\/p>\n<p><div class=\"col-md-4 col-sm-4 col-xs-12\" >\r\n                        <a class=\"tagged-media\"  href=\"https:\/\/www.xzballbearing.com\/de\/thin-section-bearings-3\/\" >\r\n                        <p><font><font>D\u00fcnnringlager<\/font><\/font><\/p>\r\n                        <div class=\"tagged-media__media\" >\r\n                        <img decoding=\"async\" src=\"https:\/\/www.xzballbearing.com\/wp-content\/uploads\/2022\/04\/robo1.jpg\" alt=\"Thin Section Bearings\">\r\n                        <\/div>\r\n                        <div class=\"tagged-media__footers\" >\r\n                        <p>With sizes ranging from miniature to extra-large, are generally the go-to bearing choice for the majority of robotic and automation applications. Thin section bearings are often designed into robot arm joints due to their low mass, space-saving construction and high-speed capability.<\/p>\r\n                        <\/div>\r\n                        <\/a>\r\n                    <\/div><div class=\"col-md-4 col-sm-4 col-xs-12\" >\r\n                        <a class=\"tagged-media\"  href=\"https:\/\/www.xzballbearing.com\/de\/crossed-roller-bearings-2\/\" >\r\n                        <p><font><font>Kreuzrollenlager<\/font><\/font><\/p>\r\n                        <div class=\"tagged-media__media\" >\r\n                        <img decoding=\"async\" src=\"https:\/\/www.xzballbearing.com\/wp-content\/uploads\/2022\/04\/robo3-1.jpg\" alt=\"Crossed Roller Bearings\">\r\n                        <\/div>\r\n                        <div class=\"tagged-media__footers\" >\r\n                        <p>Die Kreuzrollenlager-Serie umfasst die ersten kleinformatigen Drehtischlager mit d\u00fcnnem Querschnitt, die f\u00fcr anspruchsvolle Anwendungen, einschlie\u00dflich Robotik, entwickelt wurden. Drehtischlager der Kreuzrollenlager-Serie sparen Gewicht, reduzieren die Abmessungen des Produktdesigns und erh\u00f6hen die Designflexibilit\u00e4t. Kreuzrollenlager bieten erhebliche Vorteile gegen\u00fcber herk\u00f6mmlichen Drehkranzlagern, darunter kleinere Abmessungen, verbesserte Genauigkeit und schneller Einbau und Austausch.<\/p>\r\n                        <\/div>\r\n                        <\/a>\r\n                    <\/div><div class=\"col-md-4 col-sm-4 col-xs-12\" >\r\n                        <a class=\"tagged-media\"  href=\"https:\/\/www.xzballbearing.com\/de\/slewing-ring-bearings\/\" >\r\n                        <p><font><font>Drehkranzlager<\/font><\/font><\/p>\r\n                        <div class=\"tagged-media__media\" >\r\n                        <img decoding=\"async\" src=\"https:\/\/www.xzballbearing.com\/wp-content\/uploads\/2022\/04\/robo4.jpg\" alt=\"Slewing Ring Bearings\">\r\n                        <\/div>\r\n                        <div class=\"tagged-media__footers\" >\r\n                        <p>Drehkranzlager werden \u00fcblicherweise f\u00fcr die erste Achse eines sechsachsigen Roboters verwendet, die manchmal auch als Taille bezeichnet wird und die die gesamte Roboterstruktur, den Arm und die Nutzlast tragen muss. LILY-Drehkranzlager bieten eine hervorragende Rotationsgenauigkeit, Belastbarkeit und lange Lebensdauer mit integrierten Konfigurationen (Befestigungsbolzenl\u00f6cher, Dichtungen, Getriebe usw.), die zu erheblichen Einsparungen bei Material und Montage f\u00fchren k\u00f6nnen.<\/p>\r\n                        <\/div>\r\n                        <\/a>\r\n                    <\/div><\/p>","protected":false},"excerpt":{"rendered":"<p>The bearings used in robotic applications must be very\u00a0\u00a0high precision leavel\u00a0with good rotational accuracy and reliability. \u00a0Premier bearing supplying\u00a0allow these robotics devices to operate smoothly and efficiently so that your operation can continue to succeed.\u00a0\u00a0We\uff0c\u00a0XINZHOU Bearing has the right bearing solution for you, whether that be a robotic arm base bearing or a bearing used [&hellip;]<\/p>","protected":false},"author":1,"featured_media":943,"parent":0,"menu_order":0,"comment_status":"closed","ping_status":"closed","template":"","meta":{"footnotes":""},"class_list":["post-786","page","type-page","status-publish","has-post-thumbnail","hentry"],"_links":{"self":[{"href":"https:\/\/www.xzballbearing.com\/de\/wp-json\/wp\/v2\/pages\/786"}],"collection":[{"href":"https:\/\/www.xzballbearing.com\/de\/wp-json\/wp\/v2\/pages"}],"about":[{"href":"https:\/\/www.xzballbearing.com\/de\/wp-json\/wp\/v2\/types\/page"}],"author":[{"embeddable":true,"href":"https:\/\/www.xzballbearing.com\/de\/wp-json\/wp\/v2\/users\/1"}],"replies":[{"embeddable":true,"href":"https:\/\/www.xzballbearing.com\/de\/wp-json\/wp\/v2\/comments?post=786"}],"version-history":[{"count":7,"href":"https:\/\/www.xzballbearing.com\/de\/wp-json\/wp\/v2\/pages\/786\/revisions"}],"predecessor-version":[{"id":1068,"href":"https:\/\/www.xzballbearing.com\/de\/wp-json\/wp\/v2\/pages\/786\/revisions\/1068"}],"wp:featuredmedia":[{"embeddable":true,"href":"https:\/\/www.xzballbearing.com\/de\/wp-json\/wp\/v2\/media\/943"}],"wp:attachment":[{"href":"https:\/\/www.xzballbearing.com\/de\/wp-json\/wp\/v2\/media?parent=786"}],"curies":[{"name":"wp","href":"https:\/\/api.w.org\/{rel}","templated":true}]}}