{"id":800,"date":"2022-04-02T15:57:42","date_gmt":"2022-04-02T07:57:42","guid":{"rendered":"http:\/\/xinzhou.bearingshow.net\/?page_id=800"},"modified":"2022-05-19T12:09:21","modified_gmt":"2022-05-19T04:09:21","slug":"stainless-steel-bearings","status":"publish","type":"page","link":"https:\/\/www.xzballbearing.com\/de\/stainless-steel-bearings\/","title":{"rendered":"Edelstahllager"},"content":{"rendered":"<p>Unsere Edelstahllager werden h\u00e4ufig in Anwendungen der Lebensmittel- und Getr\u00e4nkeindustrie eingesetzt. Diese Lager m\u00fcssen h\u00e4ufig mit regelm\u00e4\u00dfigen Reinigungen, Dampfreinigung, Verschmutzung, m\u00f6glicherweise hohen Temperaturen, Fl\u00fcssigkeiten und anderen korrosiven Materialien fertig werden.<\/p>\n<div class=\"col-md-4 col-sm-4 col-xs-6  prolist-cat\">\r\n    <a href=\"https:\/\/www.xzballbearing.com\/de\/product-cat\/stainless-steel-ball-bearings\/\">\r\n        <div class=\"plist\">\r\n           \r\n            <div class=\"col-sm-4\">\r\n                <div class=\"row\">\r\n                    <img decoding=\"async\" src=\"https:\/\/www.xzballbearing.com\/wp-content\/uploads\/2022\/03\/Stainless-Steel-Ball-Bearings.jpg\" alt=\"Stainless Steel Ball Bearings\">\r\n                <\/div>\r\n            <\/div>\r\n            <div class=\"col-sm-8\">\r\n                <div class=\"title-bt\">\r\n                 Kugellager aus Edelstahl\r\n                 <\/div>\r\n            <\/div>\r\n        <\/div>\r\n    <\/a>\r\n<\/div><div class=\"col-md-4 col-sm-4 col-xs-6  prolist-cat\">\r\n    <a href=\"https:\/\/www.xzballbearing.com\/de\/product-cat\/stainless-steel-mounted-units\/\">\r\n        <div class=\"plist\">\r\n           \r\n            <div class=\"col-sm-4\">\r\n                <div class=\"row\">\r\n                    <img decoding=\"async\" src=\"https:\/\/www.xzballbearing.com\/wp-content\/uploads\/2022\/03\/Stainless-Steel-Mounted-Units-1.jpg\" alt=\"Stainless Steel Mounted Units\">\r\n                <\/div>\r\n            <\/div>\r\n            <div class=\"col-sm-8\">\r\n                <div class=\"title-bt\">\r\n                 Montierte Einheiten aus Edelstahl\r\n                 <\/div>\r\n            <\/div>\r\n        <\/div>\r\n    <\/a>\r\n<\/div><div class=\"col-md-4 col-sm-4 col-xs-6  prolist-cat\">\r\n    <a href=\"https:\/\/www.xzballbearing.com\/de\/product-cat\/stainless-steel-spherical-plainbearings-and-rod-ends\/\">\r\n        <div class=\"plist\">\r\n           \r\n            <div class=\"col-sm-4\">\r\n                <div class=\"row\">\r\n                    <img decoding=\"async\" src=\"https:\/\/www.xzballbearing.com\/wp-content\/uploads\/2022\/03\/Stainless-Steel-Spherical-Plain-Bearings-and-Rod-Ends.jpg\" alt=\"Stainless Steel Spherical Plainbearings And Rod Ends\">\r\n                <\/div>\r\n            <\/div>\r\n            <div class=\"col-sm-8\">\r\n                <div class=\"title-bt\">\r\n                 Gelenklager und Gelenkk\u00f6pfe aus Edelstahl\r\n                 <\/div>\r\n            <\/div>\r\n        <\/div>\r\n    <\/a>\r\n<\/div><div class=\"col-md-4 col-sm-4 col-xs-6  prolist-cat\">\r\n    <a href=\"https:\/\/www.xzballbearing.com\/de\/product-cat\/stainless-steel-thrust-ball-bearings\/\">\r\n        <div class=\"plist\">\r\n           \r\n            <div class=\"col-sm-4\">\r\n                <div class=\"row\">\r\n                    <img decoding=\"async\" src=\"https:\/\/www.xzballbearing.com\/wp-content\/uploads\/2022\/03\/s51201-4.jpg\" alt=\"Stainless Steel Thrust Ball Bearings\">\r\n                <\/div>\r\n            <\/div>\r\n            <div class=\"col-sm-8\">\r\n                <div class=\"title-bt\">\r\n                 Axialkugellager aus Edelstahl\r\n                 <\/div>\r\n            <\/div>\r\n        <\/div>\r\n    <\/a>\r\n<\/div><div class=\"col-md-4 col-sm-4 col-xs-6  prolist-cat\">\r\n    <a href=\"https:\/\/www.xzballbearing.com\/de\/product-cat\/stainless-steel-cam-followers\/\">\r\n        <div class=\"plist\">\r\n           \r\n            <div class=\"col-sm-4\">\r\n                <div class=\"row\">\r\n                    <img decoding=\"async\" src=\"https:\/\/www.xzballbearing.com\/wp-content\/uploads\/2022\/03\/Stainless-Steel-Cam-Followers.png\" alt=\"Stainless Steel Cam Followers\">\r\n                <\/div>\r\n            <\/div>\r\n            <div class=\"col-sm-8\">\r\n                <div class=\"title-bt\">\r\n                 Kurvenrollen aus Edelstahl\r\n                 <\/div>\r\n            <\/div>\r\n        <\/div>\r\n    <\/a>\r\n<\/div><div class=\"col-md-4 col-sm-4 col-xs-6  prolist-cat\">\r\n    <a href=\"https:\/\/www.xzballbearing.com\/de\/product-cat\/stainless-steel-flanged-ball-bearings\/\">\r\n        <div class=\"plist\">\r\n           \r\n            <div class=\"col-sm-4\">\r\n                <div class=\"row\">\r\n                    <img decoding=\"async\" src=\"https:\/\/www.xzballbearing.com\/wp-content\/uploads\/2022\/03\/Stainless-Steel-Flanged-Ball-Bearings.jpg\" alt=\"Stainless Steel Flanged Ball Bearings\">\r\n                <\/div>\r\n            <\/div>\r\n            <div class=\"col-sm-8\">\r\n                <div class=\"title-bt\">\r\n                 Flanschkugellager aus Edelstahl\r\n                 <\/div>\r\n            <\/div>\r\n        <\/div>\r\n    <\/a>\r\n<\/div>","protected":false},"excerpt":{"rendered":"<p>Unsere Edelstahllager werden h\u00e4ufig in Anwendungen der Lebensmittel- und Getr\u00e4nkeindustrie eingesetzt. Diese Lager m\u00fcssen h\u00e4ufig mit regelm\u00e4\u00dfigen Reinigungen, Dampfreinigung, Verschmutzung, m\u00f6glicherweise hohen Temperaturen, Fl\u00fcssigkeiten und anderen korrosiven Materialien fertig werden.<\/p>","protected":false},"author":1,"featured_media":1435,"parent":0,"menu_order":0,"comment_status":"closed","ping_status":"closed","template":"","meta":{"footnotes":""},"class_list":["post-800","page","type-page","status-publish","has-post-thumbnail","hentry"],"_links":{"self":[{"href":"https:\/\/www.xzballbearing.com\/de\/wp-json\/wp\/v2\/pages\/800"}],"collection":[{"href":"https:\/\/www.xzballbearing.com\/de\/wp-json\/wp\/v2\/pages"}],"about":[{"href":"https:\/\/www.xzballbearing.com\/de\/wp-json\/wp\/v2\/types\/page"}],"author":[{"embeddable":true,"href":"https:\/\/www.xzballbearing.com\/de\/wp-json\/wp\/v2\/users\/1"}],"replies":[{"embeddable":true,"href":"https:\/\/www.xzballbearing.com\/de\/wp-json\/wp\/v2\/comments?post=800"}],"version-history":[{"count":3,"href":"https:\/\/www.xzballbearing.com\/de\/wp-json\/wp\/v2\/pages\/800\/revisions"}],"predecessor-version":[{"id":812,"href":"https:\/\/www.xzballbearing.com\/de\/wp-json\/wp\/v2\/pages\/800\/revisions\/812"}],"wp:featuredmedia":[{"embeddable":true,"href":"https:\/\/www.xzballbearing.com\/de\/wp-json\/wp\/v2\/media\/1435"}],"wp:attachment":[{"href":"https:\/\/www.xzballbearing.com\/de\/wp-json\/wp\/v2\/media?parent=800"}],"curies":[{"name":"wp","href":"https:\/\/api.w.org\/{rel}","templated":true}]}}