{"id":826,"date":"2022-04-02T16:39:28","date_gmt":"2022-04-02T08:39:28","guid":{"rendered":"http:\/\/xinzhou.bearingshow.net\/?page_id=826"},"modified":"2022-04-19T10:14:39","modified_gmt":"2022-04-19T02:14:39","slug":"high-temperature-bearings","status":"publish","type":"page","link":"https:\/\/www.xzballbearing.com\/de\/high-temperature-bearings\/","title":{"rendered":"Lager f\u00fcr hohe Temperaturen"},"content":{"rendered":"<p>XINZHOU-Hochtemperaturlager und -lagereinheiten sind so konzipiert, dass sie bei Betriebstemperaturen von bis zu 1100 \u00b0C (2000 \u00b0F) eine erh\u00f6hte Zuverl\u00e4ssigkeit, geringere Komplexit\u00e4t und geringere Umweltbelastung bieten, wodurch sich diese Produkte sehr gut f\u00fcr Anwendungen in Ofenwagen, Rollenherd\u00f6fen und B\u00e4ckereien eignen und Industrie\u00f6fen, Glash\u00fctten, F\u00f6rderb\u00e4nder \u2026 \u00fcberall dort, wo die Temperaturen zu hoch sind, um den Einsatz von \u00d6len oder Fetten zuzulassen.<\/p>\n<h4 style=\"text-align: center;\">Lagerl\u00f6sungen f\u00fcr die Hochtemperaturindustrie<\/h4>\n<p><div class=\"col-md-4 col-sm-4 col-xs-12\" >\r\n                        <a class=\"tagged-media\"  href=\"https:\/\/www.xzballbearing.com\/de\/high-temperature-greases\/\" >\r\n                        <p><font><font>Hochtemperaturfette<\/font><\/font><\/p>\r\n                        <div class=\"tagged-media__media\" >\r\n                        <img decoding=\"async\" src=\"https:\/\/www.xzballbearing.com\/wp-content\/uploads\/2022\/04\/high_1.jpg\" alt=\"High Temperature Greases\">\r\n                        <\/div>\r\n                        <div class=\"tagged-media__footers\" >\r\n                        <p>Die Fette sind f\u00fcr Anwendungen in H\u00fctten- und Walzwerken sowie anderen Hochtemperaturanwendungen wie Dreh\u00f6fen, K\u00fchlbetten, Stra\u00dfenbelagsmaschinen, Gl\u00fch\u00f6fen und Gleitlagern in Gie\u00dfereikr\u00e4nen formuliert. Durch den Einsatz der Schmierfette k\u00f6nnen die Schmierstoff- und Abwasserentsorgungskosten aufgrund des geringeren Verbrauchs und der besseren Wasserbest\u00e4ndigkeit gesenkt werden.<\/p>\r\n                        <\/div>\r\n                        <\/a>\r\n                    <\/div><div class=\"col-md-4 col-sm-4 col-xs-12\" >\r\n                        <a class=\"tagged-media\"  href=\"https:\/\/www.xzballbearing.com\/de\/alloy-steel-bearings\/\" >\r\n                        <p><font><font>Lager aus legiertem Stahl<\/font><\/font><\/p>\r\n                        <div class=\"tagged-media__media\" >\r\n                        <img decoding=\"async\" src=\"https:\/\/www.xzballbearing.com\/wp-content\/uploads\/2022\/04\/high_2-1.jpg\" alt=\"Alloy Steel Bearings\">\r\n                        <\/div>\r\n                        <div class=\"tagged-media__footers\" >\r\n                        <p>Hohe Temperaturbest\u00e4ndigkeit, zugesetztes KLUBER-Hochtemperaturfett, hervorragende mechanische Eigenschaften, niedrige Kosten, geeignet f\u00fcr niedrige Drehzahlen, hohe Belastung und schwierige Umgebung.<\/p>\r\n                        <\/div>\r\n                        <\/a>\r\n                    <\/div><div class=\"col-md-4 col-sm-4 col-xs-12\" >\r\n                        <a class=\"tagged-media\"  href=\"https:\/\/www.xzballbearing.com\/de\/full-ceramic-bearings-3\/\" >\r\n                        <p><font><font>Vollkeramiklager<\/font><\/font><\/p>\r\n                        <div class=\"tagged-media__media\" >\r\n                        <img decoding=\"async\" src=\"https:\/\/www.xzballbearing.com\/wp-content\/uploads\/2022\/04\/high_3.jpg\" alt=\"Full Ceramic Bearings\">\r\n                        <\/div>\r\n                        <div class=\"tagged-media__footers\" >\r\n                        <p>Korrosionsbest\u00e4ndig, hohe Temperatur, nicht magnetisch, keine Schmierung, geeignet f\u00fcr niedrige Drehzahlen, geringe Last und extreme Umgebungen.<\/p>\r\n                        <\/div>\r\n                        <\/a>\r\n                    <\/div><\/p>\n<h4 style=\"text-align: center;\">Applications And Customers<\/h4>\n<p>Alle Lager haben Temperaturgrenzen. \u00dcblicherweise wird das Material ab einer bestimmten Temperatur schw\u00e4cher und das Lager kann keine nennenswerte Belastung oder Drehzahl mehr aufnehmen. Bei Verwendung eines geeigneten Schmiermittels k\u00f6nnen Chromstahllager Temperaturen bis zu 150 \u00b0C standhalten, w\u00e4hrend Lager aus 440er Edelstahl bis zu Temperaturen von 300 \u00b0C und Vollkeramiklager bis zu Temperaturen von 1000 \u00b0C verwendet werden k\u00f6nnen .<\/p>\n<p>Diese Lager sind kundenspezifisch f\u00fcr den Einsatz in Anwendungen wie:<\/p>\n<ul>\n<li>\u21d2automatische Waffelback\u00f6fen in der Lebensmittel- und Getr\u00e4nkeindustrie<\/li>\n<li>\u21d2Industrie\u00f6fen<\/li>\n<li>\u21d2Ketten<\/li>\n<li>\u21d2Keramikindustrie<\/li>\n<li>\u21d2Glaspflanzen<\/li>\n<li>\u21d2F\u00f6rderer<\/li>\n<li>\u21d2Trockner<\/li>\n<li>\u21d2\u00d6fen und Ofenwagen<\/li>\n<li>\u21d2Heizer<\/li>\n<li>\u21d2Ru\u00dfbl\u00e4ser<\/li>\n<li>\u21d2\u00d6lpistolen<\/li>\n<li>\u21d2Gipskarton<\/li>\n<li>\u21d2Furniertrockner<\/li>\n<\/ul>","protected":false},"excerpt":{"rendered":"<p>XINZHOU high temperature bearings and bearing units are designed to deliver increased reliability, reduced complexity and decreased environmental impact in operating temperatures up to 1100 \u00b0C (2000 \u00b0F), making these products very suitable for applications in kiln trucks, roller hearth furnaces, bakery and industrial ovens, glass plants, conveyors &#8230;wherever temperatures are too high to permit [&hellip;]<\/p>","protected":false},"author":1,"featured_media":930,"parent":0,"menu_order":0,"comment_status":"closed","ping_status":"closed","template":"","meta":{"footnotes":""},"class_list":["post-826","page","type-page","status-publish","has-post-thumbnail","hentry"],"_links":{"self":[{"href":"https:\/\/www.xzballbearing.com\/de\/wp-json\/wp\/v2\/pages\/826"}],"collection":[{"href":"https:\/\/www.xzballbearing.com\/de\/wp-json\/wp\/v2\/pages"}],"about":[{"href":"https:\/\/www.xzballbearing.com\/de\/wp-json\/wp\/v2\/types\/page"}],"author":[{"embeddable":true,"href":"https:\/\/www.xzballbearing.com\/de\/wp-json\/wp\/v2\/users\/1"}],"replies":[{"embeddable":true,"href":"https:\/\/www.xzballbearing.com\/de\/wp-json\/wp\/v2\/comments?post=826"}],"version-history":[{"count":4,"href":"https:\/\/www.xzballbearing.com\/de\/wp-json\/wp\/v2\/pages\/826\/revisions"}],"predecessor-version":[{"id":1089,"href":"https:\/\/www.xzballbearing.com\/de\/wp-json\/wp\/v2\/pages\/826\/revisions\/1089"}],"wp:featuredmedia":[{"embeddable":true,"href":"https:\/\/www.xzballbearing.com\/de\/wp-json\/wp\/v2\/media\/930"}],"wp:attachment":[{"href":"https:\/\/www.xzballbearing.com\/de\/wp-json\/wp\/v2\/media?parent=826"}],"curies":[{"name":"wp","href":"https:\/\/api.w.org\/{rel}","templated":true}]}}