{"id":832,"date":"2022-04-02T16:53:28","date_gmt":"2022-04-02T08:53:28","guid":{"rendered":"http:\/\/xinzhou.bearingshow.net\/?page_id=832"},"modified":"2022-04-19T09:38:25","modified_gmt":"2022-04-19T01:38:25","slug":"bearings-for-medical-industry","status":"publish","type":"page","link":"https:\/\/www.xzballbearing.com\/de\/bearings-for-medical-industry\/","title":{"rendered":"Lager f\u00fcr die medizinische Industrie"},"content":{"rendered":"<p>Um einen besseren Rostschutzeffekt zu erzielen, verwenden wir Edelstahl AISI440C\/AISI304\/AISI316, und einige hochklassige Kunden verwenden gerne Vollkeramik wie Zirkonoxidkeramik und Siliziumnitridkeramik. Die medizinische Industrie hat eine h\u00f6here Genauigkeitsanforderung an Lager, daher bieten wir ABEC-5-Level-Lager an, manchmal k\u00f6nnen wir sogar ein h\u00f6heres ABEC-7-Level erreichen.<\/p>\n<p><div class=\"col-md-4 col-sm-4 col-xs-12\" >\r\n                        <a class=\"tagged-media\"  href=\"https:\/\/www.xzballbearing.com\/de\/stainless-steel-bearings-2\/\" >\r\n                        <p><font><font>Edelstahllager<\/font><\/font><\/p>\r\n                        <div class=\"tagged-media__media\" >\r\n                        <img decoding=\"async\" src=\"https:\/\/www.xzballbearing.com\/wp-content\/uploads\/2022\/04\/high_2.jpg\" alt=\"Stainless Steel Bearings\">\r\n                        <\/div>\r\n                        <div class=\"tagged-media__footers\" >\r\n                        <p>Edelstahlmaterialien, die f\u00fcr die Sterilisation und die anspruchsvollsten Umgebungen entwickelt wurden, und Freiheit bei der Gestaltung des Lagers um das Ger\u00e4t herum.<\/p>\r\n                        <\/div>\r\n                        <\/a>\r\n                    <\/div><div class=\"col-md-4 col-sm-4 col-xs-12\" >\r\n                        <a class=\"tagged-media\"  href=\"https:\/\/www.xzballbearing.com\/de\/ceramic-bearings-2\/\" >\r\n                        <p><font><font>Keramiklager<\/font><\/font><\/p>\r\n                        <div class=\"tagged-media__media\" >\r\n                        <img decoding=\"async\" src=\"https:\/\/www.xzballbearing.com\/wp-content\/uploads\/2022\/04\/food03-1.jpg\" alt=\"Ceramic Bearings\">\r\n                        <\/div>\r\n                        <div class=\"tagged-media__footers\" >\r\n                        <p>Vollkeramiklager haben Ringe und Kugeln, die aus Keramikmaterial bestehen. Diese Lager sind m\u00f6glicherweise f\u00fcr bestimmte Anwendungen besser geeignet als ihre Gegenst\u00fccke aus Edelstahl \u2013 insbesondere in Situationen, in denen es eine raue Umgebung gibt, in der Edelstahl nicht \u00fcberleben w\u00fcrde, oder in Situationen, in denen Magnetismus von Bedeutung ist (Keramik ist nicht magnetisch).<\/p>\r\n                        <\/div>\r\n                        <\/a>\r\n                    <\/div><\/p>","protected":false},"excerpt":{"rendered":"<p>In order to have a better anti-rust effect, we use stainless steel AISI440C\/AISI304\/AISI316 and but some high-class fields\u00a0customers like to use \u00a0full Ceramic Like Zirconia Ceramic, and Silicon Nitride ceramic. The medical industry has a higher accuracy requirement on bearings, so we provide ABEC-5 Level bearing, sometimes we even can achieve a higher level of [&hellip;]<\/p>","protected":false},"author":1,"featured_media":941,"parent":0,"menu_order":0,"comment_status":"closed","ping_status":"closed","template":"","meta":{"footnotes":""},"class_list":["post-832","page","type-page","status-publish","has-post-thumbnail","hentry"],"_links":{"self":[{"href":"https:\/\/www.xzballbearing.com\/de\/wp-json\/wp\/v2\/pages\/832"}],"collection":[{"href":"https:\/\/www.xzballbearing.com\/de\/wp-json\/wp\/v2\/pages"}],"about":[{"href":"https:\/\/www.xzballbearing.com\/de\/wp-json\/wp\/v2\/types\/page"}],"author":[{"embeddable":true,"href":"https:\/\/www.xzballbearing.com\/de\/wp-json\/wp\/v2\/users\/1"}],"replies":[{"embeddable":true,"href":"https:\/\/www.xzballbearing.com\/de\/wp-json\/wp\/v2\/comments?post=832"}],"version-history":[{"count":5,"href":"https:\/\/www.xzballbearing.com\/de\/wp-json\/wp\/v2\/pages\/832\/revisions"}],"predecessor-version":[{"id":1069,"href":"https:\/\/www.xzballbearing.com\/de\/wp-json\/wp\/v2\/pages\/832\/revisions\/1069"}],"wp:featuredmedia":[{"embeddable":true,"href":"https:\/\/www.xzballbearing.com\/de\/wp-json\/wp\/v2\/media\/941"}],"wp:attachment":[{"href":"https:\/\/www.xzballbearing.com\/de\/wp-json\/wp\/v2\/media?parent=832"}],"curies":[{"name":"wp","href":"https:\/\/api.w.org\/{rel}","templated":true}]}}