{"id":840,"date":"2022-04-02T17:03:10","date_gmt":"2022-04-02T09:03:10","guid":{"rendered":"http:\/\/xinzhou.bearingshow.net\/?page_id=840"},"modified":"2022-05-19T15:01:59","modified_gmt":"2022-05-19T07:01:59","slug":"skateboard-bearings","status":"publish","type":"page","link":"https:\/\/www.xzballbearing.com\/de\/skateboard-bearings\/","title":{"rendered":"Skateboard-Lager"},"content":{"rendered":"<p>Im Allgemeinen ist 608zz (8 x 22 x 7 mm) in der Skateboardindustrie das beliebteste und am weitesten verbreitete Lager. Eine gro\u00dfe Mehrheit der Kunden wird diese Spezifikation w\u00e4hlen, w\u00e4hrend einige auch andere Gr\u00f6\u00dfen verwenden k\u00f6nnen, einschlie\u00dflich 6000ZZ (10 x 26 x 8 mm); 6900zz (10 x 22 x 6 mm); 627zz (7 x 22 x 7 mm); 688zz (8 x 16 x 5 mm).<div class=\"col-md-4 col-sm-4 col-xs-12\" >\r\n                        <a class=\"tagged-media\"  href=\"https:\/\/www.xzballbearing.com\/de\/metric-standard\/\" >\r\n                        <p><font><font>Metrische Norm<\/font><\/font><\/p>\r\n                        <div class=\"tagged-media__media\" >\r\n                        <img decoding=\"async\" src=\"https:\/\/www.xzballbearing.com\/wp-content\/uploads\/2022\/12\/QQ\u56fe\u724720221215162118.jpg\" alt=\"Metric Standard\">\r\n                        <\/div>\r\n                        <div class=\"tagged-media__footers\" >\r\n                        <p>Miniaturlager werden manchmal als Instrumentenlager bezeichnet und in so unterschiedlichen Anwendungen wie Kreiseln, Anemometern, Durchflussmessern, Miniaturgetrieben, kleinen Motoren und funkgesteuerten Modellen eingesetzt. Miniatur-Kugellager k\u00f6nnen offen oder abgeschirmt sein, was das Eindringen von Schmutz und das Austreten von Schmiermittel verhindert, sowie ungeflanscht oder geflanscht f\u00fcr eine einfachere Plattenmontage. Einige Optionen f\u00fcr Miniaturkugellager verf\u00fcgen \u00fcber verl\u00e4ngerte Innenringe, um den Einbau bestimmter Verriegelungsvorrichtungen zu erleichtern, wenn eine Presspassung nicht m\u00f6glich ist<\/p>\r\n                        <\/div>\r\n                        <\/a>\r\n                    <\/div><\/p>","protected":false},"excerpt":{"rendered":"<p>Im Allgemeinen ist 608zz (8 x 22 x 7 mm) in der Skateboardindustrie das beliebteste und am weitesten verbreitete Lager. Eine gro\u00dfe Mehrheit der Kunden wird diese Spezifikation w\u00e4hlen, w\u00e4hrend einige auch andere Gr\u00f6\u00dfen verwenden k\u00f6nnen, einschlie\u00dflich 6000ZZ (10 x 26 x 8 mm); 6900zz (10 x 22 x 6 mm); 627zz (7 x 22 x 7 mm); 688zz (8 x 16 x 5 mm).<\/p>","protected":false},"author":1,"featured_media":944,"parent":0,"menu_order":0,"comment_status":"closed","ping_status":"closed","template":"","meta":{"footnotes":""},"class_list":["post-840","page","type-page","status-publish","has-post-thumbnail","hentry"],"_links":{"self":[{"href":"https:\/\/www.xzballbearing.com\/de\/wp-json\/wp\/v2\/pages\/840"}],"collection":[{"href":"https:\/\/www.xzballbearing.com\/de\/wp-json\/wp\/v2\/pages"}],"about":[{"href":"https:\/\/www.xzballbearing.com\/de\/wp-json\/wp\/v2\/types\/page"}],"author":[{"embeddable":true,"href":"https:\/\/www.xzballbearing.com\/de\/wp-json\/wp\/v2\/users\/1"}],"replies":[{"embeddable":true,"href":"https:\/\/www.xzballbearing.com\/de\/wp-json\/wp\/v2\/comments?post=840"}],"version-history":[{"count":3,"href":"https:\/\/www.xzballbearing.com\/de\/wp-json\/wp\/v2\/pages\/840\/revisions"}],"predecessor-version":[{"id":1474,"href":"https:\/\/www.xzballbearing.com\/de\/wp-json\/wp\/v2\/pages\/840\/revisions\/1474"}],"wp:featuredmedia":[{"embeddable":true,"href":"https:\/\/www.xzballbearing.com\/de\/wp-json\/wp\/v2\/media\/944"}],"wp:attachment":[{"href":"https:\/\/www.xzballbearing.com\/de\/wp-json\/wp\/v2\/media?parent=840"}],"curies":[{"name":"wp","href":"https:\/\/api.w.org\/{rel}","templated":true}]}}