{"id":875,"date":"2022-04-06T10:52:53","date_gmt":"2022-04-06T02:52:53","guid":{"rendered":"http:\/\/xinzhou.bearingshow.net\/?page_id=875"},"modified":"2022-04-06T16:37:44","modified_gmt":"2022-04-06T08:37:44","slug":"ceramic-bearings-2","status":"publish","type":"page","link":"https:\/\/www.xzballbearing.com\/de\/ceramic-bearings-2\/","title":{"rendered":"Keramiklager"},"content":{"rendered":"<p>Vollkeramiklager haben Ringe und Kugeln, die aus Keramikmaterial bestehen. Diese Lager sind m\u00f6glicherweise f\u00fcr bestimmte Anwendungen besser geeignet als ihre Gegenst\u00fccke aus Edelstahl \u2013 insbesondere in Situationen, in denen es eine raue Umgebung gibt, in der Edelstahl nicht \u00fcberleben w\u00fcrde, oder in Situationen, in denen Magnetismus von Bedeutung ist (Keramik ist nicht magnetisch).<div class=\"col-md-4 col-sm-4 col-xs-6  prolist-cat\">\r\n    <a href=\"https:\/\/www.xzballbearing.com\/de\/product-cat\/full-ceramic-angular-contact-ball-bearings\/\">\r\n        <div class=\"plist\">\r\n           \r\n            <div class=\"col-sm-4\">\r\n                <div class=\"row\">\r\n                    <img decoding=\"async\" src=\"https:\/\/www.xzballbearing.com\/wp-content\/uploads\/2022\/03\/608-2RS-SI3N4-2.jpg\" alt=\"Full Ceramic Angular Contact Ball Bearings\">\r\n                <\/div>\r\n            <\/div>\r\n            <div class=\"col-sm-8\">\r\n                <div class=\"title-bt\">\r\n                 Vollkeramik-Schr\u00e4gkugellager\r\n                 <\/div>\r\n            <\/div>\r\n        <\/div>\r\n    <\/a>\r\n<\/div><div class=\"col-md-4 col-sm-4 col-xs-6  prolist-cat\">\r\n    <a href=\"https:\/\/www.xzballbearing.com\/de\/product-cat\/full-ceramic-ball-bearings\/\">\r\n        <div class=\"plist\">\r\n           \r\n            <div class=\"col-sm-4\">\r\n                <div class=\"row\">\r\n                    <img decoding=\"async\" src=\"https:\/\/www.xzballbearing.com\/wp-content\/uploads\/2022\/03\/608-11.jpg\" alt=\"Full ceramic ball bearings\">\r\n                <\/div>\r\n            <\/div>\r\n            <div class=\"col-sm-8\">\r\n                <div class=\"title-bt\">\r\n                 Kugellager aus Vollkeramik\r\n                 <\/div>\r\n            <\/div>\r\n        <\/div>\r\n    <\/a>\r\n<\/div><div class=\"col-md-4 col-sm-4 col-xs-6  prolist-cat\">\r\n    <a href=\"https:\/\/www.xzballbearing.com\/de\/product-cat\/ceramic-components\/\">\r\n        <div class=\"plist\">\r\n           \r\n            <div class=\"col-sm-4\">\r\n                <div class=\"row\">\r\n                    <img decoding=\"async\" src=\"https:\/\/www.xzballbearing.com\/wp-content\/uploads\/2022\/04\/\u5fae\u4fe1\u56fe\u7247_20220406162124.png\" alt=\"Ceramic Components\">\r\n                <\/div>\r\n            <\/div>\r\n            <div class=\"col-sm-8\">\r\n                <div class=\"title-bt\">\r\n                 Keramische Komponenten\r\n                 <\/div>\r\n            <\/div>\r\n        <\/div>\r\n    <\/a>\r\n<\/div><div class=\"col-md-4 col-sm-4 col-xs-6  prolist-cat\">\r\n    <a href=\"https:\/\/www.xzballbearing.com\/de\/product-cat\/ceramic-balls\/\">\r\n        <div class=\"plist\">\r\n           \r\n            <div class=\"col-sm-4\">\r\n                <div class=\"row\">\r\n                    <img decoding=\"async\" src=\"https:\/\/www.xzballbearing.com\/wp-content\/uploads\/2022\/03\/\u6c2e\u5316\u7845\u9676\u74f7\u7403.png\" alt=\"Ceramic Balls\">\r\n                <\/div>\r\n            <\/div>\r\n            <div class=\"col-sm-8\">\r\n                <div class=\"title-bt\">\r\n                 Keramikkugeln\r\n                 <\/div>\r\n            <\/div>\r\n        <\/div>\r\n    <\/a>\r\n<\/div><\/p>","protected":false},"excerpt":{"rendered":"<p>Vollkeramiklager haben Ringe und Kugeln, die aus Keramikmaterial bestehen. Diese Lager sind m\u00f6glicherweise f\u00fcr bestimmte Anwendungen besser geeignet als ihre Gegenst\u00fccke aus Edelstahl \u2013 insbesondere in Situationen, in denen es eine raue Umgebung gibt, in der Edelstahl nicht \u00fcberleben w\u00fcrde, oder in Situationen, in denen Magnetismus von Bedeutung ist (Keramik ist nicht magnetisch).<\/p>","protected":false},"author":1,"featured_media":876,"parent":0,"menu_order":0,"comment_status":"closed","ping_status":"closed","template":"","meta":{"footnotes":""},"class_list":["post-875","page","type-page","status-publish","has-post-thumbnail","hentry"],"_links":{"self":[{"href":"https:\/\/www.xzballbearing.com\/de\/wp-json\/wp\/v2\/pages\/875"}],"collection":[{"href":"https:\/\/www.xzballbearing.com\/de\/wp-json\/wp\/v2\/pages"}],"about":[{"href":"https:\/\/www.xzballbearing.com\/de\/wp-json\/wp\/v2\/types\/page"}],"author":[{"embeddable":true,"href":"https:\/\/www.xzballbearing.com\/de\/wp-json\/wp\/v2\/users\/1"}],"replies":[{"embeddable":true,"href":"https:\/\/www.xzballbearing.com\/de\/wp-json\/wp\/v2\/comments?post=875"}],"version-history":[{"count":3,"href":"https:\/\/www.xzballbearing.com\/de\/wp-json\/wp\/v2\/pages\/875\/revisions"}],"predecessor-version":[{"id":886,"href":"https:\/\/www.xzballbearing.com\/de\/wp-json\/wp\/v2\/pages\/875\/revisions\/886"}],"wp:featuredmedia":[{"embeddable":true,"href":"https:\/\/www.xzballbearing.com\/de\/wp-json\/wp\/v2\/media\/876"}],"wp:attachment":[{"href":"https:\/\/www.xzballbearing.com\/de\/wp-json\/wp\/v2\/media?parent=875"}],"curies":[{"name":"wp","href":"https:\/\/api.w.org\/{rel}","templated":true}]}}