{"id":280,"date":"2022-03-10T11:02:24","date_gmt":"2022-03-10T03:02:24","guid":{"rendered":"http:\/\/xinzhou.bearingshow.net\/?page_id=280"},"modified":"2024-08-29T16:43:08","modified_gmt":"2024-08-29T08:43:08","slug":"applications","status":"publish","type":"page","link":"https:\/\/www.xzballbearing.com\/es\/applications\/","title":{"rendered":"Industrias y Aplicaciones"},"content":{"rendered":"<p>XINZHOU\u00ae Bearing ofrece productos de rodamientos para todo tipo de clientes, en una amplia variedad de aplicaciones industriales. Y sin importar a qu\u00e9 industria presta servicios, ofrecemos soluciones integrales, desde capacitaci\u00f3n sobre productos hasta soporte de ventas y recursos de ingenier\u00eda, que lo ayudan a aprovechar al m\u00e1ximo sus productos de rodamientos Xinzhou.<\/p>\n<p>Una lista parcial de las aplicaciones en las que Xinzhou Bearing tiene una amplia experiencia en el suministro de soluciones rentables incluye:<\/p>\n<p><div class=\"col-md-4 col-sm-4 col-xs-12\" >\r\n                        <a class=\"tagged-media\"  href=\"https:\/\/www.xzballbearing.com\/es\/food-beverage-grade-bearings\/\" >\r\n                        <p><font><font>Rodamientos de alimentos<\/font><\/font><\/p>\r\n                        <div class=\"tagged-media__media\" >\r\n                        <img decoding=\"async\" src=\"https:\/\/www.xzballbearing.com\/wp-content\/uploads\/2022\/04\/OIP-C.jpg\" alt=\"Food & Beverage Grade Bearings\">\r\n                        <\/div>\r\n                        <div class=\"tagged-media__footers\" >\r\n                        <p>Los procesadores de alimentos y bebidas se enfrentan a la presi\u00f3n de hacer que los alimentos sean m\u00e1s seguros, higi\u00e9nicos y saludables. Al mismo tiempo, necesitan controlar los costos de mantenimiento y mejorar su funcionamiento. Los rodamientos XINZHOU funcionan con una variedad de estilos y materiales para garantizar que sus piezas puedan soportar las condiciones extremas y los requisitos gubernamentales espec\u00edficos necesarios para la producci\u00f3n de alimentos. [identificaci\u00f3n de la p\u00e1gina de visualizaci\u00f3n=\"795\"][identificaci\u00f3n de la p\u00e1gina de visualizaci\u00f3n=\"800\"][identificaci\u00f3n de la p\u00e1gina de visualizaci\u00f3n=\"804\"]<\/p>\r\n                        <\/div>\r\n                        <\/a>\r\n                    <\/div><div class=\"col-md-4 col-sm-4 col-xs-12\" >\r\n                        <a class=\"tagged-media\"  href=\"https:\/\/www.xzballbearing.com\/es\/robotics-bearings\/\" >\r\n                        <p><font><font>Rodamientos de rob\u00f3tica<\/font><\/font><\/p>\r\n                        <div class=\"tagged-media__media\" >\r\n                        <img decoding=\"async\" src=\"https:\/\/www.xzballbearing.com\/wp-content\/uploads\/2022\/04\/OIP-C-5-1.jpg\" alt=\"Robotics Bearings\">\r\n                        <\/div>\r\n                        <div class=\"tagged-media__footers\" >\r\n                        <p>Los rodamientos utilizados en aplicaciones rob\u00f3ticas deben ser de muy alta precisi\u00f3n, con buena precisi\u00f3n de rotaci\u00f3n y confiabilidad. El suministro de rodamientos Premier permite que estos dispositivos rob\u00f3ticos funcionen sin problemas y de manera eficiente para que su operaci\u00f3n pueda continuar con \u00e9xito. Nosotros,\u00a0XINZHOU Bearing tiene la soluci\u00f3n de rodamiento adecuada para usted, ya sea un rodamiento de base de brazo rob\u00f3tico o un rodamiento utilizado en un brazo rob\u00f3tico articulado. [identificaci\u00f3n de la p\u00e1gina de visualizaci\u00f3n=\"855\"][identificaci\u00f3n de la p\u00e1gina de visualizaci\u00f3n=\"861\"][identificaci\u00f3n de la p\u00e1gina de visualizaci\u00f3n=\"866\"]<\/p>\r\n                        <\/div>\r\n                        <\/a>\r\n                    <\/div><div class=\"col-md-4 col-sm-4 col-xs-12\" >\r\n                        <a class=\"tagged-media\"  href=\"https:\/\/www.xzballbearing.com\/es\/high-temperature-bearings\/\" >\r\n                        <p><font><font>Rodamientos de alta temperatura<\/font><\/font><\/p>\r\n                        <div class=\"tagged-media__media\" >\r\n                        <img decoding=\"async\" src=\"https:\/\/www.xzballbearing.com\/wp-content\/uploads\/2022\/04\/OIP-C-1.jpg\" alt=\"High Temperature Bearings\">\r\n                        <\/div>\r\n                        <div class=\"tagged-media__footers\" >\r\n                        <p>Los rodamientos y las unidades de rodamientos para alta temperatura de XINZHOU est\u00e1n dise\u00f1ados para ofrecer mayor confiabilidad, menor complejidad y menor impacto ambiental en temperaturas de funcionamiento de hasta 1100 \u00b0C (2000 \u00b0F), lo que hace que estos productos sean muy adecuados para aplicaciones en camiones de horno, hornos de solera de rodillos, panader\u00eda y hornos industriales, plantas de vidrio, cintas transportadoras... dondequiera que las temperaturas sean demasiado altas para permitir el uso de aceite o grasas. Soluciones de rodamientos para la industria de alta temperatura [show-page id=\"1077\"][show-page id=\"1080\"][show-page id=\"1083\"] Aplicaciones y clientes Todos los rodamientos tienen l\u00edmites de temperatura. Por lo general, el material se debilita por encima de cierta temperatura y el rodamiento ya no puede manejar ninguna carga o velocidad significativa. Siempre que se use un lubricante adecuado, los cojinetes de acero cromado pueden soportar temperaturas de hasta 150 \u00b0C, mientras que los cojinetes de acero inoxidable de grado 440 se pueden usar a temperaturas de hasta 300 \u00b0C, los cojinetes completamente cer\u00e1micos se pueden usar a temperaturas de hasta 1000 \u00b0C . Estos rodamientos est\u00e1n personalizados para su uso en aplicaciones tales como: \u21d2hornos autom\u00e1ticos de cocci\u00f3n de obleas en la industria de alimentos y bebidas \u21d2hornos industriales \u21d2cadenas \u21d2industria de la cer\u00e1mica \u21d2plantas de vidrio \u21d2transportadores \u21d2secadores \u21d2hornos y carros de hornos \u21d2fogoneros \u21d2sopladores de holl\u00edn \u21d2pistolas de aceite \u21d2placa de yeso \u21d2secadores de chapa<\/p>\r\n                        <\/div>\r\n                        <\/a>\r\n                    <\/div><div class=\"col-md-4 col-sm-4 col-xs-12\" >\r\n                        <a class=\"tagged-media\"  href=\"https:\/\/www.xzballbearing.com\/es\/bearings-for-medical-industry\/\" >\r\n                        <p><font><font>Rodamientos para la industria m\u00e9dica<\/font><\/font><\/p>\r\n                        <div class=\"tagged-media__media\" >\r\n                        <img decoding=\"async\" src=\"https:\/\/www.xzballbearing.com\/wp-content\/uploads\/2022\/04\/AdobeStock_269860798.jpeg\" alt=\"Bearings For Medical Industry\">\r\n                        <\/div>\r\n                        <div class=\"tagged-media__footers\" >\r\n                        <p>Para tener un mejor efecto antioxidante, usamos acero inoxidable AISI440C\/AISI304\/AISI316 y, sin embargo, a algunos clientes de campos de clase alta les gusta usar cer\u00e1mica completa como cer\u00e1mica de zirconio y cer\u00e1mica de nitruro de silicio. La industria m\u00e9dica tiene un requisito de mayor precisi\u00f3n en los cojinetes, por lo que proporcionamos cojinetes de nivel ABEC-5, a veces incluso podemos alcanzar un nivel m\u00e1s alto de ABEC-7.<\/p>\r\n                        <\/div>\r\n                        <\/a>\r\n                    <\/div><div class=\"col-md-4 col-sm-4 col-xs-12\" >\r\n                        <a class=\"tagged-media\"  href=\"https:\/\/www.xzballbearing.com\/es\/automotive-bearings\/\" >\r\n                        <p><font><font>Rodamientos Automotrices<\/font><\/font><\/p>\r\n                        <div class=\"tagged-media__media\" >\r\n                        <img decoding=\"async\" src=\"https:\/\/www.xzballbearing.com\/wp-content\/uploads\/2022\/04\/\u4e0b\u8f7d-1.jpg\" alt=\"Automotive Bearings\">\r\n                        <\/div>\r\n                        <div class=\"tagged-media__footers\" >\r\n                        <p>&nbsp; The Automotive OEM\u2019s produce millions of vehicles per year worldwide. Each of these vehicles has multiple internal components that use bearings for efficient motion. We, XINZHOU Bearing\u2019s Automotive Engineering Team has very long experiences working with top OEM \u00a0manufactures, \u00a0and can work with you to determine the best bearing solution for your applications. &nbsp; &nbsp; &nbsp; &nbsp; Related Products\uff1a &nbsp;<\/p>\r\n                        <\/div>\r\n                        <\/a>\r\n                    <\/div><div class=\"col-md-4 col-sm-4 col-xs-12\" >\r\n                        <a class=\"tagged-media\"  href=\"https:\/\/www.xzballbearing.com\/es\/skateboard-bearings\/\" >\r\n                        <p><font><font>Rodamientos de skate<\/font><\/font><\/p>\r\n                        <div class=\"tagged-media__media\" >\r\n                        <img decoding=\"async\" src=\"https:\/\/www.xzballbearing.com\/wp-content\/uploads\/2022\/04\/R-C-2.jpg\" alt=\"Skateboard Bearings\">\r\n                        <\/div>\r\n                        <div class=\"tagged-media__footers\" >\r\n                        <p>En general, en la industria del skateboard, 608zz (8x22x7mm) es el rodamiento m\u00e1s popular y m\u00e1s utilizado. Una amplia mayor\u00eda de clientes elegir\u00e1 esta especificaci\u00f3n, mientras que algunos pueden usar otros tama\u00f1os tambi\u00e9n, incluidos 6000ZZ (10x26x8 mm); 6900zz (10x22x6 mm); 627zz(7x22x7mm),; 688zz (8x16x5mm).<\/p>\r\n                        <\/div>\r\n                        <\/a>\r\n                    <\/div><div class=\"col-md-4 col-sm-4 col-xs-12\" >\r\n                        <a class=\"tagged-media\"  href=\"https:\/\/www.xzballbearing.com\/es\/application-solutions\/bearings-for-extreme-temperature\/\" >\r\n                        <p><font><font>Rodamientos para temperatura extrema<\/font><\/font><\/p>\r\n                        <div class=\"tagged-media__media\" >\r\n                        <img decoding=\"async\" src=\"https:\/\/www.xzballbearing.com\/wp-content\/uploads\/2022\/05\/\u5fae\u4fe1\u56fe\u7247_20220519104400.jpg\" alt=\"Bearings for Extreme Temperature\">\r\n                        <\/div>\r\n                        <div class=\"tagged-media__footers\" >\r\n                        <p>En general, los rodamientos XINZHOU para temperaturas extremas: bombas de ox\u00edgeno l\u00edquido, hornos y equipos de procesamiento de metales. Por lo general, los rodamientos de bolas y los rodamientos de rodillos pueden funcionar en los entornos. Y estos rodamientos est\u00e1n personalizados con anillos SS440C, bolas de cer\u00e1mica o pueden tambi\u00e9n con revestimiento WS2. &nbsp;<\/p>\r\n                        <\/div>\r\n                        <\/a>\r\n                    <\/div><div class=\"col-md-4 col-sm-4 col-xs-12\" >\r\n                        <a class=\"tagged-media\"  href=\"https:\/\/www.xzballbearing.com\/es\/application-solutions\/bearings-for-high-speed-industry\/\" >\r\n                        <p><font><font>Rodamientos para la industria de alta velocidad<\/font><\/font><\/p>\r\n                        <div class=\"tagged-media__media\" >\r\n                        <img decoding=\"async\" src=\"https:\/\/www.xzballbearing.com\/wp-content\/uploads\/2022\/05\/simotics-hv-high-speed-synchron.jpg\" alt=\"Bearings for High Speed Industry\">\r\n                        <\/div>\r\n                        <div class=\"tagged-media__footers\" >\r\n                        <p>The selection and application of bearings in high-speed industrial applications requires comprehensive consideration of multiple factors, including bearing type, material, structure, lubrication method and matching method, to ensure stable operation and long-term reliability under high speed, high load and high precision requirements. The application of XZBRG angular contact ball bearings in precision machining equipment not only covers supporting high-speed spindles and precise positioning needs but also meets high-load and high-precision requirements under complex operating conditions. Generally, XINZHOU high speed bearing use in machine tool spindles, turbocharges, hard disk drive spindles, dental handpieces, textile equipment spindles, air driven tools. High speed bearings are usually high precision angular contact ball bearings with ceramic balls and miniature hybrid ceramic bearings, all bearings with ABEC5 ABEC7 ABEC9 precision. &nbsp; [show-page id=\"1448\"][show-page id=\"1452\"][show-page id=\"855\"]<\/p>\r\n                        <\/div>\r\n                        <\/a>\r\n                    <\/div><div class=\"col-md-4 col-sm-4 col-xs-12\" >\r\n                        <a class=\"tagged-media\"  href=\"https:\/\/www.xzballbearing.com\/es\/bearings-for-corrosion-resistance\/\" >\r\n                        <p><font><font>Rodamientos para Resistencia a la Corrosi\u00f3n<\/font><\/font><\/p>\r\n                        <div class=\"tagged-media__media\" >\r\n                        <img decoding=\"async\" src=\"https:\/\/www.xzballbearing.com\/wp-content\/uploads\/2022\/05\/\u5fae\u4fe1\u56fe\u7247_20220519104637.jpg\" alt=\"Bearings for Corrosion Resistance\">\r\n                        <\/div>\r\n                        <div class=\"tagged-media__footers\" >\r\n                        <p>Rodamientos XINZHOU para ruedas y componentes de bicicletas, equipos de procesamiento de semiconductores, piezas de mano dentales y quir\u00fargicas, equipos de procesamiento qu\u00edmico, equipos de procesamiento de alimentos, maquinaria de fabricaci\u00f3n de pel\u00edculas. Estos rodamientos tambi\u00e9n pueden tener recubrimiento TDC (cromo denso delgado) para resistencia a la corrosi\u00f3n y uso resistente al desgaste.<\/p>\r\n                        <\/div>\r\n                        <\/a>\r\n                    <\/div><div class=\"col-md-4 col-sm-4 col-xs-12\" >\r\n                        <a class=\"tagged-media\"  href=\"https:\/\/www.xzballbearing.com\/es\/application-solutions\/agricultural-machinery-bearing\/\" >\r\n                        <p><font><font>Agricultural Machinery Bearing<\/font><\/font><\/p>\r\n                        <div class=\"tagged-media__media\" >\r\n                        <img decoding=\"async\" src=\"https:\/\/www.xzballbearing.com\/wp-content\/uploads\/2024\/08\/\u519c\u4e1a\u673a\u68b0.png\" alt=\"Agricultural Machinery Bearing\">\r\n                        <\/div>\r\n                        <div class=\"tagged-media__footers\" >\r\n                        <p>Bearings are widely used in agricultural machinery, covering a variety of types and configurations to meet the specific needs of agricultural production. \u200c There are many types of bearings used in agricultural machinery, including housing bearings, tapered roller bearings, angular contact ball bearings and units, deep groove ball bearings, spherical roller bearings, spherical plain bearings, and some bearings designed specifically for agricultural machinery. The application of these bearings covers many aspects such as tillage and sowing machinery and harvesting machinery. The bearing applications in agricultural machinery are not only diverse, but also designed to take into account the particularities of the agricultural production environment to ensure efficient and reliable operation while keeping maintenance costs low\u200c. &nbsp; Related Products:<\/p>\r\n                        <\/div>\r\n                        <\/a>\r\n                    <\/div><div class=\"col-md-4 col-sm-4 col-xs-12\" >\r\n                        <a class=\"tagged-media\"  href=\"https:\/\/www.xzballbearing.com\/es\/heavy-machinery\/\" >\r\n                        <p><font><font>Heavy Machinery<\/font><\/font><\/p>\r\n                        <div class=\"tagged-media__media\" >\r\n                        <img decoding=\"async\" src=\"https:\/\/www.xzballbearing.com\/wp-content\/uploads\/2024\/08\/\u91cd\u578b\u673a\u68b0.png\" alt=\"Heavy Machinery\">\r\n                        <\/div>\r\n                        <div class=\"tagged-media__footers\" >\r\n                        <p>The application of bearings in heavy machinery and equipment is mainly reflected in their ability to withstand great pressure, friction and heat to ensure the stable operation of machinery and equipment. The use of bearings in large-scale machinery and equipment first requires that the bearings have sufficient hardness to ensure that the machinery and equipment have sufficient stability during operation. In addition, the bearings also need to have high wear resistance. By adding lubricating oil, cost expenditure can be reduced and service life can be increased. When running at high speed, good bearings can adapt to high-temperature working environments, provide an extra layer of protection for the stable operation of machinery and equipment, and further maximize the use value of the equipment. &nbsp; &nbsp; Related Products:<\/p>\r\n                        <\/div>\r\n                        <\/a>\r\n                    <\/div> <div class=\"col-md-4 col-sm-4 col-xs-12\" >\r\n                        <a class=\"tagged-media\"  href=\"https:\/\/www.xzballbearing.com\/es\/excavator-bearing\/\" >\r\n                        <p><font><font>Excavator Bearing<\/font><\/font><\/p>\r\n                        <div class=\"tagged-media__media\" >\r\n                        <img decoding=\"async\" src=\"https:\/\/www.xzballbearing.com\/wp-content\/uploads\/2024\/08\/\u6316\u6398\u673a\u8f74\u627f.png\" alt=\"Excavator Bearing\">\r\n                        <\/div>\r\n                        <div class=\"tagged-media__footers\" >\r\n                        <p>Ball bearings are widely used in excavators.As a heavy-duty mechanical equipment, the working principle and structure of the excavator determine the importance and complexity of bearings. The main moving parts of the excavator, such as the swing arm, bucket and travel mechanism, all require bearings to support and guide. These bearings not only need to withstand huge loads, but also need to operate for a long time in harsh working environments, so there are high requirements for the durability and reliability of the bearings. &nbsp; &nbsp; Related Products:<\/p>\r\n                        <\/div>\r\n                        <\/a>\r\n                    <\/div> <div class=\"col-md-4 col-sm-4 col-xs-12\" >\r\n                        <a class=\"tagged-media\"  href=\"https:\/\/www.xzballbearing.com\/es\/application-solutions\/aerospace-and-aviation-field\/\" >\r\n                        <p><font><font>Aerospace and Aviation Field<\/font><\/font><\/p>\r\n                        <div class=\"tagged-media__media\" >\r\n                        <img decoding=\"async\" src=\"https:\/\/www.xzballbearing.com\/wp-content\/uploads\/2024\/08\/\u822a\u5929\u9886\u57df.png\" alt=\"Aerospace and Aviation Field\">\r\n                        <\/div>\r\n                        <div class=\"tagged-media__footers\" >\r\n                        <p>The application of bearings in the aerospace field is first reflected in high-speed rotating parts, such as turbines, engines, steering gears, propellers, etc. of aircraft, rockets, and satellites. These parts have extremely high requirements for bearings and need to be able to withstand extremely high speeds and loads. Bearings ensure the stable operation of these parts with their excellent performance. For example, ceramic bearings are widely used in these high-speed rotating parts due to their lightweight characteristics and excellent performance. &nbsp; &nbsp; Related Products\uff1a<\/p>\r\n                        <\/div>\r\n                        <\/a>\r\n                    <\/div><\/p>","protected":false},"excerpt":{"rendered":"<p>XINZHOU\u00ae Bearing provides bearing products for every kind of customer, across a wide variety of industrial applications. And no matter what industry you serve, we offer comprehensive solutions\u2014from product training to sales support to engineering resources\u2014that help you get the most out of your Xinzhou Bearing products. A partial list of the applications in which [&hellip;]<\/p>","protected":false},"author":1,"featured_media":0,"parent":0,"menu_order":0,"comment_status":"closed","ping_status":"closed","template":"","meta":{"footnotes":""},"class_list":["post-280","page","type-page","status-publish","hentry"],"_links":{"self":[{"href":"https:\/\/www.xzballbearing.com\/es\/wp-json\/wp\/v2\/pages\/280"}],"collection":[{"href":"https:\/\/www.xzballbearing.com\/es\/wp-json\/wp\/v2\/pages"}],"about":[{"href":"https:\/\/www.xzballbearing.com\/es\/wp-json\/wp\/v2\/types\/page"}],"author":[{"embeddable":true,"href":"https:\/\/www.xzballbearing.com\/es\/wp-json\/wp\/v2\/users\/1"}],"replies":[{"embeddable":true,"href":"https:\/\/www.xzballbearing.com\/es\/wp-json\/wp\/v2\/comments?post=280"}],"version-history":[{"count":27,"href":"https:\/\/www.xzballbearing.com\/es\/wp-json\/wp\/v2\/pages\/280\/revisions"}],"predecessor-version":[{"id":5285,"href":"https:\/\/www.xzballbearing.com\/es\/wp-json\/wp\/v2\/pages\/280\/revisions\/5285"}],"wp:attachment":[{"href":"https:\/\/www.xzballbearing.com\/es\/wp-json\/wp\/v2\/media?parent=280"}],"curies":[{"name":"wp","href":"https:\/\/api.w.org\/{rel}","templated":true}]}}