{"id":901,"date":"2022-04-07T18:05:36","date_gmt":"2022-04-07T10:05:36","guid":{"rendered":"http:\/\/xinzhou.bearingshow.net\/?page_id=901"},"modified":"2024-09-11T13:55:06","modified_gmt":"2024-09-11T05:55:06","slug":"our-service","status":"publish","type":"page","link":"https:\/\/www.xzballbearing.com\/es\/our-service\/","title":{"rendered":"Our Service"},"content":{"rendered":"<p style=\"text-align: left;\"><span style=\"font-family: arial, helvetica, sans-serif; font-size: 12pt; color: #000000;\"><strong>100% a medida:<\/strong><\/span><\/p>\n<p style=\"text-align: left;\"><span style=\"font-family: arial, helvetica, sans-serif; font-size: 12pt; color: #000000;\">Especializado en rodamientos de cer\u00e1mica completos, rodamientos h\u00edbridos, rodamientos de secci\u00f3n delgada<\/span><\/p>\n<p style=\"text-align: left;\"><span style=\"font-family: arial, helvetica, sans-serif; font-size: 12pt; color: #000000;\"><strong>Pedido de peque\u00f1a suma disponible:<\/strong><\/span><\/p>\n<p style=\"text-align: left;\"><span style=\"font-family: arial, helvetica, sans-serif; font-size: 12pt; color: #000000;\">Nuestra calidad est\u00e1 clasificada por distribuidores de rodamientos y OEM<\/span><\/p>\n<p style=\"text-align: left;\"><span style=\"font-family: arial, helvetica, sans-serif; font-size: 12pt; color: #000000;\"><strong>Entrega r\u00e1pida: <\/strong><\/span><\/p>\n<p style=\"text-align: left;\"><span style=\"font-family: arial, helvetica, sans-serif; font-size: 12pt; color: #000000;\">Proporcionar una entrega oportuna de manera rentable y consistente<\/span><\/p>\n<p style=\"text-align: left;\"><span style=\"font-family: arial, helvetica, sans-serif; font-size: 12pt; color: #000000;\"><strong>Todo el precio al por mayor:<\/strong><\/span><\/p>\n<p style=\"text-align: left;\"><span style=\"font-family: arial, helvetica, sans-serif; font-size: 12pt; color: #000000;\">Estamos en una posici\u00f3n \u00fanica para proporcionar un conjunto completo de soluciones de ingenier\u00eda para OEM y distribuidores.<\/span><\/p>\n<p style=\"text-align: left;\"><span style=\"font-family: arial, helvetica, sans-serif; color: #ff0000; font-size: 12pt;\"><strong>Your purchasing factory store, one-stop services.<\/strong><\/span><\/p>\n<p><img loading=\"lazy\" decoding=\"async\" class=\"alignleft wp-image-5354\" src=\"https:\/\/www.xzballbearing.com\/wp-content\/uploads\/2024\/09\/our-advantages-1.jpg\" alt=\"\" width=\"667\" height=\"323\" srcset=\"https:\/\/www.xzballbearing.com\/wp-content\/uploads\/2024\/09\/our-advantages-1.jpg 2000w, https:\/\/www.xzballbearing.com\/wp-content\/uploads\/2024\/09\/our-advantages-1-300x145.jpg 300w, https:\/\/www.xzballbearing.com\/wp-content\/uploads\/2024\/09\/our-advantages-1-1024x496.jpg 1024w, https:\/\/www.xzballbearing.com\/wp-content\/uploads\/2024\/09\/our-advantages-1-768x372.jpg 768w, https:\/\/www.xzballbearing.com\/wp-content\/uploads\/2024\/09\/our-advantages-1-1536x743.jpg 1536w, https:\/\/www.xzballbearing.com\/wp-content\/uploads\/2024\/09\/our-advantages-1-18x9.jpg 18w, https:\/\/www.xzballbearing.com\/wp-content\/uploads\/2024\/09\/our-advantages-1-600x290.jpg 600w\" sizes=\"(max-width: 667px) 100vw, 667px\" \/><\/p>\n<p>&nbsp;<\/p>\n<p><img loading=\"lazy\" decoding=\"async\" class=\"alignleft wp-image-5325\" src=\"https:\/\/www.xzballbearing.com\/wp-content\/uploads\/2024\/09\/QQ\u56fe\u724720240909145610.png\" alt=\"\" width=\"675\" height=\"382\" srcset=\"https:\/\/www.xzballbearing.com\/wp-content\/uploads\/2024\/09\/QQ\u56fe\u724720240909145610.png 1200w, https:\/\/www.xzballbearing.com\/wp-content\/uploads\/2024\/09\/QQ\u56fe\u724720240909145610-300x170.png 300w, https:\/\/www.xzballbearing.com\/wp-content\/uploads\/2024\/09\/QQ\u56fe\u724720240909145610-1024x580.png 1024w, https:\/\/www.xzballbearing.com\/wp-content\/uploads\/2024\/09\/QQ\u56fe\u724720240909145610-768x435.png 768w, https:\/\/www.xzballbearing.com\/wp-content\/uploads\/2024\/09\/QQ\u56fe\u724720240909145610-18x10.png 18w, https:\/\/www.xzballbearing.com\/wp-content\/uploads\/2024\/09\/QQ\u56fe\u724720240909145610-600x340.png 600w\" sizes=\"(max-width: 675px) 100vw, 675px\" \/><\/p>\n<p>&nbsp;<\/p>","protected":false},"excerpt":{"rendered":"<p>100% custom-made: specialized in full ceramic bearing,hybrid bearing,thin section bearing Small sum order available: Our quality is ranked by bearing distributors and OEM&#8217;s Quick Delivery: Provide timely delivery cost-effectively and consistently All wholesale price: We are uniquely positioned to provide a full set of engineering solutions for OEMs and distributors. Your purchasing factory store, one-stop [&hellip;]<\/p>","protected":false},"author":1,"featured_media":0,"parent":0,"menu_order":0,"comment_status":"closed","ping_status":"closed","template":"","meta":{"footnotes":""},"class_list":["post-901","page","type-page","status-publish","hentry"],"_links":{"self":[{"href":"https:\/\/www.xzballbearing.com\/es\/wp-json\/wp\/v2\/pages\/901"}],"collection":[{"href":"https:\/\/www.xzballbearing.com\/es\/wp-json\/wp\/v2\/pages"}],"about":[{"href":"https:\/\/www.xzballbearing.com\/es\/wp-json\/wp\/v2\/types\/page"}],"author":[{"embeddable":true,"href":"https:\/\/www.xzballbearing.com\/es\/wp-json\/wp\/v2\/users\/1"}],"replies":[{"embeddable":true,"href":"https:\/\/www.xzballbearing.com\/es\/wp-json\/wp\/v2\/comments?post=901"}],"version-history":[{"count":19,"href":"https:\/\/www.xzballbearing.com\/es\/wp-json\/wp\/v2\/pages\/901\/revisions"}],"predecessor-version":[{"id":5356,"href":"https:\/\/www.xzballbearing.com\/es\/wp-json\/wp\/v2\/pages\/901\/revisions\/5356"}],"wp:attachment":[{"href":"https:\/\/www.xzballbearing.com\/es\/wp-json\/wp\/v2\/media?parent=901"}],"curies":[{"name":"wp","href":"https:\/\/api.w.org\/{rel}","templated":true}]}}