{"id":1077,"date":"2022-04-19T10:01:39","date_gmt":"2022-04-19T02:01:39","guid":{"rendered":"http:\/\/xinzhou.bearingshow.net\/?page_id=1077"},"modified":"2022-04-19T10:01:39","modified_gmt":"2022-04-19T02:01:39","slug":"high-temperature-greases","status":"publish","type":"page","link":"https:\/\/www.xzballbearing.com\/pt\/high-temperature-greases\/","title":{"rendered":"Graxas de alta temperatura"},"content":{"rendered":"<div class=\"tagged-media__footer\">As graxas s\u00e3o formuladas para aplica\u00e7\u00f5es em fundi\u00e7\u00f5es e laminadores, bem como outras aplica\u00e7\u00f5es de alta temperatura, como fornos rotativos, leitos de resfriamento, pavimentadoras de estradas, fornos de recozimento e mancais lisos em guindastes de fundi\u00e7\u00e3o. A aplica\u00e7\u00e3o das graxas pode reduzir os custos de descarte de lubrificantes e efluentes devido ao menor consumo e melhor resist\u00eancia \u00e0 \u00e1gua.<\/div>","protected":false},"excerpt":{"rendered":"<p>As graxas s\u00e3o formuladas para aplica\u00e7\u00f5es em fundi\u00e7\u00f5es e laminadores, bem como outras aplica\u00e7\u00f5es de alta temperatura, como fornos rotativos, leitos de resfriamento, pavimentadoras de estradas, fornos de recozimento e mancais lisos em guindastes de fundi\u00e7\u00e3o. A aplica\u00e7\u00e3o das graxas pode reduzir os custos de descarte de lubrificantes e efluentes devido ao menor consumo e melhor resist\u00eancia \u00e0 \u00e1gua.<\/p>","protected":false},"author":1,"featured_media":1078,"parent":0,"menu_order":0,"comment_status":"closed","ping_status":"closed","template":"","meta":{"footnotes":""},"class_list":["post-1077","page","type-page","status-publish","has-post-thumbnail","hentry"],"_links":{"self":[{"href":"https:\/\/www.xzballbearing.com\/pt\/wp-json\/wp\/v2\/pages\/1077"}],"collection":[{"href":"https:\/\/www.xzballbearing.com\/pt\/wp-json\/wp\/v2\/pages"}],"about":[{"href":"https:\/\/www.xzballbearing.com\/pt\/wp-json\/wp\/v2\/types\/page"}],"author":[{"embeddable":true,"href":"https:\/\/www.xzballbearing.com\/pt\/wp-json\/wp\/v2\/users\/1"}],"replies":[{"embeddable":true,"href":"https:\/\/www.xzballbearing.com\/pt\/wp-json\/wp\/v2\/comments?post=1077"}],"version-history":[{"count":1,"href":"https:\/\/www.xzballbearing.com\/pt\/wp-json\/wp\/v2\/pages\/1077\/revisions"}],"predecessor-version":[{"id":1079,"href":"https:\/\/www.xzballbearing.com\/pt\/wp-json\/wp\/v2\/pages\/1077\/revisions\/1079"}],"wp:featuredmedia":[{"embeddable":true,"href":"https:\/\/www.xzballbearing.com\/pt\/wp-json\/wp\/v2\/media\/1078"}],"wp:attachment":[{"href":"https:\/\/www.xzballbearing.com\/pt\/wp-json\/wp\/v2\/media?parent=1077"}],"curies":[{"name":"wp","href":"https:\/\/api.w.org\/{rel}","templated":true}]}}