{"id":1080,"date":"2022-04-19T10:04:12","date_gmt":"2022-04-19T02:04:12","guid":{"rendered":"http:\/\/xinzhou.bearingshow.net\/?page_id=1080"},"modified":"2022-04-19T10:04:12","modified_gmt":"2022-04-19T02:04:12","slug":"alloy-steel-bearings","status":"publish","type":"page","link":"https:\/\/www.xzballbearing.com\/pt\/alloy-steel-bearings\/","title":{"rendered":"Rolamentos de liga de a\u00e7o"},"content":{"rendered":"<p>Resist\u00eancia a altas temperaturas, graxa de alta temperatura adicionada KLUBER, excelentes propriedades mec\u00e2nicas, baixo custo, adequado para baixa velocidade, alta carga e ambiente dif\u00edcil.<\/p>","protected":false},"excerpt":{"rendered":"<p>Resist\u00eancia a altas temperaturas, graxa de alta temperatura adicionada KLUBER, excelentes propriedades mec\u00e2nicas, baixo custo, adequado para baixa velocidade, alta carga e ambiente dif\u00edcil.<\/p>","protected":false},"author":1,"featured_media":1081,"parent":0,"menu_order":0,"comment_status":"closed","ping_status":"closed","template":"","meta":{"footnotes":""},"class_list":["post-1080","page","type-page","status-publish","has-post-thumbnail","hentry"],"_links":{"self":[{"href":"https:\/\/www.xzballbearing.com\/pt\/wp-json\/wp\/v2\/pages\/1080"}],"collection":[{"href":"https:\/\/www.xzballbearing.com\/pt\/wp-json\/wp\/v2\/pages"}],"about":[{"href":"https:\/\/www.xzballbearing.com\/pt\/wp-json\/wp\/v2\/types\/page"}],"author":[{"embeddable":true,"href":"https:\/\/www.xzballbearing.com\/pt\/wp-json\/wp\/v2\/users\/1"}],"replies":[{"embeddable":true,"href":"https:\/\/www.xzballbearing.com\/pt\/wp-json\/wp\/v2\/comments?post=1080"}],"version-history":[{"count":1,"href":"https:\/\/www.xzballbearing.com\/pt\/wp-json\/wp\/v2\/pages\/1080\/revisions"}],"predecessor-version":[{"id":1082,"href":"https:\/\/www.xzballbearing.com\/pt\/wp-json\/wp\/v2\/pages\/1080\/revisions\/1082"}],"wp:featuredmedia":[{"embeddable":true,"href":"https:\/\/www.xzballbearing.com\/pt\/wp-json\/wp\/v2\/media\/1081"}],"wp:attachment":[{"href":"https:\/\/www.xzballbearing.com\/pt\/wp-json\/wp\/v2\/media?parent=1080"}],"curies":[{"name":"wp","href":"https:\/\/api.w.org\/{rel}","templated":true}]}}