{"id":1405,"date":"2022-05-19T10:36:14","date_gmt":"2022-05-19T02:36:14","guid":{"rendered":"http:\/\/xinzhou.bearingshow.net\/?page_id=1405"},"modified":"2024-08-29T15:50:37","modified_gmt":"2024-08-29T07:50:37","slug":"bearings-for-high-speed-industry","status":"publish","type":"page","link":"https:\/\/www.xzballbearing.com\/pt\/application-solutions\/bearings-for-high-speed-industry\/","title":{"rendered":"Rolamentos para ind\u00fastria de alta velocidade"},"content":{"rendered":"<p><span style=\"font-family: arial, helvetica, sans-serif;\"><img loading=\"lazy\" decoding=\"async\" class=\"alignleft size-medium wp-image-5282\" src=\"https:\/\/www.xzballbearing.com\/wp-content\/uploads\/2024\/08\/QQ\u56fe\u724720240829154523-300x212.png\" alt=\"\" width=\"300\" height=\"212\" srcset=\"https:\/\/www.xzballbearing.com\/wp-content\/uploads\/2024\/08\/QQ\u56fe\u724720240829154523-300x212.png 300w, https:\/\/www.xzballbearing.com\/wp-content\/uploads\/2024\/08\/QQ\u56fe\u724720240829154523-768x542.png 768w, https:\/\/www.xzballbearing.com\/wp-content\/uploads\/2024\/08\/QQ\u56fe\u724720240829154523-18x12.png 18w, https:\/\/www.xzballbearing.com\/wp-content\/uploads\/2024\/08\/QQ\u56fe\u724720240829154523-600x424.png 600w, https:\/\/www.xzballbearing.com\/wp-content\/uploads\/2024\/08\/QQ\u56fe\u724720240829154523.png 850w\" sizes=\"(max-width: 300px) 100vw, 300px\" \/><\/span><\/p>\n<p><span style=\"font-family: arial, helvetica, sans-serif;\">The selection and application of bearings in high-speed industrial applications requires comprehensive consideration of multiple factors, including bearing type, material, structure, lubrication method and matching method, to ensure stable operation and long-term reliability under high speed, high load and high precision requirements.<\/span><br \/>\n<span style=\"font-family: arial, helvetica, sans-serif;\">The application of XZBRG angular contact ball bearings in precision machining equipment not only covers supporting high-speed spindles and precise positioning needs but also meets high-load and high-precision requirements under complex operating conditions.<\/span><\/p>\n<p><span style=\"font-family: arial, helvetica, sans-serif;\">Geralmente, o uso de rolamentos de alta velocidade XINZHOU em fusos de m\u00e1quinas-ferramenta, turbocompressores, fusos de disco r\u00edgido, pe\u00e7as de m\u00e3o dent\u00e1rias, fusos de equipamentos t\u00eaxteis, ferramentas acionadas a ar. Os rolamentos de alta velocidade s\u00e3o geralmente rolamentos de esferas de contato angular de alta precis\u00e3o com esferas cer\u00e2micas e rolamentos cer\u00e2micos h\u00edbridos em miniatura, todos os rolamentos com precis\u00e3o ABEC5 ABEC7 ABEC9.<\/span><\/p>\n<p>&nbsp;<\/p>\n<p><div class=\"col-md-4 col-sm-4 col-xs-12\" >\r\n                        <a class=\"tagged-media\"  href=\"https:\/\/www.xzballbearing.com\/pt\/angular-contact-ball-bearing\/\" >\r\n                        <p><font><font>rolamento de esferas de contato angular<\/font><\/font><\/p>\r\n                        <div class=\"tagged-media__media\" >\r\n                        <img decoding=\"async\" src=\"https:\/\/www.xzballbearing.com\/wp-content\/uploads\/2022\/05\/OIP-C-1.jpg\" alt=\"Angular contact ball bearing\">\r\n                        <\/div>\r\n                        <div class=\"tagged-media__footers\" >\r\n                        <p>Usually, the cages for angular contact ball bearings with a contact angle of 30\u00b0 (Symbol A) or 40\u00b0 (Symbol B) are in accordance with Table 1, but depending on the application, machined synthetic resin cages or molded polyamide resin cages are also used. The basic load ratings given in the bearing tables are based on the cage classification listed in Table 1.<\/p>\r\n                        <\/div>\r\n                        <\/a>\r\n                    <\/div><div class=\"col-md-4 col-sm-4 col-xs-12\" >\r\n                        <a class=\"tagged-media\"  href=\"https:\/\/www.xzballbearing.com\/pt\/miniature-bearing\/\" >\r\n                        <p><font><font>Rolamento miniatura<\/font><\/font><\/p>\r\n                        <div class=\"tagged-media__media\" >\r\n                        <img decoding=\"async\" src=\"https:\/\/www.xzballbearing.com\/wp-content\/uploads\/2022\/12\/QQ\u56fe\u724720221215164811.png\" alt=\"Miniature bearing\">\r\n                        <\/div>\r\n                        <div class=\"tagged-media__footers\" >\r\n                        <p>Miniature bearings refer to ball bearings with small sizes. The following list shows the data of ball bearings whose inner diameters are less than 10mm.If you need more than 10mm balls,you can click the \"Deep Groove Ball Bearings\".<\/p>\r\n                        <\/div>\r\n                        <\/a>\r\n                    <\/div><div class=\"col-md-4 col-sm-4 col-xs-12\" >\r\n                        <a class=\"tagged-media\"  href=\"https:\/\/www.xzballbearing.com\/pt\/thin-section-bearings-3\/\" >\r\n                        <p><font><font>Rolamentos de se\u00e7\u00e3o fina<\/font><\/font><\/p>\r\n                        <div class=\"tagged-media__media\" >\r\n                        <img decoding=\"async\" src=\"https:\/\/www.xzballbearing.com\/wp-content\/uploads\/2022\/04\/robo1.jpg\" alt=\"Thin Section Bearings\">\r\n                        <\/div>\r\n                        <div class=\"tagged-media__footers\" >\r\n                        <p>With sizes ranging from miniature to extra-large, are generally the go-to bearing choice for the majority of robotic and automation applications. Thin section bearings are often designed into robot arm joints due to their low mass, space-saving construction and high-speed capability.<\/p>\r\n                        <\/div>\r\n                        <\/a>\r\n                    <\/div><\/p>","protected":false},"excerpt":{"rendered":"<p>The selection and application of bearings in high-speed industrial applications requires comprehensive consideration of multiple factors, including bearing type, material, structure, lubrication method and matching method, to ensure stable operation and long-term reliability under high speed, high load and high precision requirements. The application of XZBRG angular contact ball bearings in precision machining equipment not [&hellip;]<\/p>","protected":false},"author":1,"featured_media":1406,"parent":78,"menu_order":0,"comment_status":"closed","ping_status":"closed","template":"","meta":{"footnotes":""},"class_list":["post-1405","page","type-page","status-publish","has-post-thumbnail","hentry"],"_links":{"self":[{"href":"https:\/\/www.xzballbearing.com\/pt\/wp-json\/wp\/v2\/pages\/1405"}],"collection":[{"href":"https:\/\/www.xzballbearing.com\/pt\/wp-json\/wp\/v2\/pages"}],"about":[{"href":"https:\/\/www.xzballbearing.com\/pt\/wp-json\/wp\/v2\/types\/page"}],"author":[{"embeddable":true,"href":"https:\/\/www.xzballbearing.com\/pt\/wp-json\/wp\/v2\/users\/1"}],"replies":[{"embeddable":true,"href":"https:\/\/www.xzballbearing.com\/pt\/wp-json\/wp\/v2\/comments?post=1405"}],"version-history":[{"count":4,"href":"https:\/\/www.xzballbearing.com\/pt\/wp-json\/wp\/v2\/pages\/1405\/revisions"}],"predecessor-version":[{"id":5283,"href":"https:\/\/www.xzballbearing.com\/pt\/wp-json\/wp\/v2\/pages\/1405\/revisions\/5283"}],"up":[{"embeddable":true,"href":"https:\/\/www.xzballbearing.com\/pt\/wp-json\/wp\/v2\/pages\/78"}],"wp:featuredmedia":[{"embeddable":true,"href":"https:\/\/www.xzballbearing.com\/pt\/wp-json\/wp\/v2\/media\/1406"}],"wp:attachment":[{"href":"https:\/\/www.xzballbearing.com\/pt\/wp-json\/wp\/v2\/media?parent=1405"}],"curies":[{"name":"wp","href":"https:\/\/api.w.org\/{rel}","templated":true}]}}