{"id":1411,"date":"2022-05-19T10:47:19","date_gmt":"2022-05-19T02:47:19","guid":{"rendered":"http:\/\/xinzhou.bearingshow.net\/?page_id=1411"},"modified":"2022-05-19T14:52:22","modified_gmt":"2022-05-19T06:52:22","slug":"bearings-for-corrosion-resistance","status":"publish","type":"page","link":"https:\/\/www.xzballbearing.com\/pt\/bearings-for-corrosion-resistance\/","title":{"rendered":"Rolamentos para resist\u00eancia \u00e0 corros\u00e3o"},"content":{"rendered":"<p>Rolamentos XINZHOU para rodas e componentes de bicicletas, equipamentos de processamento de semicondutores, pe\u00e7as de m\u00e3o odontol\u00f3gicas e cir\u00fargicas, equipamentos de processamento qu\u00edmico, equipamentos de processamento de alimentos, m\u00e1quinas de fabrica\u00e7\u00e3o de filmes. Esses rolamentos tamb\u00e9m podem ser revestidos com TDC (Thin Dense Chromium) para resist\u00eancia \u00e0 corros\u00e3o e uso resistente ao desgaste.<\/p>\n<p><div class=\"col-md-4 col-sm-4 col-xs-12\" >\r\n                        <a class=\"tagged-media\"  href=\"https:\/\/www.xzballbearing.com\/pt\/stainless-steel-bearings\/\" >\r\n                        <p><font><font>Rolamentos de a\u00e7o inoxid\u00e1vel<\/font><\/font><\/p>\r\n                        <div class=\"tagged-media__media\" >\r\n                        <img decoding=\"async\" src=\"https:\/\/www.xzballbearing.com\/wp-content\/uploads\/2022\/05\/\u5fae\u4fe1\u56fe\u7247_20220519120813.jpg\" alt=\"Stainless Steel Bearings\">\r\n                        <\/div>\r\n                        <div class=\"tagged-media__footers\" >\r\n                        <p>Nossos rolamentos de a\u00e7o inoxid\u00e1vel s\u00e3o amplamente utilizados em aplica\u00e7\u00f5es da ind\u00fastria de alimentos e bebidas. Esses rolamentos geralmente precisam lidar com lavagens regulares, limpeza a vapor, contamina\u00e7\u00e3o, possivelmente altas temperaturas, fluidos e outros materiais corrosivos.<\/p>\r\n                        <\/div>\r\n                        <\/a>\r\n                    <\/div><div class=\"col-md-4 col-sm-4 col-xs-12\" >\r\n                        <a class=\"tagged-media\"  href=\"https:\/\/www.xzballbearing.com\/pt\/full-ceramic-bearings-3\/\" >\r\n                        <p><font><font>Rolamentos cer\u00e2micos completos<\/font><\/font><\/p>\r\n                        <div class=\"tagged-media__media\" >\r\n                        <img decoding=\"async\" src=\"https:\/\/www.xzballbearing.com\/wp-content\/uploads\/2022\/04\/high_3.jpg\" alt=\"Full Ceramic Bearings\">\r\n                        <\/div>\r\n                        <div class=\"tagged-media__footers\" >\r\n                        <p>Resistente \u00e0 corros\u00e3o, alta temperatura, n\u00e3o magn\u00e9tico, sem lubrifica\u00e7\u00e3o, adequado para baixa velocidade, baixa carga e ambiente extremo.<\/p>\r\n                        <\/div>\r\n                        <\/a>\r\n                    <\/div><div class=\"col-md-4 col-sm-4 col-xs-12\" >\r\n                        <a class=\"tagged-media\"  href=\"https:\/\/www.xzballbearing.com\/pt\/custom-bearing\/\" >\r\n                        <p><font><font>Rolamento personalizado<\/font><\/font><\/p>\r\n                        <div class=\"tagged-media__media\" >\r\n                        <img decoding=\"async\" src=\"https:\/\/www.xzballbearing.com\/wp-content\/uploads\/2022\/12\/QQ\u56fe\u724720221215165439.png\" alt=\"Custom bearing\">\r\n                        <\/div>\r\n                        <div class=\"tagged-media__footers\" >\r\n                        <p>Our Products Group: Ceramics,Hybrid,Stainless,Thin Section, High Temp,High Speed,High precision,Special Custom Made<\/p>\r\n                        <\/div>\r\n                        <\/a>\r\n                    <\/div><\/p>","protected":false},"excerpt":{"rendered":"<p>Rolamentos XINZHOU para rodas e componentes de bicicletas, equipamentos de processamento de semicondutores, pe\u00e7as de m\u00e3o odontol\u00f3gicas e cir\u00fargicas, equipamentos de processamento qu\u00edmico, equipamentos de processamento de alimentos, m\u00e1quinas de fabrica\u00e7\u00e3o de filmes. Esses rolamentos tamb\u00e9m podem ser revestidos com TDC (Thin Dense Chromium) para resist\u00eancia \u00e0 corros\u00e3o e uso resistente ao desgaste.<\/p>","protected":false},"author":1,"featured_media":1412,"parent":0,"menu_order":0,"comment_status":"closed","ping_status":"closed","template":"","meta":{"footnotes":""},"class_list":["post-1411","page","type-page","status-publish","has-post-thumbnail","hentry"],"_links":{"self":[{"href":"https:\/\/www.xzballbearing.com\/pt\/wp-json\/wp\/v2\/pages\/1411"}],"collection":[{"href":"https:\/\/www.xzballbearing.com\/pt\/wp-json\/wp\/v2\/pages"}],"about":[{"href":"https:\/\/www.xzballbearing.com\/pt\/wp-json\/wp\/v2\/types\/page"}],"author":[{"embeddable":true,"href":"https:\/\/www.xzballbearing.com\/pt\/wp-json\/wp\/v2\/users\/1"}],"replies":[{"embeddable":true,"href":"https:\/\/www.xzballbearing.com\/pt\/wp-json\/wp\/v2\/comments?post=1411"}],"version-history":[{"count":3,"href":"https:\/\/www.xzballbearing.com\/pt\/wp-json\/wp\/v2\/pages\/1411\/revisions"}],"predecessor-version":[{"id":1468,"href":"https:\/\/www.xzballbearing.com\/pt\/wp-json\/wp\/v2\/pages\/1411\/revisions\/1468"}],"wp:featuredmedia":[{"embeddable":true,"href":"https:\/\/www.xzballbearing.com\/pt\/wp-json\/wp\/v2\/media\/1412"}],"wp:attachment":[{"href":"https:\/\/www.xzballbearing.com\/pt\/wp-json\/wp\/v2\/media?parent=1411"}],"curies":[{"name":"wp","href":"https:\/\/api.w.org\/{rel}","templated":true}]}}