{"id":1470,"date":"2022-05-19T15:00:32","date_gmt":"2022-05-19T07:00:32","guid":{"rendered":"http:\/\/xinzhou.bearingshow.net\/?page_id=1470"},"modified":"2022-12-15T16:20:36","modified_gmt":"2022-12-15T08:20:36","slug":"metric-standard","status":"publish","type":"page","link":"https:\/\/www.xzballbearing.com\/pt\/metric-standard\/","title":{"rendered":"Padr\u00e3o M\u00e9trico"},"content":{"rendered":"<p>Rolamentos em miniatura \u00e0s vezes s\u00e3o chamados de rolamentos de instrumentos e s\u00e3o usados em aplica\u00e7\u00f5es t\u00e3o variadas como girosc\u00f3pios, anem\u00f4metros, medidores de vaz\u00e3o, caixas de engrenagens em miniatura, motores pequenos e modelos controlados por r\u00e1dio. Os rolamentos de esferas em miniatura podem ser abertos ou blindados, o que ajuda a evitar a entrada de sujeira e vazamento de lubrificante, e n\u00e3o flangeados ou flangeados para facilitar a montagem da placa. Algumas op\u00e7\u00f5es de rolamentos de esferas em miniatura apresentam an\u00e9is internos estendidos para ajudar a encaixar certos dispositivos de travamento quando um ajuste de press\u00e3o n\u00e3o \u00e9 poss\u00edvel<div class=\"col-md-4 col-sm-4 col-xs-6  prolist-cat\">\r\n            <a href=\"https:\/\/www.xzballbearing.com\/pt\/product\/metric-standard\/\">\r\n                <div class=\"plist\">\r\n                   \r\n                    <div class=\"col-sm-4\">\r\n                        <div class=\"row\">\r\n                            <img decoding=\"async\" src=\"https:\/\/www.xzballbearing.com\/wp-content\/uploads\/2022\/03\/MR128ZZ-7.jpg\" alt=\"Metric Standard\">\r\n                        <\/div>\r\n                    <\/div>\r\n                    <div class=\"col-sm-8\">\r\n                        <div class=\"title-bt\">\r\n                         Padr\u00e3o M\u00e9trico\r\n                         <\/div>\r\n                    <\/div>\r\n                <\/div>\r\n            <\/a>\r\n        <\/div><\/p>","protected":false},"excerpt":{"rendered":"<p>Miniature bearings are sometimes referred to as instrument bearings and are used in applications as varied as gyros, anemometers, flow meters, miniature gearboxes, small motors and radio controlled models. Miniature ball bearings can be open or shielded, which helps prevent dirt from entering and lubricant from leaking out, and unflanged or flanged for easier plate [&hellip;]<\/p>","protected":false},"author":1,"featured_media":1742,"parent":0,"menu_order":0,"comment_status":"closed","ping_status":"closed","template":"","meta":{"footnotes":""},"class_list":["post-1470","page","type-page","status-publish","has-post-thumbnail","hentry"],"_links":{"self":[{"href":"https:\/\/www.xzballbearing.com\/pt\/wp-json\/wp\/v2\/pages\/1470"}],"collection":[{"href":"https:\/\/www.xzballbearing.com\/pt\/wp-json\/wp\/v2\/pages"}],"about":[{"href":"https:\/\/www.xzballbearing.com\/pt\/wp-json\/wp\/v2\/types\/page"}],"author":[{"embeddable":true,"href":"https:\/\/www.xzballbearing.com\/pt\/wp-json\/wp\/v2\/users\/1"}],"replies":[{"embeddable":true,"href":"https:\/\/www.xzballbearing.com\/pt\/wp-json\/wp\/v2\/comments?post=1470"}],"version-history":[{"count":2,"href":"https:\/\/www.xzballbearing.com\/pt\/wp-json\/wp\/v2\/pages\/1470\/revisions"}],"predecessor-version":[{"id":1741,"href":"https:\/\/www.xzballbearing.com\/pt\/wp-json\/wp\/v2\/pages\/1470\/revisions\/1741"}],"wp:featuredmedia":[{"embeddable":true,"href":"https:\/\/www.xzballbearing.com\/pt\/wp-json\/wp\/v2\/media\/1742"}],"wp:attachment":[{"href":"https:\/\/www.xzballbearing.com\/pt\/wp-json\/wp\/v2\/media?parent=1470"}],"curies":[{"name":"wp","href":"https:\/\/api.w.org\/{rel}","templated":true}]}}