{"id":744,"date":"2022-03-31T15:57:41","date_gmt":"2022-03-31T07:57:41","guid":{"rendered":"http:\/\/xinzhou.bearingshow.net\/?page_id=744"},"modified":"2023-12-04T14:43:34","modified_gmt":"2023-12-04T06:43:34","slug":"about-us","status":"publish","type":"page","link":"https:\/\/www.xzballbearing.com\/pt\/about-us\/","title":{"rendered":"Sobre n\u00f3s"},"content":{"rendered":"<p><span style=\"font-family: arial, helvetica, sans-serif; font-size: 14pt; color: #000000;\"><strong><a style=\"color: #000000;\" href=\"https:\/\/www.xzballbearing.com\/pt\/\">Xinzhou Bearing Industrial Inc.<\/a>\u00a0<\/strong>\u00e9 um dos fabricantes de rolamentos personalizados e distribuidores mundiais de todos os tipos de rolamentos, especializados em tipos de esferas, agulhas e rolos (tamanhos em polegadas e m\u00e9tricas) feitos de cer\u00e2mica (Si3N4\/ZrO2), inoxid\u00e1vel (440c\/316) ou a\u00e7o cromado (a\u00e7o SAE52100); Toler\u00e2ncia ABEC1, 3, 5, 7.n\u00edvel.<\/span><\/p>\r\n<p><span style=\"font-family: arial, helvetica, sans-serif; font-size: 14pt; color: #000000;\"><!-- \/wp:paragraph -->\r\n\r\n<!-- wp:paragraph --><\/span><\/p>\r\n<p><span style=\"font-family: arial, helvetica, sans-serif; font-size: 14pt; color: #000000;\">Trabalhamos diretamente com nossos OEMs e Distribuidores de Rolamentos. Nossos engenheiros podem ajud\u00e1-lo com toler\u00e2ncias de rolamentos, eixos e alojamentos, bem como aplica\u00e7\u00f5es de semicondutores, aplica\u00e7\u00f5es criog\u00eanicas, ambientes extremamente hostis e ambientes de temperaturas extremas.<\/span><\/p>\r\n<p><span style=\"font-family: arial, helvetica, sans-serif; font-size: 14pt; color: #000000;\"><!-- \/wp:paragraph -->\r\n\r\n<!-- wp:paragraph --><\/span><\/p>\r\n<p><span style=\"font-family: arial, helvetica, sans-serif; font-size: 14pt; color: #000000;\">Tamb\u00e9m estocamos rolamentos de outros fabricantes. Distribu\u00edmos rolamentos para temperaturas extremamente altas. Podemos ajudar a projetar\/fabricar qualquer rolamento.<\/span><\/p>\r\n<p><img loading=\"lazy\" decoding=\"async\" class=\"alignnone wp-image-3593 size-full\" src=\"https:\/\/www.xzballbearing.com\/wp-content\/uploads\/2023\/04\/QQ\u56fe\u724720220608154006.png\" alt=\"\" width=\"1200\" height=\"680\" srcset=\"https:\/\/www.xzballbearing.com\/wp-content\/uploads\/2023\/04\/QQ\u56fe\u724720220608154006.png 1200w, https:\/\/www.xzballbearing.com\/wp-content\/uploads\/2023\/04\/QQ\u56fe\u724720220608154006-300x170.png 300w, https:\/\/www.xzballbearing.com\/wp-content\/uploads\/2023\/04\/QQ\u56fe\u724720220608154006-1024x580.png 1024w, https:\/\/www.xzballbearing.com\/wp-content\/uploads\/2023\/04\/QQ\u56fe\u724720220608154006-768x435.png 768w, https:\/\/www.xzballbearing.com\/wp-content\/uploads\/2023\/04\/QQ\u56fe\u724720220608154006-18x10.png 18w, https:\/\/www.xzballbearing.com\/wp-content\/uploads\/2023\/04\/QQ\u56fe\u724720220608154006-600x340.png 600w\" sizes=\"(max-width: 1200px) 100vw, 1200px\" \/><\/p>\r\n<p><img loading=\"lazy\" decoding=\"async\" class=\"alignnone wp-image-1564\" src=\"https:\/\/www.xzballbearing.com\/wp-content\/uploads\/2022\/06\/97ccb47251354a68ab887cf33d1c71aa.jpeg\" alt=\"\" width=\"1110\" height=\"692\" srcset=\"https:\/\/www.xzballbearing.com\/wp-content\/uploads\/2022\/06\/97ccb47251354a68ab887cf33d1c71aa.jpeg 1302w, https:\/\/www.xzballbearing.com\/wp-content\/uploads\/2022\/06\/97ccb47251354a68ab887cf33d1c71aa-300x187.jpeg 300w, https:\/\/www.xzballbearing.com\/wp-content\/uploads\/2022\/06\/97ccb47251354a68ab887cf33d1c71aa-1024x639.jpeg 1024w, https:\/\/www.xzballbearing.com\/wp-content\/uploads\/2022\/06\/97ccb47251354a68ab887cf33d1c71aa-768x479.jpeg 768w, https:\/\/www.xzballbearing.com\/wp-content\/uploads\/2022\/06\/97ccb47251354a68ab887cf33d1c71aa-600x374.jpeg 600w\" sizes=\"(max-width: 1110px) 100vw, 1110px\" \/><\/p>\r\n<p><img loading=\"lazy\" decoding=\"async\" class=\"alignleft  wp-image-4795\" src=\"https:\/\/www.xzballbearing.com\/wp-content\/uploads\/2023\/11\/75QRYR68A7EBL4BZ6JSF-576x1024.jpg\" alt=\"\" width=\"176\" height=\"313\" srcset=\"https:\/\/www.xzballbearing.com\/wp-content\/uploads\/2023\/11\/75QRYR68A7EBL4BZ6JSF-576x1024.jpg 576w, https:\/\/www.xzballbearing.com\/wp-content\/uploads\/2023\/11\/75QRYR68A7EBL4BZ6JSF-169x300.jpg 169w, https:\/\/www.xzballbearing.com\/wp-content\/uploads\/2023\/11\/75QRYR68A7EBL4BZ6JSF-768x1365.jpg 768w, https:\/\/www.xzballbearing.com\/wp-content\/uploads\/2023\/11\/75QRYR68A7EBL4BZ6JSF-864x1536.jpg 864w, https:\/\/www.xzballbearing.com\/wp-content\/uploads\/2023\/11\/75QRYR68A7EBL4BZ6JSF-7x12.jpg 7w, https:\/\/www.xzballbearing.com\/wp-content\/uploads\/2023\/11\/75QRYR68A7EBL4BZ6JSF-600x1067.jpg 600w, https:\/\/www.xzballbearing.com\/wp-content\/uploads\/2023\/11\/75QRYR68A7EBL4BZ6JSF.jpg 1080w\" sizes=\"(max-width: 176px) 100vw, 176px\" \/><\/p>\r\n<p><img loading=\"lazy\" decoding=\"async\" class=\"alignleft wp-image-4793\" src=\"https:\/\/www.xzballbearing.com\/wp-content\/uploads\/2023\/11\/\u5fae\u4fe1\u56fe\u7247_20231129104517-1024x768.jpg\" alt=\"\" width=\"417\" height=\"313\" srcset=\"https:\/\/www.xzballbearing.com\/wp-content\/uploads\/2023\/11\/\u5fae\u4fe1\u56fe\u7247_20231129104517-1024x768.jpg 1024w, https:\/\/www.xzballbearing.com\/wp-content\/uploads\/2023\/11\/\u5fae\u4fe1\u56fe\u7247_20231129104517-300x225.jpg 300w, https:\/\/www.xzballbearing.com\/wp-content\/uploads\/2023\/11\/\u5fae\u4fe1\u56fe\u7247_20231129104517-768x576.jpg 768w, https:\/\/www.xzballbearing.com\/wp-content\/uploads\/2023\/11\/\u5fae\u4fe1\u56fe\u7247_20231129104517-1536x1152.jpg 1536w, https:\/\/www.xzballbearing.com\/wp-content\/uploads\/2023\/11\/\u5fae\u4fe1\u56fe\u7247_20231129104517-2048x1536.jpg 2048w, https:\/\/www.xzballbearing.com\/wp-content\/uploads\/2023\/11\/\u5fae\u4fe1\u56fe\u7247_20231129104517-16x12.jpg 16w, https:\/\/www.xzballbearing.com\/wp-content\/uploads\/2023\/11\/\u5fae\u4fe1\u56fe\u7247_20231129104517-600x450.jpg 600w\" sizes=\"(max-width: 417px) 100vw, 417px\" \/><\/p>\r\n<p><img loading=\"lazy\" decoding=\"async\" class=\"alignleft wp-image-4794\" src=\"https:\/\/www.xzballbearing.com\/wp-content\/uploads\/2023\/11\/@EM78BLIWBND6KLMTOF-768x1024.jpg\" alt=\"\" width=\"231\" height=\"308\" srcset=\"https:\/\/www.xzballbearing.com\/wp-content\/uploads\/2023\/11\/@EM78BLIWBND6KLMTOF-768x1024.jpg 768w, https:\/\/www.xzballbearing.com\/wp-content\/uploads\/2023\/11\/@EM78BLIWBND6KLMTOF-225x300.jpg 225w, https:\/\/www.xzballbearing.com\/wp-content\/uploads\/2023\/11\/@EM78BLIWBND6KLMTOF-1152x1536.jpg 1152w, https:\/\/www.xzballbearing.com\/wp-content\/uploads\/2023\/11\/@EM78BLIWBND6KLMTOF-1536x2048.jpg 1536w, https:\/\/www.xzballbearing.com\/wp-content\/uploads\/2023\/11\/@EM78BLIWBND6KLMTOF-9x12.jpg 9w, https:\/\/www.xzballbearing.com\/wp-content\/uploads\/2023\/11\/@EM78BLIWBND6KLMTOF-600x800.jpg 600w, https:\/\/www.xzballbearing.com\/wp-content\/uploads\/2023\/11\/@EM78BLIWBND6KLMTOF-scaled.jpg 1920w\" sizes=\"(max-width: 231px) 100vw, 231px\" \/><\/p>\r\n<p><img loading=\"lazy\" decoding=\"async\" class=\"wp-image-4799 alignleft\" src=\"https:\/\/www.xzballbearing.com\/wp-content\/uploads\/2023\/11\/\u5fae\u4fe1\u56fe\u7247_20231129104324-scaled-e1701329468351-768x1024.jpg\" alt=\"\" width=\"233\" height=\"310\" srcset=\"https:\/\/www.xzballbearing.com\/wp-content\/uploads\/2023\/11\/\u5fae\u4fe1\u56fe\u7247_20231129104324-scaled-e1701329468351-768x1024.jpg 768w, https:\/\/www.xzballbearing.com\/wp-content\/uploads\/2023\/11\/\u5fae\u4fe1\u56fe\u7247_20231129104324-scaled-e1701329468351-225x300.jpg 225w, https:\/\/www.xzballbearing.com\/wp-content\/uploads\/2023\/11\/\u5fae\u4fe1\u56fe\u7247_20231129104324-scaled-e1701329468351-1152x1536.jpg 1152w, https:\/\/www.xzballbearing.com\/wp-content\/uploads\/2023\/11\/\u5fae\u4fe1\u56fe\u7247_20231129104324-scaled-e1701329468351-1536x2048.jpg 1536w, https:\/\/www.xzballbearing.com\/wp-content\/uploads\/2023\/11\/\u5fae\u4fe1\u56fe\u7247_20231129104324-scaled-e1701329468351-9x12.jpg 9w, https:\/\/www.xzballbearing.com\/wp-content\/uploads\/2023\/11\/\u5fae\u4fe1\u56fe\u7247_20231129104324-scaled-e1701329468351-600x800.jpg 600w, https:\/\/www.xzballbearing.com\/wp-content\/uploads\/2023\/11\/\u5fae\u4fe1\u56fe\u7247_20231129104324-scaled-e1701329468351.jpg 1920w\" sizes=\"(max-width: 233px) 100vw, 233px\" \/><\/p>\r\n<p>&nbsp;<\/p>\r\n<p>&nbsp;<\/p>\r\n<p>&nbsp;<\/p>\r\n<p>&nbsp;<\/p>\r\n<p>&nbsp;<\/p>\r\n<p>&nbsp;<\/p>\r\n<p>&nbsp;<\/p>\r\n<p>&nbsp;<\/p>\r\n<p>&nbsp;<\/p>\r\n<p>&nbsp;<\/p>\r\n<p><img loading=\"lazy\" decoding=\"async\" class=\"alignleft wp-image-4822\" src=\"https:\/\/www.xzballbearing.com\/wp-content\/uploads\/2023\/12\/\u5fae\u4fe1\u56fe\u7247_20231129104314-scaled-e1701672078831-225x300.jpg\" alt=\"\" width=\"340\" height=\"453\" srcset=\"https:\/\/www.xzballbearing.com\/wp-content\/uploads\/2023\/12\/\u5fae\u4fe1\u56fe\u7247_20231129104314-scaled-e1701672078831-225x300.jpg 225w, https:\/\/www.xzballbearing.com\/wp-content\/uploads\/2023\/12\/\u5fae\u4fe1\u56fe\u7247_20231129104314-scaled-e1701672078831-768x1024.jpg 768w, https:\/\/www.xzballbearing.com\/wp-content\/uploads\/2023\/12\/\u5fae\u4fe1\u56fe\u7247_20231129104314-scaled-e1701672078831-1152x1536.jpg 1152w, https:\/\/www.xzballbearing.com\/wp-content\/uploads\/2023\/12\/\u5fae\u4fe1\u56fe\u7247_20231129104314-scaled-e1701672078831-1536x2048.jpg 1536w, https:\/\/www.xzballbearing.com\/wp-content\/uploads\/2023\/12\/\u5fae\u4fe1\u56fe\u7247_20231129104314-scaled-e1701672078831-9x12.jpg 9w, https:\/\/www.xzballbearing.com\/wp-content\/uploads\/2023\/12\/\u5fae\u4fe1\u56fe\u7247_20231129104314-scaled-e1701672078831-600x800.jpg 600w, https:\/\/www.xzballbearing.com\/wp-content\/uploads\/2023\/12\/\u5fae\u4fe1\u56fe\u7247_20231129104314-scaled-e1701672078831.jpg 1920w\" sizes=\"(max-width: 340px) 100vw, 340px\" \/><img loading=\"lazy\" decoding=\"async\" class=\"alignleft wp-image-4823\" src=\"https:\/\/www.xzballbearing.com\/wp-content\/uploads\/2023\/12\/\u5fae\u4fe1\u56fe\u7247_20231129104317-scaled-e1701672103713-225x300.jpg\" alt=\"\" width=\"343\" height=\"457\" srcset=\"https:\/\/www.xzballbearing.com\/wp-content\/uploads\/2023\/12\/\u5fae\u4fe1\u56fe\u7247_20231129104317-scaled-e1701672103713-225x300.jpg 225w, https:\/\/www.xzballbearing.com\/wp-content\/uploads\/2023\/12\/\u5fae\u4fe1\u56fe\u7247_20231129104317-scaled-e1701672103713-768x1024.jpg 768w, https:\/\/www.xzballbearing.com\/wp-content\/uploads\/2023\/12\/\u5fae\u4fe1\u56fe\u7247_20231129104317-scaled-e1701672103713-1152x1536.jpg 1152w, https:\/\/www.xzballbearing.com\/wp-content\/uploads\/2023\/12\/\u5fae\u4fe1\u56fe\u7247_20231129104317-scaled-e1701672103713-1536x2048.jpg 1536w, https:\/\/www.xzballbearing.com\/wp-content\/uploads\/2023\/12\/\u5fae\u4fe1\u56fe\u7247_20231129104317-scaled-e1701672103713-9x12.jpg 9w, https:\/\/www.xzballbearing.com\/wp-content\/uploads\/2023\/12\/\u5fae\u4fe1\u56fe\u7247_20231129104317-scaled-e1701672103713-600x800.jpg 600w, https:\/\/www.xzballbearing.com\/wp-content\/uploads\/2023\/12\/\u5fae\u4fe1\u56fe\u7247_20231129104317-scaled-e1701672103713.jpg 1920w\" sizes=\"(max-width: 343px) 100vw, 343px\" \/><\/p>\r\n<p><img loading=\"lazy\" decoding=\"async\" class=\"alignleft wp-image-4821\" src=\"https:\/\/www.xzballbearing.com\/wp-content\/uploads\/2023\/12\/\u5fae\u4fe1\u56fe\u7247_20231129104310-scaled-e1701672119763-225x300.jpg\" alt=\"\" width=\"344\" height=\"459\" srcset=\"https:\/\/www.xzballbearing.com\/wp-content\/uploads\/2023\/12\/\u5fae\u4fe1\u56fe\u7247_20231129104310-scaled-e1701672119763-225x300.jpg 225w, https:\/\/www.xzballbearing.com\/wp-content\/uploads\/2023\/12\/\u5fae\u4fe1\u56fe\u7247_20231129104310-scaled-e1701672119763-768x1024.jpg 768w, https:\/\/www.xzballbearing.com\/wp-content\/uploads\/2023\/12\/\u5fae\u4fe1\u56fe\u7247_20231129104310-scaled-e1701672119763-1152x1536.jpg 1152w, https:\/\/www.xzballbearing.com\/wp-content\/uploads\/2023\/12\/\u5fae\u4fe1\u56fe\u7247_20231129104310-scaled-e1701672119763-1536x2048.jpg 1536w, https:\/\/www.xzballbearing.com\/wp-content\/uploads\/2023\/12\/\u5fae\u4fe1\u56fe\u7247_20231129104310-scaled-e1701672119763-9x12.jpg 9w, https:\/\/www.xzballbearing.com\/wp-content\/uploads\/2023\/12\/\u5fae\u4fe1\u56fe\u7247_20231129104310-scaled-e1701672119763-600x800.jpg 600w, https:\/\/www.xzballbearing.com\/wp-content\/uploads\/2023\/12\/\u5fae\u4fe1\u56fe\u7247_20231129104310-scaled-e1701672119763.jpg 1920w\" sizes=\"(max-width: 344px) 100vw, 344px\" \/><\/p>\r\n<p><img loading=\"lazy\" decoding=\"async\" class=\"alignleft  wp-image-4798\" src=\"https:\/\/www.xzballbearing.com\/wp-content\/uploads\/2023\/11\/\u5fae\u4fe1\u56fe\u7247_20231129104637-1024x768.jpg\" alt=\"\" width=\"504\" height=\"378\" srcset=\"https:\/\/www.xzballbearing.com\/wp-content\/uploads\/2023\/11\/\u5fae\u4fe1\u56fe\u7247_20231129104637-1024x768.jpg 1024w, https:\/\/www.xzballbearing.com\/wp-content\/uploads\/2023\/11\/\u5fae\u4fe1\u56fe\u7247_20231129104637-300x225.jpg 300w, https:\/\/www.xzballbearing.com\/wp-content\/uploads\/2023\/11\/\u5fae\u4fe1\u56fe\u7247_20231129104637-768x576.jpg 768w, https:\/\/www.xzballbearing.com\/wp-content\/uploads\/2023\/11\/\u5fae\u4fe1\u56fe\u7247_20231129104637-1536x1152.jpg 1536w, https:\/\/www.xzballbearing.com\/wp-content\/uploads\/2023\/11\/\u5fae\u4fe1\u56fe\u7247_20231129104637-2048x1536.jpg 2048w, https:\/\/www.xzballbearing.com\/wp-content\/uploads\/2023\/11\/\u5fae\u4fe1\u56fe\u7247_20231129104637-16x12.jpg 16w, https:\/\/www.xzballbearing.com\/wp-content\/uploads\/2023\/11\/\u5fae\u4fe1\u56fe\u7247_20231129104637-600x450.jpg 600w\" sizes=\"(max-width: 504px) 100vw, 504px\" \/><\/p>\r\n<p><img loading=\"lazy\" decoding=\"async\" class=\"alignleft  wp-image-4796\" src=\"https:\/\/www.xzballbearing.com\/wp-content\/uploads\/2023\/11\/\u5fae\u4fe1\u56fe\u7247_20231129104633-scaled-e1701329258216-768x1024.jpg\" alt=\"\" width=\"285\" height=\"380\" srcset=\"https:\/\/www.xzballbearing.com\/wp-content\/uploads\/2023\/11\/\u5fae\u4fe1\u56fe\u7247_20231129104633-scaled-e1701329258216-768x1024.jpg 768w, https:\/\/www.xzballbearing.com\/wp-content\/uploads\/2023\/11\/\u5fae\u4fe1\u56fe\u7247_20231129104633-scaled-e1701329258216-225x300.jpg 225w, https:\/\/www.xzballbearing.com\/wp-content\/uploads\/2023\/11\/\u5fae\u4fe1\u56fe\u7247_20231129104633-scaled-e1701329258216-1152x1536.jpg 1152w, https:\/\/www.xzballbearing.com\/wp-content\/uploads\/2023\/11\/\u5fae\u4fe1\u56fe\u7247_20231129104633-scaled-e1701329258216-1536x2048.jpg 1536w, https:\/\/www.xzballbearing.com\/wp-content\/uploads\/2023\/11\/\u5fae\u4fe1\u56fe\u7247_20231129104633-scaled-e1701329258216-9x12.jpg 9w, https:\/\/www.xzballbearing.com\/wp-content\/uploads\/2023\/11\/\u5fae\u4fe1\u56fe\u7247_20231129104633-scaled-e1701329258216-600x800.jpg 600w, https:\/\/www.xzballbearing.com\/wp-content\/uploads\/2023\/11\/\u5fae\u4fe1\u56fe\u7247_20231129104633-scaled-e1701329258216.jpg 1920w\" sizes=\"(max-width: 285px) 100vw, 285px\" \/><\/p>\r\n<p><img loading=\"lazy\" decoding=\"async\" class=\"wp-image-4797 alignleft\" src=\"https:\/\/www.xzballbearing.com\/wp-content\/uploads\/2023\/11\/J70LHHW57PBO1T5ECMB-768x1024.jpg\" alt=\"\" width=\"287\" height=\"383\" srcset=\"https:\/\/www.xzballbearing.com\/wp-content\/uploads\/2023\/11\/J70LHHW57PBO1T5ECMB-768x1024.jpg 768w, https:\/\/www.xzballbearing.com\/wp-content\/uploads\/2023\/11\/J70LHHW57PBO1T5ECMB-225x300.jpg 225w, https:\/\/www.xzballbearing.com\/wp-content\/uploads\/2023\/11\/J70LHHW57PBO1T5ECMB-1152x1536.jpg 1152w, https:\/\/www.xzballbearing.com\/wp-content\/uploads\/2023\/11\/J70LHHW57PBO1T5ECMB-1536x2048.jpg 1536w, https:\/\/www.xzballbearing.com\/wp-content\/uploads\/2023\/11\/J70LHHW57PBO1T5ECMB-9x12.jpg 9w, https:\/\/www.xzballbearing.com\/wp-content\/uploads\/2023\/11\/J70LHHW57PBO1T5ECMB-600x800.jpg 600w, https:\/\/www.xzballbearing.com\/wp-content\/uploads\/2023\/11\/J70LHHW57PBO1T5ECMB-scaled.jpg 1920w\" sizes=\"(max-width: 287px) 100vw, 287px\" \/><\/p>","protected":false},"excerpt":{"rendered":"<p>Xinzhou Bearing Industrial Inc.\u00a0is one of the Custom Bearing Manufacturer and world wide Distributors of all types of Bearings,specializing in Ball, Needle, and Roller types (Inch and Metric Sizes) made from Ceramic (Si3N4\/ZrO2), Stainless (440c\/316) or Chrome Steel(SAE52100 steel); Tolerance ABEC1, 3, 5, 7.level. We work directly with our OEMs and Bearing Distributors. Our engineers [&hellip;]<\/p>","protected":false},"author":1,"featured_media":0,"parent":0,"menu_order":0,"comment_status":"closed","ping_status":"closed","template":"","meta":{"footnotes":""},"class_list":["post-744","page","type-page","status-publish","hentry"],"_links":{"self":[{"href":"https:\/\/www.xzballbearing.com\/pt\/wp-json\/wp\/v2\/pages\/744"}],"collection":[{"href":"https:\/\/www.xzballbearing.com\/pt\/wp-json\/wp\/v2\/pages"}],"about":[{"href":"https:\/\/www.xzballbearing.com\/pt\/wp-json\/wp\/v2\/types\/page"}],"author":[{"embeddable":true,"href":"https:\/\/www.xzballbearing.com\/pt\/wp-json\/wp\/v2\/users\/1"}],"replies":[{"embeddable":true,"href":"https:\/\/www.xzballbearing.com\/pt\/wp-json\/wp\/v2\/comments?post=744"}],"version-history":[{"count":22,"href":"https:\/\/www.xzballbearing.com\/pt\/wp-json\/wp\/v2\/pages\/744\/revisions"}],"predecessor-version":[{"id":4824,"href":"https:\/\/www.xzballbearing.com\/pt\/wp-json\/wp\/v2\/pages\/744\/revisions\/4824"}],"wp:attachment":[{"href":"https:\/\/www.xzballbearing.com\/pt\/wp-json\/wp\/v2\/media?parent=744"}],"curies":[{"name":"wp","href":"https:\/\/api.w.org\/{rel}","templated":true}]}}