{"id":773,"date":"2022-04-02T14:52:38","date_gmt":"2022-04-02T06:52:38","guid":{"rendered":"http:\/\/xinzhou.bearingshow.net\/?page_id=773"},"modified":"2022-04-19T09:35:35","modified_gmt":"2022-04-19T01:35:35","slug":"food-beverage-grade-bearings","status":"publish","type":"page","link":"https:\/\/www.xzballbearing.com\/pt\/food-beverage-grade-bearings\/","title":{"rendered":"Rolamentos para alimentos e bebidas"},"content":{"rendered":"<p>Os processadores de alimentos e bebidas enfrentam press\u00e3o para tornar os alimentos mais seguros, mais higi\u00eanicos e saud\u00e1veis. Ao mesmo tempo, eles precisam controlar os custos de manuten\u00e7\u00e3o e melhorar sua\u00a0\u00a0opera\u00e7\u00e3o\u00a0\u00a0\u00a0\u00a0. Os rolamentos XINZHOU trabalham com uma variedade de estilos e materiais para garantir que suas pe\u00e7as possam suportar as condi\u00e7\u00f5es extremas e os requisitos governamentais espec\u00edficos necess\u00e1rios para a produ\u00e7\u00e3o de alimentos.<\/p>\r\n<p><div class=\"col-md-4 col-sm-4 col-xs-12\" >\r\n                        <a class=\"tagged-media\"  href=\"https:\/\/www.xzballbearing.com\/pt\/bearing-solutions-for-the-food-and-beverage-industry\/\" >\r\n                        <p><font><font>Greases<\/font><\/font><\/p>\r\n                        <div class=\"tagged-media__media\" >\r\n                        <img decoding=\"async\" src=\"https:\/\/www.xzballbearing.com\/wp-content\/uploads\/2022\/04\/food01.jpg\" alt=\"Greases\">\r\n                        <\/div>\r\n                        <div class=\"tagged-media__footers\" >\r\n                        <p>Several of our lubricants are specifically used for the food industry including USDA H1 and H2 lubricants. These special bearing lubricants conform to Food and Drug Administration (FDA) CFR Title 21 and have been approved and registered by the National Sanitation Foundation (NSF).<\/p>\r\n                        <\/div>\r\n                        <\/a>\r\n                    <\/div><div class=\"col-md-4 col-sm-4 col-xs-12\" >\r\n                        <a class=\"tagged-media\"  href=\"https:\/\/www.xzballbearing.com\/pt\/stainless-steel-bearings\/\" >\r\n                        <p><font><font>Rolamentos de a\u00e7o inoxid\u00e1vel<\/font><\/font><\/p>\r\n                        <div class=\"tagged-media__media\" >\r\n                        <img decoding=\"async\" src=\"https:\/\/www.xzballbearing.com\/wp-content\/uploads\/2022\/05\/\u5fae\u4fe1\u56fe\u7247_20220519120813.jpg\" alt=\"Stainless Steel Bearings\">\r\n                        <\/div>\r\n                        <div class=\"tagged-media__footers\" >\r\n                        <p>Nossos rolamentos de a\u00e7o inoxid\u00e1vel s\u00e3o amplamente utilizados em aplica\u00e7\u00f5es da ind\u00fastria de alimentos e bebidas. Esses rolamentos geralmente precisam lidar com lavagens regulares, limpeza a vapor, contamina\u00e7\u00e3o, possivelmente altas temperaturas, fluidos e outros materiais corrosivos.<\/p>\r\n                        <\/div>\r\n                        <\/a>\r\n                    <\/div><div class=\"col-md-4 col-sm-4 col-xs-12\" >\r\n                        <a class=\"tagged-media\"  href=\"https:\/\/www.xzballbearing.com\/pt\/ceramic-bearings\/\" >\r\n                        <p><font><font>Rolamentos de cer\u00e2mica<\/font><\/font><\/p>\r\n                        <div class=\"tagged-media__media\" >\r\n                        <img decoding=\"async\" src=\"https:\/\/www.xzballbearing.com\/wp-content\/uploads\/2022\/05\/\u5fae\u4fe1\u56fe\u7247_20220519121835.png\" alt=\"Ceramic Bearings\">\r\n                        <\/div>\r\n                        <div class=\"tagged-media__footers\" >\r\n                        <p>Cer\u00e2mica - Um material especial que \u00e9 mais resistente \u00e0 corros\u00e3o, mais duradouro do que o material de rolamento de a\u00e7o inoxid\u00e1vel.<\/p>\r\n                        <\/div>\r\n                        <\/a>\r\n                    <\/div><\/p>","protected":false},"excerpt":{"rendered":"<p>Os processadores de alimentos e bebidas enfrentam press\u00e3o para tornar os alimentos mais seguros, mais higi\u00eanicos e saud\u00e1veis. Ao mesmo tempo, eles precisam controlar os custos de manuten\u00e7\u00e3o e melhorar sua\u00a0\u00a0opera\u00e7\u00e3o\u00a0\u00a0\u00a0\u00a0. Os rolamentos XINZHOU trabalham com uma variedade de estilos e materiais para garantir que suas pe\u00e7as possam suportar as condi\u00e7\u00f5es extremas e os requisitos governamentais espec\u00edficos necess\u00e1rios para a produ\u00e7\u00e3o de alimentos.<\/p>","protected":false},"author":1,"featured_media":927,"parent":0,"menu_order":0,"comment_status":"closed","ping_status":"closed","template":"","meta":{"footnotes":""},"class_list":["post-773","page","type-page","status-publish","has-post-thumbnail","hentry"],"_links":{"self":[{"href":"https:\/\/www.xzballbearing.com\/pt\/wp-json\/wp\/v2\/pages\/773"}],"collection":[{"href":"https:\/\/www.xzballbearing.com\/pt\/wp-json\/wp\/v2\/pages"}],"about":[{"href":"https:\/\/www.xzballbearing.com\/pt\/wp-json\/wp\/v2\/types\/page"}],"author":[{"embeddable":true,"href":"https:\/\/www.xzballbearing.com\/pt\/wp-json\/wp\/v2\/users\/1"}],"replies":[{"embeddable":true,"href":"https:\/\/www.xzballbearing.com\/pt\/wp-json\/wp\/v2\/comments?post=773"}],"version-history":[{"count":7,"href":"https:\/\/www.xzballbearing.com\/pt\/wp-json\/wp\/v2\/pages\/773\/revisions"}],"predecessor-version":[{"id":792,"href":"https:\/\/www.xzballbearing.com\/pt\/wp-json\/wp\/v2\/pages\/773\/revisions\/792"}],"wp:featuredmedia":[{"embeddable":true,"href":"https:\/\/www.xzballbearing.com\/pt\/wp-json\/wp\/v2\/media\/927"}],"wp:attachment":[{"href":"https:\/\/www.xzballbearing.com\/pt\/wp-json\/wp\/v2\/media?parent=773"}],"curies":[{"name":"wp","href":"https:\/\/api.w.org\/{rel}","templated":true}]}}