{"id":786,"date":"2022-04-02T15:16:21","date_gmt":"2022-04-02T07:16:21","guid":{"rendered":"http:\/\/xinzhou.bearingshow.net\/?page_id=786"},"modified":"2022-04-19T09:36:54","modified_gmt":"2022-04-19T01:36:54","slug":"robotics-bearings","status":"publish","type":"page","link":"https:\/\/www.xzballbearing.com\/pt\/robotics-bearings\/","title":{"rendered":"Rolamentos de rob\u00f3tica"},"content":{"rendered":"<p>Os rolamentos usados em aplica\u00e7\u00f5es rob\u00f3ticas devem ser de muito\u00a0\u00a0alta precis\u00e3o\u00a0com boa precis\u00e3o rotacional e confiabilidade. O fornecimento de rolamentos Premier\u00a0permite que esses dispositivos rob\u00f3ticos operem de forma suave e eficiente para que sua opera\u00e7\u00e3o continue a ter sucesso. N\u00f3s\uff0c\u00a0XINZHOU Bearing tem a solu\u00e7\u00e3o de rolamento certa para voc\u00ea, seja um rolamento de base de bra\u00e7o rob\u00f3tico ou um rolamento usado em um bra\u00e7o rob\u00f3tico articulado.<\/p>\n<p><div class=\"col-md-4 col-sm-4 col-xs-12\" >\r\n                        <a class=\"tagged-media\"  href=\"https:\/\/www.xzballbearing.com\/pt\/thin-section-bearings-3\/\" >\r\n                        <p><font><font>Rolamentos de se\u00e7\u00e3o fina<\/font><\/font><\/p>\r\n                        <div class=\"tagged-media__media\" >\r\n                        <img decoding=\"async\" src=\"https:\/\/www.xzballbearing.com\/wp-content\/uploads\/2022\/04\/robo1.jpg\" alt=\"Thin Section Bearings\">\r\n                        <\/div>\r\n                        <div class=\"tagged-media__footers\" >\r\n                        <p>With sizes ranging from miniature to extra-large, are generally the go-to bearing choice for the majority of robotic and automation applications. Thin section bearings are often designed into robot arm joints due to their low mass, space-saving construction and high-speed capability.<\/p>\r\n                        <\/div>\r\n                        <\/a>\r\n                    <\/div><div class=\"col-md-4 col-sm-4 col-xs-12\" >\r\n                        <a class=\"tagged-media\"  href=\"https:\/\/www.xzballbearing.com\/pt\/crossed-roller-bearings-2\/\" >\r\n                        <p><font><font>Rolamentos de rolos cruzados<\/font><\/font><\/p>\r\n                        <div class=\"tagged-media__media\" >\r\n                        <img decoding=\"async\" src=\"https:\/\/www.xzballbearing.com\/wp-content\/uploads\/2022\/04\/robo3-1.jpg\" alt=\"Crossed Roller Bearings\">\r\n                        <\/div>\r\n                        <div class=\"tagged-media__footers\" >\r\n                        <p>A s\u00e9rie Crossed Roller Bearings inclui os primeiros rolamentos de mesa girat\u00f3ria de pequena escala e se\u00e7\u00e3o fina projetados para aplica\u00e7\u00f5es exigentes, incluindo rob\u00f3tica. Os rolamentos de mesa girat\u00f3ria da s\u00e9rie Crossed Roller Bearings economizam peso, reduzem os tamanhos de envelope do projeto do produto e aumentam a flexibilidade do projeto. Os rolamentos de rolos cruzados oferecem vantagens significativas em rela\u00e7\u00e3o aos rolamentos de coroa de orienta\u00e7\u00e3o convencionais, incluindo tamanho menor, precis\u00e3o aprimorada e instala\u00e7\u00e3o e troca r\u00e1pidas.<\/p>\r\n                        <\/div>\r\n                        <\/a>\r\n                    <\/div><div class=\"col-md-4 col-sm-4 col-xs-12\" >\r\n                        <a class=\"tagged-media\"  href=\"https:\/\/www.xzballbearing.com\/pt\/slewing-ring-bearings\/\" >\r\n                        <p><font><font>Rolamentos de giro<\/font><\/font><\/p>\r\n                        <div class=\"tagged-media__media\" >\r\n                        <img decoding=\"async\" src=\"https:\/\/www.xzballbearing.com\/wp-content\/uploads\/2022\/04\/robo4.jpg\" alt=\"Slewing Ring Bearings\">\r\n                        <\/div>\r\n                        <div class=\"tagged-media__footers\" >\r\n                        <p>Os rolamentos de anel girat\u00f3rio s\u00e3o comumente usados para o primeiro eixo de um rob\u00f4 de seis eixos, \u00e0s vezes chamado de cintura, que deve suportar toda a estrutura, bra\u00e7o e carga \u00fatil do rob\u00f4. Os rolamentos de coroa de orienta\u00e7\u00e3o LILY oferecem excelente precis\u00e3o rotacional, capacidade de carga e longa vida \u00fatil, com configura\u00e7\u00f5es integrais (orif\u00edcios de parafusos de montagem, veda\u00e7\u00f5es, engrenagens, etc.) que podem levar a economias significativas em materiais e montagem.<\/p>\r\n                        <\/div>\r\n                        <\/a>\r\n                    <\/div><\/p>","protected":false},"excerpt":{"rendered":"<p>The bearings used in robotic applications must be very\u00a0\u00a0high precision leavel\u00a0with good rotational accuracy and reliability. \u00a0Premier bearing supplying\u00a0allow these robotics devices to operate smoothly and efficiently so that your operation can continue to succeed.\u00a0\u00a0We\uff0c\u00a0XINZHOU Bearing has the right bearing solution for you, whether that be a robotic arm base bearing or a bearing used [&hellip;]<\/p>","protected":false},"author":1,"featured_media":943,"parent":0,"menu_order":0,"comment_status":"closed","ping_status":"closed","template":"","meta":{"footnotes":""},"class_list":["post-786","page","type-page","status-publish","has-post-thumbnail","hentry"],"_links":{"self":[{"href":"https:\/\/www.xzballbearing.com\/pt\/wp-json\/wp\/v2\/pages\/786"}],"collection":[{"href":"https:\/\/www.xzballbearing.com\/pt\/wp-json\/wp\/v2\/pages"}],"about":[{"href":"https:\/\/www.xzballbearing.com\/pt\/wp-json\/wp\/v2\/types\/page"}],"author":[{"embeddable":true,"href":"https:\/\/www.xzballbearing.com\/pt\/wp-json\/wp\/v2\/users\/1"}],"replies":[{"embeddable":true,"href":"https:\/\/www.xzballbearing.com\/pt\/wp-json\/wp\/v2\/comments?post=786"}],"version-history":[{"count":7,"href":"https:\/\/www.xzballbearing.com\/pt\/wp-json\/wp\/v2\/pages\/786\/revisions"}],"predecessor-version":[{"id":1068,"href":"https:\/\/www.xzballbearing.com\/pt\/wp-json\/wp\/v2\/pages\/786\/revisions\/1068"}],"wp:featuredmedia":[{"embeddable":true,"href":"https:\/\/www.xzballbearing.com\/pt\/wp-json\/wp\/v2\/media\/943"}],"wp:attachment":[{"href":"https:\/\/www.xzballbearing.com\/pt\/wp-json\/wp\/v2\/media?parent=786"}],"curies":[{"name":"wp","href":"https:\/\/api.w.org\/{rel}","templated":true}]}}