{"id":800,"date":"2022-04-02T15:57:42","date_gmt":"2022-04-02T07:57:42","guid":{"rendered":"http:\/\/xinzhou.bearingshow.net\/?page_id=800"},"modified":"2022-05-19T12:09:21","modified_gmt":"2022-05-19T04:09:21","slug":"stainless-steel-bearings","status":"publish","type":"page","link":"https:\/\/www.xzballbearing.com\/pt\/stainless-steel-bearings\/","title":{"rendered":"Rolamentos de a\u00e7o inoxid\u00e1vel"},"content":{"rendered":"<p>Nossos rolamentos de a\u00e7o inoxid\u00e1vel s\u00e3o amplamente utilizados em aplica\u00e7\u00f5es da ind\u00fastria de alimentos e bebidas. Esses rolamentos geralmente precisam lidar com lavagens regulares, limpeza a vapor, contamina\u00e7\u00e3o, possivelmente altas temperaturas, fluidos e outros materiais corrosivos.<\/p>\n<div class=\"col-md-4 col-sm-4 col-xs-6  prolist-cat\">\r\n    <a href=\"https:\/\/www.xzballbearing.com\/pt\/product-cat\/stainless-steel-ball-bearings\/\">\r\n        <div class=\"plist\">\r\n           \r\n            <div class=\"col-sm-4\">\r\n                <div class=\"row\">\r\n                    <img decoding=\"async\" src=\"https:\/\/www.xzballbearing.com\/wp-content\/uploads\/2022\/03\/Stainless-Steel-Ball-Bearings.jpg\" alt=\"Stainless Steel Ball Bearings\">\r\n                <\/div>\r\n            <\/div>\r\n            <div class=\"col-sm-8\">\r\n                <div class=\"title-bt\">\r\n                 Rolamentos de esferas de a\u00e7o inoxid\u00e1vel\r\n                 <\/div>\r\n            <\/div>\r\n        <\/div>\r\n    <\/a>\r\n<\/div><div class=\"col-md-4 col-sm-4 col-xs-6  prolist-cat\">\r\n    <a href=\"https:\/\/www.xzballbearing.com\/pt\/product-cat\/stainless-steel-mounted-units\/\">\r\n        <div class=\"plist\">\r\n           \r\n            <div class=\"col-sm-4\">\r\n                <div class=\"row\">\r\n                    <img decoding=\"async\" src=\"https:\/\/www.xzballbearing.com\/wp-content\/uploads\/2022\/03\/Stainless-Steel-Mounted-Units-1.jpg\" alt=\"Stainless Steel Mounted Units\">\r\n                <\/div>\r\n            <\/div>\r\n            <div class=\"col-sm-8\">\r\n                <div class=\"title-bt\">\r\n                 Unidades montadas em a\u00e7o inoxid\u00e1vel\r\n                 <\/div>\r\n            <\/div>\r\n        <\/div>\r\n    <\/a>\r\n<\/div><div class=\"col-md-4 col-sm-4 col-xs-6  prolist-cat\">\r\n    <a href=\"https:\/\/www.xzballbearing.com\/pt\/product-cat\/stainless-steel-spherical-plainbearings-and-rod-ends\/\">\r\n        <div class=\"plist\">\r\n           \r\n            <div class=\"col-sm-4\">\r\n                <div class=\"row\">\r\n                    <img decoding=\"async\" src=\"https:\/\/www.xzballbearing.com\/wp-content\/uploads\/2022\/03\/Stainless-Steel-Spherical-Plain-Bearings-and-Rod-Ends.jpg\" alt=\"Stainless Steel Spherical Plainbearings And Rod Ends\">\r\n                <\/div>\r\n            <\/div>\r\n            <div class=\"col-sm-8\">\r\n                <div class=\"title-bt\">\r\n                 Mancais e terminais esf\u00e9ricos de a\u00e7o inoxid\u00e1vel\r\n                 <\/div>\r\n            <\/div>\r\n        <\/div>\r\n    <\/a>\r\n<\/div><div class=\"col-md-4 col-sm-4 col-xs-6  prolist-cat\">\r\n    <a href=\"https:\/\/www.xzballbearing.com\/pt\/product-cat\/stainless-steel-thrust-ball-bearings\/\">\r\n        <div class=\"plist\">\r\n           \r\n            <div class=\"col-sm-4\">\r\n                <div class=\"row\">\r\n                    <img decoding=\"async\" src=\"https:\/\/www.xzballbearing.com\/wp-content\/uploads\/2022\/03\/s51201-4.jpg\" alt=\"Stainless Steel Thrust Ball Bearings\">\r\n                <\/div>\r\n            <\/div>\r\n            <div class=\"col-sm-8\">\r\n                <div class=\"title-bt\">\r\n                 Rolamentos axiais de esferas de a\u00e7o inoxid\u00e1vel\r\n                 <\/div>\r\n            <\/div>\r\n        <\/div>\r\n    <\/a>\r\n<\/div><div class=\"col-md-4 col-sm-4 col-xs-6  prolist-cat\">\r\n    <a href=\"https:\/\/www.xzballbearing.com\/pt\/product-cat\/stainless-steel-cam-followers\/\">\r\n        <div class=\"plist\">\r\n           \r\n            <div class=\"col-sm-4\">\r\n                <div class=\"row\">\r\n                    <img decoding=\"async\" src=\"https:\/\/www.xzballbearing.com\/wp-content\/uploads\/2022\/03\/Stainless-Steel-Cam-Followers.png\" alt=\"Stainless Steel Cam Followers\">\r\n                <\/div>\r\n            <\/div>\r\n            <div class=\"col-sm-8\">\r\n                <div class=\"title-bt\">\r\n                 Seguidores de came de a\u00e7o inoxid\u00e1vel\r\n                 <\/div>\r\n            <\/div>\r\n        <\/div>\r\n    <\/a>\r\n<\/div><div class=\"col-md-4 col-sm-4 col-xs-6  prolist-cat\">\r\n    <a href=\"https:\/\/www.xzballbearing.com\/pt\/product-cat\/stainless-steel-flanged-ball-bearings\/\">\r\n        <div class=\"plist\">\r\n           \r\n            <div class=\"col-sm-4\">\r\n                <div class=\"row\">\r\n                    <img decoding=\"async\" src=\"https:\/\/www.xzballbearing.com\/wp-content\/uploads\/2022\/03\/Stainless-Steel-Flanged-Ball-Bearings.jpg\" alt=\"Stainless Steel Flanged Ball Bearings\">\r\n                <\/div>\r\n            <\/div>\r\n            <div class=\"col-sm-8\">\r\n                <div class=\"title-bt\">\r\n                 Rolamentos de esferas flangeados de a\u00e7o inoxid\u00e1vel\r\n                 <\/div>\r\n            <\/div>\r\n        <\/div>\r\n    <\/a>\r\n<\/div>","protected":false},"excerpt":{"rendered":"<p>Nossos rolamentos de a\u00e7o inoxid\u00e1vel s\u00e3o amplamente utilizados em aplica\u00e7\u00f5es da ind\u00fastria de alimentos e bebidas. Esses rolamentos geralmente precisam lidar com lavagens regulares, limpeza a vapor, contamina\u00e7\u00e3o, possivelmente altas temperaturas, fluidos e outros materiais corrosivos.<\/p>","protected":false},"author":1,"featured_media":1435,"parent":0,"menu_order":0,"comment_status":"closed","ping_status":"closed","template":"","meta":{"footnotes":""},"class_list":["post-800","page","type-page","status-publish","has-post-thumbnail","hentry"],"_links":{"self":[{"href":"https:\/\/www.xzballbearing.com\/pt\/wp-json\/wp\/v2\/pages\/800"}],"collection":[{"href":"https:\/\/www.xzballbearing.com\/pt\/wp-json\/wp\/v2\/pages"}],"about":[{"href":"https:\/\/www.xzballbearing.com\/pt\/wp-json\/wp\/v2\/types\/page"}],"author":[{"embeddable":true,"href":"https:\/\/www.xzballbearing.com\/pt\/wp-json\/wp\/v2\/users\/1"}],"replies":[{"embeddable":true,"href":"https:\/\/www.xzballbearing.com\/pt\/wp-json\/wp\/v2\/comments?post=800"}],"version-history":[{"count":3,"href":"https:\/\/www.xzballbearing.com\/pt\/wp-json\/wp\/v2\/pages\/800\/revisions"}],"predecessor-version":[{"id":812,"href":"https:\/\/www.xzballbearing.com\/pt\/wp-json\/wp\/v2\/pages\/800\/revisions\/812"}],"wp:featuredmedia":[{"embeddable":true,"href":"https:\/\/www.xzballbearing.com\/pt\/wp-json\/wp\/v2\/media\/1435"}],"wp:attachment":[{"href":"https:\/\/www.xzballbearing.com\/pt\/wp-json\/wp\/v2\/media?parent=800"}],"curies":[{"name":"wp","href":"https:\/\/api.w.org\/{rel}","templated":true}]}}