{"id":826,"date":"2022-04-02T16:39:28","date_gmt":"2022-04-02T08:39:28","guid":{"rendered":"http:\/\/xinzhou.bearingshow.net\/?page_id=826"},"modified":"2022-04-19T10:14:39","modified_gmt":"2022-04-19T02:14:39","slug":"high-temperature-bearings","status":"publish","type":"page","link":"https:\/\/www.xzballbearing.com\/pt\/high-temperature-bearings\/","title":{"rendered":"Rolamentos de alta temperatura"},"content":{"rendered":"<p>Os rolamentos e unidades de rolamentos de alta temperatura XINZHOU s\u00e3o projetados para oferecer maior confiabilidade, complexidade reduzida e menor impacto ambiental em temperaturas operacionais de at\u00e9 1100 \u00b0C (2000 \u00b0F), tornando esses produtos muito adequados para aplica\u00e7\u00f5es em caminh\u00f5es de forno, fornos de rolos, padaria e fornos industriais, f\u00e1bricas de vidro, transportadores ... onde as temperaturas s\u00e3o muito altas para permitir o uso de \u00f3leos ou graxas.<\/p>\n<h4 style=\"text-align: center;\">Solu\u00e7\u00f5es de rolamentos para a ind\u00fastria de alta temperatura<\/h4>\n<p><div class=\"col-md-4 col-sm-4 col-xs-12\" >\r\n                        <a class=\"tagged-media\"  href=\"https:\/\/www.xzballbearing.com\/pt\/high-temperature-greases\/\" >\r\n                        <p><font><font>Graxas de alta temperatura<\/font><\/font><\/p>\r\n                        <div class=\"tagged-media__media\" >\r\n                        <img decoding=\"async\" src=\"https:\/\/www.xzballbearing.com\/wp-content\/uploads\/2022\/04\/high_1.jpg\" alt=\"High Temperature Greases\">\r\n                        <\/div>\r\n                        <div class=\"tagged-media__footers\" >\r\n                        <p>As graxas s\u00e3o formuladas para aplica\u00e7\u00f5es em fundi\u00e7\u00f5es e laminadores, bem como outras aplica\u00e7\u00f5es de alta temperatura, como fornos rotativos, leitos de resfriamento, pavimentadoras de estradas, fornos de recozimento e mancais lisos em guindastes de fundi\u00e7\u00e3o. A aplica\u00e7\u00e3o das graxas pode reduzir os custos de descarte de lubrificantes e efluentes devido ao menor consumo e melhor resist\u00eancia \u00e0 \u00e1gua.<\/p>\r\n                        <\/div>\r\n                        <\/a>\r\n                    <\/div><div class=\"col-md-4 col-sm-4 col-xs-12\" >\r\n                        <a class=\"tagged-media\"  href=\"https:\/\/www.xzballbearing.com\/pt\/alloy-steel-bearings\/\" >\r\n                        <p><font><font>Rolamentos de liga de a\u00e7o<\/font><\/font><\/p>\r\n                        <div class=\"tagged-media__media\" >\r\n                        <img decoding=\"async\" src=\"https:\/\/www.xzballbearing.com\/wp-content\/uploads\/2022\/04\/high_2-1.jpg\" alt=\"Alloy Steel Bearings\">\r\n                        <\/div>\r\n                        <div class=\"tagged-media__footers\" >\r\n                        <p>Resist\u00eancia a altas temperaturas, graxa de alta temperatura adicionada KLUBER, excelentes propriedades mec\u00e2nicas, baixo custo, adequado para baixa velocidade, alta carga e ambiente dif\u00edcil.<\/p>\r\n                        <\/div>\r\n                        <\/a>\r\n                    <\/div><div class=\"col-md-4 col-sm-4 col-xs-12\" >\r\n                        <a class=\"tagged-media\"  href=\"https:\/\/www.xzballbearing.com\/pt\/full-ceramic-bearings-3\/\" >\r\n                        <p><font><font>Rolamentos cer\u00e2micos completos<\/font><\/font><\/p>\r\n                        <div class=\"tagged-media__media\" >\r\n                        <img decoding=\"async\" src=\"https:\/\/www.xzballbearing.com\/wp-content\/uploads\/2022\/04\/high_3.jpg\" alt=\"Full Ceramic Bearings\">\r\n                        <\/div>\r\n                        <div class=\"tagged-media__footers\" >\r\n                        <p>Resistente \u00e0 corros\u00e3o, alta temperatura, n\u00e3o magn\u00e9tico, sem lubrifica\u00e7\u00e3o, adequado para baixa velocidade, baixa carga e ambiente extremo.<\/p>\r\n                        <\/div>\r\n                        <\/a>\r\n                    <\/div><\/p>\n<h4 style=\"text-align: center;\">Aplicativos e clientes<\/h4>\n<p>Todos os rolamentos t\u00eam limites de temperatura. Normalmente, o material enfraquece acima de uma certa temperatura e o rolamento n\u00e3o pode mais lidar com nenhuma carga ou velocidade significativa. Desde que seja usado um lubrificante adequado, os rolamentos de a\u00e7o cromado podem suportar temperaturas de at\u00e9 150\u00b0C, enquanto os rolamentos de a\u00e7o inoxid\u00e1vel de grau 440 podem ser usados em temperaturas de at\u00e9 300\u00b0C, os rolamentos totalmente cer\u00e2micos podem ser usados em temperaturas de at\u00e9 1000\u00b0C .<\/p>\n<p>Esses rolamentos s\u00e3o personalizados para uso em aplica\u00e7\u00f5es como:<\/p>\n<ul>\n<li>\u21d2fornos autom\u00e1ticos de wafer na ind\u00fastria de alimentos e bebidas<\/li>\n<li>\u21d2fornos industriais<\/li>\n<li>\u21d2correntes<\/li>\n<li>\u21d2ind\u00fastria cer\u00e2mica<\/li>\n<li>\u21d2 plantas de vidro<\/li>\n<li>\u21d2transportadores<\/li>\n<li>\u21d2 secadores<\/li>\n<li>\u21d2fornos e carros de forno<\/li>\n<li>\u21d2 foguistas<\/li>\n<li>\u21d2 sopradores de fuligem<\/li>\n<li>\u21d2 armas de \u00f3leo<\/li>\n<li>\u21d2 placa de gesso<\/li>\n<li>\u21d2secadores de folheados<\/li>\n<\/ul>","protected":false},"excerpt":{"rendered":"<p>XINZHOU high temperature bearings and bearing units are designed to deliver increased reliability, reduced complexity and decreased environmental impact in operating temperatures up to 1100 \u00b0C (2000 \u00b0F), making these products very suitable for applications in kiln trucks, roller hearth furnaces, bakery and industrial ovens, glass plants, conveyors &#8230;wherever temperatures are too high to permit [&hellip;]<\/p>","protected":false},"author":1,"featured_media":930,"parent":0,"menu_order":0,"comment_status":"closed","ping_status":"closed","template":"","meta":{"footnotes":""},"class_list":["post-826","page","type-page","status-publish","has-post-thumbnail","hentry"],"_links":{"self":[{"href":"https:\/\/www.xzballbearing.com\/pt\/wp-json\/wp\/v2\/pages\/826"}],"collection":[{"href":"https:\/\/www.xzballbearing.com\/pt\/wp-json\/wp\/v2\/pages"}],"about":[{"href":"https:\/\/www.xzballbearing.com\/pt\/wp-json\/wp\/v2\/types\/page"}],"author":[{"embeddable":true,"href":"https:\/\/www.xzballbearing.com\/pt\/wp-json\/wp\/v2\/users\/1"}],"replies":[{"embeddable":true,"href":"https:\/\/www.xzballbearing.com\/pt\/wp-json\/wp\/v2\/comments?post=826"}],"version-history":[{"count":4,"href":"https:\/\/www.xzballbearing.com\/pt\/wp-json\/wp\/v2\/pages\/826\/revisions"}],"predecessor-version":[{"id":1089,"href":"https:\/\/www.xzballbearing.com\/pt\/wp-json\/wp\/v2\/pages\/826\/revisions\/1089"}],"wp:featuredmedia":[{"embeddable":true,"href":"https:\/\/www.xzballbearing.com\/pt\/wp-json\/wp\/v2\/media\/930"}],"wp:attachment":[{"href":"https:\/\/www.xzballbearing.com\/pt\/wp-json\/wp\/v2\/media?parent=826"}],"curies":[{"name":"wp","href":"https:\/\/api.w.org\/{rel}","templated":true}]}}