{"id":832,"date":"2022-04-02T16:53:28","date_gmt":"2022-04-02T08:53:28","guid":{"rendered":"http:\/\/xinzhou.bearingshow.net\/?page_id=832"},"modified":"2022-04-19T09:38:25","modified_gmt":"2022-04-19T01:38:25","slug":"bearings-for-medical-industry","status":"publish","type":"page","link":"https:\/\/www.xzballbearing.com\/pt\/bearings-for-medical-industry\/","title":{"rendered":"Rolamentos para a ind\u00fastria m\u00e9dica"},"content":{"rendered":"<p>Para ter um melhor efeito antiferrugem, usamos a\u00e7o inoxid\u00e1vel AISI440C\/AISI304\/AISI316 e, mas alguns clientes de campos de alta classe gostam de usar cer\u00e2mica completa como cer\u00e2mica de zirc\u00f4nia e cer\u00e2mica de nitreto de sil\u00edcio. A ind\u00fastria m\u00e9dica tem um requisito de maior precis\u00e3o em rolamentos, por isso fornecemos rolamentos de n\u00edvel ABEC-5, \u00e0s vezes at\u00e9 podemos atingir um n\u00edvel mais alto de ABEC-7.<\/p>\n<p><div class=\"col-md-4 col-sm-4 col-xs-12\" >\r\n                        <a class=\"tagged-media\"  href=\"https:\/\/www.xzballbearing.com\/pt\/stainless-steel-bearings-2\/\" >\r\n                        <p><font><font>Rolamentos de a\u00e7o inoxid\u00e1vel<\/font><\/font><\/p>\r\n                        <div class=\"tagged-media__media\" >\r\n                        <img decoding=\"async\" src=\"https:\/\/www.xzballbearing.com\/wp-content\/uploads\/2022\/04\/high_2.jpg\" alt=\"Stainless Steel Bearings\">\r\n                        <\/div>\r\n                        <div class=\"tagged-media__footers\" >\r\n                        <p>Materiais de a\u00e7o inoxid\u00e1vel projetados para esteriliza\u00e7\u00e3o e os ambientes mais exigentes e liberdade para projetar o rolamento ao redor do dispositivo.<\/p>\r\n                        <\/div>\r\n                        <\/a>\r\n                    <\/div><div class=\"col-md-4 col-sm-4 col-xs-12\" >\r\n                        <a class=\"tagged-media\"  href=\"https:\/\/www.xzballbearing.com\/pt\/ceramic-bearings-2\/\" >\r\n                        <p><font><font>Rolamentos de cer\u00e2mica<\/font><\/font><\/p>\r\n                        <div class=\"tagged-media__media\" >\r\n                        <img decoding=\"async\" src=\"https:\/\/www.xzballbearing.com\/wp-content\/uploads\/2022\/04\/food03-1.jpg\" alt=\"Ceramic Bearings\">\r\n                        <\/div>\r\n                        <div class=\"tagged-media__footers\" >\r\n                        <p>Os rolamentos totalmente cer\u00e2micos t\u00eam an\u00e9is e esferas constru\u00eddos em material cer\u00e2mico. esses rolamentos podem ser mais adequados para determinadas aplica\u00e7\u00f5es do que seus equivalentes de a\u00e7o inoxid\u00e1vel - especificamente em situa\u00e7\u00f5es em que h\u00e1 um ambiente hostil em que o a\u00e7o inoxid\u00e1vel n\u00e3o sobreviveria ou em situa\u00e7\u00f5es em que o magnetismo \u00e9 uma preocupa\u00e7\u00e3o (cer\u00e2mica n\u00e3o magn\u00e9tica).<\/p>\r\n                        <\/div>\r\n                        <\/a>\r\n                    <\/div><\/p>","protected":false},"excerpt":{"rendered":"<p>In order to have a better anti-rust effect, we use stainless steel AISI440C\/AISI304\/AISI316 and but some high-class fields\u00a0customers like to use \u00a0full Ceramic Like Zirconia Ceramic, and Silicon Nitride ceramic. The medical industry has a higher accuracy requirement on bearings, so we provide ABEC-5 Level bearing, sometimes we even can achieve a higher level of [&hellip;]<\/p>","protected":false},"author":1,"featured_media":941,"parent":0,"menu_order":0,"comment_status":"closed","ping_status":"closed","template":"","meta":{"footnotes":""},"class_list":["post-832","page","type-page","status-publish","has-post-thumbnail","hentry"],"_links":{"self":[{"href":"https:\/\/www.xzballbearing.com\/pt\/wp-json\/wp\/v2\/pages\/832"}],"collection":[{"href":"https:\/\/www.xzballbearing.com\/pt\/wp-json\/wp\/v2\/pages"}],"about":[{"href":"https:\/\/www.xzballbearing.com\/pt\/wp-json\/wp\/v2\/types\/page"}],"author":[{"embeddable":true,"href":"https:\/\/www.xzballbearing.com\/pt\/wp-json\/wp\/v2\/users\/1"}],"replies":[{"embeddable":true,"href":"https:\/\/www.xzballbearing.com\/pt\/wp-json\/wp\/v2\/comments?post=832"}],"version-history":[{"count":5,"href":"https:\/\/www.xzballbearing.com\/pt\/wp-json\/wp\/v2\/pages\/832\/revisions"}],"predecessor-version":[{"id":1069,"href":"https:\/\/www.xzballbearing.com\/pt\/wp-json\/wp\/v2\/pages\/832\/revisions\/1069"}],"wp:featuredmedia":[{"embeddable":true,"href":"https:\/\/www.xzballbearing.com\/pt\/wp-json\/wp\/v2\/media\/941"}],"wp:attachment":[{"href":"https:\/\/www.xzballbearing.com\/pt\/wp-json\/wp\/v2\/media?parent=832"}],"curies":[{"name":"wp","href":"https:\/\/api.w.org\/{rel}","templated":true}]}}