{"id":836,"date":"2022-04-02T17:00:43","date_gmt":"2022-04-02T09:00:43","guid":{"rendered":"http:\/\/xinzhou.bearingshow.net\/?page_id=836"},"modified":"2024-08-29T14:54:47","modified_gmt":"2024-08-29T06:54:47","slug":"automotive-bearings","status":"publish","type":"page","link":"https:\/\/www.xzballbearing.com\/pt\/automotive-bearings\/","title":{"rendered":"Rolamentos automotivos"},"content":{"rendered":"<p>&nbsp;<\/p>\n<p><img loading=\"lazy\" decoding=\"async\" class=\"alignleft wp-image-5262 size-medium\" src=\"https:\/\/www.xzballbearing.com\/wp-content\/uploads\/2024\/08\/\u6c7d\u8f66\u5de5\u4e1a-300x200.png\" alt=\"\" width=\"300\" height=\"200\" srcset=\"https:\/\/www.xzballbearing.com\/wp-content\/uploads\/2024\/08\/\u6c7d\u8f66\u5de5\u4e1a-300x200.png 300w, https:\/\/www.xzballbearing.com\/wp-content\/uploads\/2024\/08\/\u6c7d\u8f66\u5de5\u4e1a-768x512.png 768w, https:\/\/www.xzballbearing.com\/wp-content\/uploads\/2024\/08\/\u6c7d\u8f66\u5de5\u4e1a-18x12.png 18w, https:\/\/www.xzballbearing.com\/wp-content\/uploads\/2024\/08\/\u6c7d\u8f66\u5de5\u4e1a-600x400.png 600w, https:\/\/www.xzballbearing.com\/wp-content\/uploads\/2024\/08\/\u6c7d\u8f66\u5de5\u4e1a.png 800w\" sizes=\"(max-width: 300px) 100vw, 300px\" \/><\/p>\n<p><span style=\"font-family: arial, helvetica, sans-serif; font-size: 14pt; color: #000000;\">Os OEM automotivos produzem milh\u00f5es de ve\u00edculos por ano em todo o mundo. Cada um desses ve\u00edculos possui v\u00e1rios componentes internos que usam rolamentos para um movimento eficiente. N\u00f3s, a equipe de engenharia automotiva da XINZHOU Bearing, temos uma longa experi\u00eancia trabalhando com os principais fabricantes de OEM \u00a0e podemos trabalhar com voc\u00ea para determinar a melhor solu\u00e7\u00e3o de rolamento para suas aplica\u00e7\u00f5es.<\/span><\/p>\n<p>&nbsp;<\/p>\n<p>&nbsp;<\/p>\n<p>&nbsp;<\/p>\n<p>&nbsp;<\/p>\n<p><span style=\"font-size: 18pt;\"><strong><span style=\"font-family: arial, helvetica, sans-serif;\">Related Products\uff1a<\/span><\/strong><\/span><\/p>\n<p><div class=\"col-md-4 col-sm-4 col-xs-6  prolist-cat\">\r\n            <a href=\"https:\/\/www.xzballbearing.com\/pt\/product\/inch-single-row-2\/\">\r\n                <div class=\"plist\">\r\n                   \r\n                    <div class=\"col-sm-4\">\r\n                        <div class=\"row\">\r\n                            <img decoding=\"async\" src=\"https:\/\/www.xzballbearing.com\/wp-content\/uploads\/2022\/03\/6005RS-1.jpg\" alt=\"Inch Single Row\">\r\n                        <\/div>\r\n                    <\/div>\r\n                    <div class=\"col-sm-8\">\r\n                        <div class=\"title-bt\">\r\n                         Polegada \u00danica Fila\r\n                         <\/div>\r\n                    <\/div>\r\n                <\/div>\r\n            <\/a>\r\n        <\/div><div class=\"col-md-4 col-sm-4 col-xs-6  prolist-cat\">\r\n            <a href=\"https:\/\/www.xzballbearing.com\/pt\/product\/bearings-metric\/\">\r\n                <div class=\"plist\">\r\n                   \r\n                    <div class=\"col-sm-4\">\r\n                        <div class=\"row\">\r\n                            <img decoding=\"async\" src=\"https:\/\/www.xzballbearing.com\/wp-content\/uploads\/2022\/04\/11.24-1.png\" alt=\"Bearings--Metric\">\r\n                        <\/div>\r\n                    <\/div>\r\n                    <div class=\"col-sm-8\">\r\n                        <div class=\"title-bt\">\r\n                         Bearings--Metric\r\n                         <\/div>\r\n                    <\/div>\r\n                <\/div>\r\n            <\/a>\r\n        <\/div><\/p>\n<p>&nbsp;<\/p>","protected":false},"excerpt":{"rendered":"<p>&nbsp; The Automotive OEM\u2019s produce millions of vehicles per year worldwide. Each of these vehicles has multiple internal components that use bearings for efficient motion. We, XINZHOU Bearing\u2019s Automotive Engineering Team has very long experiences working with top OEM \u00a0manufactures, \u00a0and can work with you to determine the best bearing solution for your applications. &nbsp; [&hellip;]<\/p>","protected":false},"author":1,"featured_media":946,"parent":0,"menu_order":0,"comment_status":"closed","ping_status":"closed","template":"","meta":{"footnotes":""},"class_list":["post-836","page","type-page","status-publish","has-post-thumbnail","hentry"],"_links":{"self":[{"href":"https:\/\/www.xzballbearing.com\/pt\/wp-json\/wp\/v2\/pages\/836"}],"collection":[{"href":"https:\/\/www.xzballbearing.com\/pt\/wp-json\/wp\/v2\/pages"}],"about":[{"href":"https:\/\/www.xzballbearing.com\/pt\/wp-json\/wp\/v2\/types\/page"}],"author":[{"embeddable":true,"href":"https:\/\/www.xzballbearing.com\/pt\/wp-json\/wp\/v2\/users\/1"}],"replies":[{"embeddable":true,"href":"https:\/\/www.xzballbearing.com\/pt\/wp-json\/wp\/v2\/comments?post=836"}],"version-history":[{"count":10,"href":"https:\/\/www.xzballbearing.com\/pt\/wp-json\/wp\/v2\/pages\/836\/revisions"}],"predecessor-version":[{"id":5263,"href":"https:\/\/www.xzballbearing.com\/pt\/wp-json\/wp\/v2\/pages\/836\/revisions\/5263"}],"wp:featuredmedia":[{"embeddable":true,"href":"https:\/\/www.xzballbearing.com\/pt\/wp-json\/wp\/v2\/media\/946"}],"wp:attachment":[{"href":"https:\/\/www.xzballbearing.com\/pt\/wp-json\/wp\/v2\/media?parent=836"}],"curies":[{"name":"wp","href":"https:\/\/api.w.org\/{rel}","templated":true}]}}