{"id":840,"date":"2022-04-02T17:03:10","date_gmt":"2022-04-02T09:03:10","guid":{"rendered":"http:\/\/xinzhou.bearingshow.net\/?page_id=840"},"modified":"2022-05-19T15:01:59","modified_gmt":"2022-05-19T07:01:59","slug":"skateboard-bearings","status":"publish","type":"page","link":"https:\/\/www.xzballbearing.com\/pt\/skateboard-bearings\/","title":{"rendered":"Rolamentos de skate"},"content":{"rendered":"<p>Geralmente na ind\u00fastria de skate, 608zz (8x22x7mm) \u00e9 o rolamento mais popular e mais utilizado. A grande maioria dos clientes escolher\u00e1 essa especifica\u00e7\u00e3o, enquanto alguns tamb\u00e9m podem usar outros tamanhos,\u00a0incluem 6000ZZ(10x26x8mm);\u00a0;6900zz(10x22x6mm); 627zz(7x22x7mm),; 688zz (8x16x5mm).<div class=\"col-md-4 col-sm-4 col-xs-12\" >\r\n                        <a class=\"tagged-media\"  href=\"https:\/\/www.xzballbearing.com\/pt\/metric-standard\/\" >\r\n                        <p><font><font>Padr\u00e3o M\u00e9trico<\/font><\/font><\/p>\r\n                        <div class=\"tagged-media__media\" >\r\n                        <img decoding=\"async\" src=\"https:\/\/www.xzballbearing.com\/wp-content\/uploads\/2022\/12\/QQ\u56fe\u724720221215162118.jpg\" alt=\"Metric Standard\">\r\n                        <\/div>\r\n                        <div class=\"tagged-media__footers\" >\r\n                        <p>Rolamentos em miniatura \u00e0s vezes s\u00e3o chamados de rolamentos de instrumentos e s\u00e3o usados em aplica\u00e7\u00f5es t\u00e3o variadas como girosc\u00f3pios, anem\u00f4metros, medidores de vaz\u00e3o, caixas de engrenagens em miniatura, motores pequenos e modelos controlados por r\u00e1dio. Os rolamentos de esferas em miniatura podem ser abertos ou blindados, o que ajuda a evitar a entrada de sujeira e vazamento de lubrificante, e n\u00e3o flangeados ou flangeados para facilitar a montagem da placa. Algumas op\u00e7\u00f5es de rolamentos de esferas em miniatura apresentam an\u00e9is internos estendidos para ajudar a encaixar certos dispositivos de travamento quando um ajuste de press\u00e3o n\u00e3o \u00e9 poss\u00edvel<\/p>\r\n                        <\/div>\r\n                        <\/a>\r\n                    <\/div><\/p>","protected":false},"excerpt":{"rendered":"<p>Geralmente na ind\u00fastria de skate, 608zz (8x22x7mm) \u00e9 o rolamento mais popular e mais utilizado. A grande maioria dos clientes escolher\u00e1 essa especifica\u00e7\u00e3o, enquanto alguns tamb\u00e9m podem usar outros tamanhos,\u00a0incluem 6000ZZ(10x26x8mm);\u00a0;6900zz(10x22x6mm); 627zz(7x22x7mm),; 688zz (8x16x5mm).<\/p>","protected":false},"author":1,"featured_media":944,"parent":0,"menu_order":0,"comment_status":"closed","ping_status":"closed","template":"","meta":{"footnotes":""},"class_list":["post-840","page","type-page","status-publish","has-post-thumbnail","hentry"],"_links":{"self":[{"href":"https:\/\/www.xzballbearing.com\/pt\/wp-json\/wp\/v2\/pages\/840"}],"collection":[{"href":"https:\/\/www.xzballbearing.com\/pt\/wp-json\/wp\/v2\/pages"}],"about":[{"href":"https:\/\/www.xzballbearing.com\/pt\/wp-json\/wp\/v2\/types\/page"}],"author":[{"embeddable":true,"href":"https:\/\/www.xzballbearing.com\/pt\/wp-json\/wp\/v2\/users\/1"}],"replies":[{"embeddable":true,"href":"https:\/\/www.xzballbearing.com\/pt\/wp-json\/wp\/v2\/comments?post=840"}],"version-history":[{"count":3,"href":"https:\/\/www.xzballbearing.com\/pt\/wp-json\/wp\/v2\/pages\/840\/revisions"}],"predecessor-version":[{"id":1474,"href":"https:\/\/www.xzballbearing.com\/pt\/wp-json\/wp\/v2\/pages\/840\/revisions\/1474"}],"wp:featuredmedia":[{"embeddable":true,"href":"https:\/\/www.xzballbearing.com\/pt\/wp-json\/wp\/v2\/media\/944"}],"wp:attachment":[{"href":"https:\/\/www.xzballbearing.com\/pt\/wp-json\/wp\/v2\/media?parent=840"}],"curies":[{"name":"wp","href":"https:\/\/api.w.org\/{rel}","templated":true}]}}