{"id":861,"date":"2022-04-06T10:30:29","date_gmt":"2022-04-06T02:30:29","guid":{"rendered":"http:\/\/xinzhou.bearingshow.net\/?page_id=861"},"modified":"2022-04-06T10:33:12","modified_gmt":"2022-04-06T02:33:12","slug":"crossed-roller-bearings-2","status":"publish","type":"page","link":"https:\/\/www.xzballbearing.com\/pt\/crossed-roller-bearings-2\/","title":{"rendered":"Rolamentos de rolos cruzados"},"content":{"rendered":"<p>A s\u00e9rie Crossed Roller Bearings inclui os primeiros rolamentos de mesa girat\u00f3ria de pequena escala e se\u00e7\u00e3o fina projetados para aplica\u00e7\u00f5es exigentes, incluindo rob\u00f3tica. Os rolamentos de mesa girat\u00f3ria da s\u00e9rie Crossed Roller Bearings economizam peso, reduzem os tamanhos de envelope do projeto do produto e aumentam a flexibilidade do projeto. Os rolamentos de rolos cruzados oferecem vantagens significativas em rela\u00e7\u00e3o aos rolamentos de coroa de orienta\u00e7\u00e3o convencionais, incluindo tamanho menor, precis\u00e3o aprimorada e instala\u00e7\u00e3o e troca r\u00e1pidas. <div class=\"col-md-4 col-sm-4 col-xs-6  prolist-cat\">\r\n    <a href=\"https:\/\/www.xzballbearing.com\/pt\/product-cat\/crossed-roller-bearings\/\">\r\n        <div class=\"plist\">\r\n           \r\n            <div class=\"col-sm-4\">\r\n                <div class=\"row\">\r\n                    <img decoding=\"async\" src=\"https:\/\/www.xzballbearing.com\/wp-content\/uploads\/2022\/03\/Crossed-Roller-Bearings.jpeg\" alt=\"Crossed Roller Bearings\">\r\n                <\/div>\r\n            <\/div>\r\n            <div class=\"col-sm-8\">\r\n                <div class=\"title-bt\">\r\n                 Rolamentos de rolos cruzados\r\n                 <\/div>\r\n            <\/div>\r\n        <\/div>\r\n    <\/a>\r\n<\/div><\/p>","protected":false},"excerpt":{"rendered":"<p>Crossed Roller Bearings series includes the first small-scale, thin section turntable bearings designed for demanding applications including robotics. Crossed Roller Bearings series turntable bearings save weight, reduce product design envelope sizes, and increase design flexibility. Crossed Roller Bearings offer significant advantages vs. conventional slewing ring bearings, including smaller size, improved accuracy, and fast installation and [&hellip;]<\/p>","protected":false},"author":1,"featured_media":865,"parent":0,"menu_order":0,"comment_status":"closed","ping_status":"closed","template":"","meta":{"footnotes":""},"class_list":["post-861","page","type-page","status-publish","has-post-thumbnail","hentry"],"_links":{"self":[{"href":"https:\/\/www.xzballbearing.com\/pt\/wp-json\/wp\/v2\/pages\/861"}],"collection":[{"href":"https:\/\/www.xzballbearing.com\/pt\/wp-json\/wp\/v2\/pages"}],"about":[{"href":"https:\/\/www.xzballbearing.com\/pt\/wp-json\/wp\/v2\/types\/page"}],"author":[{"embeddable":true,"href":"https:\/\/www.xzballbearing.com\/pt\/wp-json\/wp\/v2\/users\/1"}],"replies":[{"embeddable":true,"href":"https:\/\/www.xzballbearing.com\/pt\/wp-json\/wp\/v2\/comments?post=861"}],"version-history":[{"count":2,"href":"https:\/\/www.xzballbearing.com\/pt\/wp-json\/wp\/v2\/pages\/861\/revisions"}],"predecessor-version":[{"id":5253,"href":"https:\/\/www.xzballbearing.com\/pt\/wp-json\/wp\/v2\/pages\/861\/revisions\/5253"}],"wp:featuredmedia":[{"embeddable":true,"href":"https:\/\/www.xzballbearing.com\/pt\/wp-json\/wp\/v2\/media\/865"}],"wp:attachment":[{"href":"https:\/\/www.xzballbearing.com\/pt\/wp-json\/wp\/v2\/media?parent=861"}],"curies":[{"name":"wp","href":"https:\/\/api.w.org\/{rel}","templated":true}]}}