{"id":871,"date":"2022-04-06T10:49:30","date_gmt":"2022-04-06T02:49:30","guid":{"rendered":"http:\/\/xinzhou.bearingshow.net\/?page_id=871"},"modified":"2022-04-06T16:36:06","modified_gmt":"2022-04-06T08:36:06","slug":"stainless-steel-bearings-2","status":"publish","type":"page","link":"https:\/\/www.xzballbearing.com\/pt\/stainless-steel-bearings-2\/","title":{"rendered":"Rolamentos de a\u00e7o inoxid\u00e1vel"},"content":{"rendered":"<p>Materiais de a\u00e7o inoxid\u00e1vel projetados para esteriliza\u00e7\u00e3o e os ambientes mais exigentes e liberdade para projetar o rolamento ao redor do dispositivo. <div class=\"col-md-4 col-sm-4 col-xs-6  prolist-cat\">\r\n    <a href=\"https:\/\/www.xzballbearing.com\/pt\/product-cat\/stainless-steel-ball-bearings\/\">\r\n        <div class=\"plist\">\r\n           \r\n            <div class=\"col-sm-4\">\r\n                <div class=\"row\">\r\n                    <img decoding=\"async\" src=\"https:\/\/www.xzballbearing.com\/wp-content\/uploads\/2022\/03\/Stainless-Steel-Ball-Bearings.jpg\" alt=\"Stainless Steel Ball Bearings\">\r\n                <\/div>\r\n            <\/div>\r\n            <div class=\"col-sm-8\">\r\n                <div class=\"title-bt\">\r\n                 Rolamentos de esferas de a\u00e7o inoxid\u00e1vel\r\n                 <\/div>\r\n            <\/div>\r\n        <\/div>\r\n    <\/a>\r\n<\/div><div class=\"col-md-4 col-sm-4 col-xs-6  prolist-cat\">\r\n    <a href=\"https:\/\/www.xzballbearing.com\/pt\/product-cat\/stainless-steel-mounted-units\/\">\r\n        <div class=\"plist\">\r\n           \r\n            <div class=\"col-sm-4\">\r\n                <div class=\"row\">\r\n                    <img decoding=\"async\" src=\"https:\/\/www.xzballbearing.com\/wp-content\/uploads\/2022\/03\/Stainless-Steel-Mounted-Units-1.jpg\" alt=\"Stainless Steel Mounted Units\">\r\n                <\/div>\r\n            <\/div>\r\n            <div class=\"col-sm-8\">\r\n                <div class=\"title-bt\">\r\n                 Unidades montadas em a\u00e7o inoxid\u00e1vel\r\n                 <\/div>\r\n            <\/div>\r\n        <\/div>\r\n    <\/a>\r\n<\/div><div class=\"col-md-4 col-sm-4 col-xs-6  prolist-cat\">\r\n    <a href=\"https:\/\/www.xzballbearing.com\/pt\/product-cat\/stainless-steel-spherical-plainbearings-and-rod-ends\/\">\r\n        <div class=\"plist\">\r\n           \r\n            <div class=\"col-sm-4\">\r\n                <div class=\"row\">\r\n                    <img decoding=\"async\" src=\"https:\/\/www.xzballbearing.com\/wp-content\/uploads\/2022\/03\/Stainless-Steel-Spherical-Plain-Bearings-and-Rod-Ends.jpg\" alt=\"Stainless Steel Spherical Plainbearings And Rod Ends\">\r\n                <\/div>\r\n            <\/div>\r\n            <div class=\"col-sm-8\">\r\n                <div class=\"title-bt\">\r\n                 Mancais e terminais esf\u00e9ricos de a\u00e7o inoxid\u00e1vel\r\n                 <\/div>\r\n            <\/div>\r\n        <\/div>\r\n    <\/a>\r\n<\/div><div class=\"col-md-4 col-sm-4 col-xs-6  prolist-cat\">\r\n    <a href=\"https:\/\/www.xzballbearing.com\/pt\/product-cat\/stainless-steel-thrust-ball-bearings\/\">\r\n        <div class=\"plist\">\r\n           \r\n            <div class=\"col-sm-4\">\r\n                <div class=\"row\">\r\n                    <img decoding=\"async\" src=\"https:\/\/www.xzballbearing.com\/wp-content\/uploads\/2022\/03\/s51201-4.jpg\" alt=\"Stainless Steel Thrust Ball Bearings\">\r\n                <\/div>\r\n            <\/div>\r\n            <div class=\"col-sm-8\">\r\n                <div class=\"title-bt\">\r\n                 Rolamentos axiais de esferas de a\u00e7o inoxid\u00e1vel\r\n                 <\/div>\r\n            <\/div>\r\n        <\/div>\r\n    <\/a>\r\n<\/div><div class=\"col-md-4 col-sm-4 col-xs-6  prolist-cat\">\r\n    <a href=\"https:\/\/www.xzballbearing.com\/pt\/product-cat\/stainless-steel-cam-followers\/\">\r\n        <div class=\"plist\">\r\n           \r\n            <div class=\"col-sm-4\">\r\n                <div class=\"row\">\r\n                    <img decoding=\"async\" src=\"https:\/\/www.xzballbearing.com\/wp-content\/uploads\/2022\/03\/Stainless-Steel-Cam-Followers.png\" alt=\"Stainless Steel Cam Followers\">\r\n                <\/div>\r\n            <\/div>\r\n            <div class=\"col-sm-8\">\r\n                <div class=\"title-bt\">\r\n                 Seguidores de came de a\u00e7o inoxid\u00e1vel\r\n                 <\/div>\r\n            <\/div>\r\n        <\/div>\r\n    <\/a>\r\n<\/div><div class=\"col-md-4 col-sm-4 col-xs-6  prolist-cat\">\r\n    <a href=\"https:\/\/www.xzballbearing.com\/pt\/product-cat\/stainless-steel-flanged-ball-bearings\/\">\r\n        <div class=\"plist\">\r\n           \r\n            <div class=\"col-sm-4\">\r\n                <div class=\"row\">\r\n                    <img decoding=\"async\" src=\"https:\/\/www.xzballbearing.com\/wp-content\/uploads\/2022\/03\/Stainless-Steel-Flanged-Ball-Bearings.jpg\" alt=\"Stainless Steel Flanged Ball Bearings\">\r\n                <\/div>\r\n            <\/div>\r\n            <div class=\"col-sm-8\">\r\n                <div class=\"title-bt\">\r\n                 Rolamentos de esferas flangeados de a\u00e7o inoxid\u00e1vel\r\n                 <\/div>\r\n            <\/div>\r\n        <\/div>\r\n    <\/a>\r\n<\/div><\/p>","protected":false},"excerpt":{"rendered":"<p>Materiais de a\u00e7o inoxid\u00e1vel projetados para esteriliza\u00e7\u00e3o e os ambientes mais exigentes e liberdade para projetar o rolamento ao redor do dispositivo.<\/p>","protected":false},"author":1,"featured_media":872,"parent":0,"menu_order":0,"comment_status":"closed","ping_status":"closed","template":"","meta":{"footnotes":""},"class_list":["post-871","page","type-page","status-publish","has-post-thumbnail","hentry"],"_links":{"self":[{"href":"https:\/\/www.xzballbearing.com\/pt\/wp-json\/wp\/v2\/pages\/871"}],"collection":[{"href":"https:\/\/www.xzballbearing.com\/pt\/wp-json\/wp\/v2\/pages"}],"about":[{"href":"https:\/\/www.xzballbearing.com\/pt\/wp-json\/wp\/v2\/types\/page"}],"author":[{"embeddable":true,"href":"https:\/\/www.xzballbearing.com\/pt\/wp-json\/wp\/v2\/users\/1"}],"replies":[{"embeddable":true,"href":"https:\/\/www.xzballbearing.com\/pt\/wp-json\/wp\/v2\/comments?post=871"}],"version-history":[{"count":3,"href":"https:\/\/www.xzballbearing.com\/pt\/wp-json\/wp\/v2\/pages\/871\/revisions"}],"predecessor-version":[{"id":885,"href":"https:\/\/www.xzballbearing.com\/pt\/wp-json\/wp\/v2\/pages\/871\/revisions\/885"}],"wp:featuredmedia":[{"embeddable":true,"href":"https:\/\/www.xzballbearing.com\/pt\/wp-json\/wp\/v2\/media\/872"}],"wp:attachment":[{"href":"https:\/\/www.xzballbearing.com\/pt\/wp-json\/wp\/v2\/media?parent=871"}],"curies":[{"name":"wp","href":"https:\/\/api.w.org\/{rel}","templated":true}]}}