{"id":916,"date":"2022-04-07T19:02:17","date_gmt":"2022-04-07T11:02:17","guid":{"rendered":"http:\/\/xinzhou.bearingshow.net\/?page_id=916"},"modified":"2022-12-05T16:05:30","modified_gmt":"2022-12-05T08:05:30","slug":"profile","status":"publish","type":"page","link":"https:\/\/www.xzballbearing.com\/pt\/about-us\/profile\/","title":{"rendered":"Perfil"},"content":{"rendered":"<p><span style=\"font-family: arial, helvetica, sans-serif; font-size: 14pt;\"><strong>Xinzhou Bearing Industrial Inc.\u00a0<\/strong>\u00e9 um dos fabricantes de rolamentos personalizados e distribuidores mundiais de todos os tipos de rolamentos, especializados em tipos de esferas, agulhas e rolos (tamanhos em polegadas e m\u00e9tricas) feitos de cer\u00e2mica (Si3N4\/ZrO2), inoxid\u00e1vel (440c\/316) ou a\u00e7o cromado (a\u00e7o SAE52100); Toler\u00e2ncia ABEC1, 3, 5, 7.n\u00edvel.<\/span><\/p>\n<p><span style=\"font-family: arial, helvetica, sans-serif; font-size: 14pt;\">Trabalhamos diretamente com nossos OEMs e Distribuidores de Rolamentos. Nossos engenheiros podem ajud\u00e1-lo com toler\u00e2ncias de rolamentos, eixos e alojamentos, bem como aplica\u00e7\u00f5es de semicondutores, aplica\u00e7\u00f5es criog\u00eanicas, ambientes extremamente hostis e ambientes de temperaturas extremas.<\/span><\/p>\n<p><span style=\"font-family: arial, helvetica, sans-serif; font-size: 14pt;\">We also stock other manufacturer\u2019s bearings. We distribute bearings for extreme high temperature. We can help design\/manufacture any bearing.<\/span><\/p>\n<p><a href=\"http:\/\/xinzhou.bearingshow.net\/wp-content\/uploads\/2022\/11\/R-C-21.jpg\"><img loading=\"lazy\" decoding=\"async\" class=\"wp-image-1647 alignleft\" src=\"http:\/\/xinzhou.bearingshow.net\/wp-content\/uploads\/2022\/11\/R-C-21.jpg\" alt=\"\" width=\"452\" height=\"339\" srcset=\"https:\/\/www.xzballbearing.com\/wp-content\/uploads\/2022\/11\/R-C-21.jpg 1000w, https:\/\/www.xzballbearing.com\/wp-content\/uploads\/2022\/11\/R-C-21-300x225.jpg 300w, https:\/\/www.xzballbearing.com\/wp-content\/uploads\/2022\/11\/R-C-21-768x576.jpg 768w, https:\/\/www.xzballbearing.com\/wp-content\/uploads\/2022\/11\/R-C-21-16x12.jpg 16w, https:\/\/www.xzballbearing.com\/wp-content\/uploads\/2022\/11\/R-C-21-600x450.jpg 600w\" sizes=\"(max-width: 452px) 100vw, 452px\" \/><\/a><\/p>\n<p><a href=\"http:\/\/xinzhou.bearingshow.net\/wp-content\/uploads\/2022\/11\/R-C1.jpg\"><img loading=\"lazy\" decoding=\"async\" class=\"wp-image-1648 alignleft\" src=\"http:\/\/xinzhou.bearingshow.net\/wp-content\/uploads\/2022\/11\/R-C1.jpg\" alt=\"\" width=\"521\" height=\"347\" srcset=\"https:\/\/www.xzballbearing.com\/wp-content\/uploads\/2022\/11\/R-C1.jpg 756w, https:\/\/www.xzballbearing.com\/wp-content\/uploads\/2022\/11\/R-C1-300x200.jpg 300w, https:\/\/www.xzballbearing.com\/wp-content\/uploads\/2022\/11\/R-C1-18x12.jpg 18w, https:\/\/www.xzballbearing.com\/wp-content\/uploads\/2022\/11\/R-C1-600x400.jpg 600w\" sizes=\"(max-width: 521px) 100vw, 521px\" \/><\/a><\/p>\n<p><a href=\"http:\/\/xinzhou.bearingshow.net\/wp-content\/uploads\/2022\/12\/QQ\u56fe\u724720221205160109.jpg\"><img loading=\"lazy\" decoding=\"async\" class=\"wp-image-1671  alignleft\" src=\"http:\/\/xinzhou.bearingshow.net\/wp-content\/uploads\/2022\/12\/QQ\u56fe\u724720221205160109.jpg\" alt=\"\" width=\"989\" height=\"402\" srcset=\"https:\/\/www.xzballbearing.com\/wp-content\/uploads\/2022\/12\/QQ\u56fe\u724720221205160109.jpg 1231w, https:\/\/www.xzballbearing.com\/wp-content\/uploads\/2022\/12\/QQ\u56fe\u724720221205160109-300x122.jpg 300w, https:\/\/www.xzballbearing.com\/wp-content\/uploads\/2022\/12\/QQ\u56fe\u724720221205160109-1024x416.jpg 1024w, https:\/\/www.xzballbearing.com\/wp-content\/uploads\/2022\/12\/QQ\u56fe\u724720221205160109-768x312.jpg 768w, https:\/\/www.xzballbearing.com\/wp-content\/uploads\/2022\/12\/QQ\u56fe\u724720221205160109-18x7.jpg 18w, https:\/\/www.xzballbearing.com\/wp-content\/uploads\/2022\/12\/QQ\u56fe\u724720221205160109-600x244.jpg 600w\" sizes=\"(max-width: 989px) 100vw, 989px\" \/><\/a><a href=\"http:\/\/xinzhou.bearingshow.net\/wp-content\/uploads\/2022\/12\/R-C-5.jpg\"><img loading=\"lazy\" decoding=\"async\" class=\"wp-image-1672  alignleft\" src=\"http:\/\/xinzhou.bearingshow.net\/wp-content\/uploads\/2022\/12\/R-C-5.jpg\" alt=\"\" width=\"503\" height=\"352\" srcset=\"https:\/\/www.xzballbearing.com\/wp-content\/uploads\/2022\/12\/R-C-5.jpg 800w, https:\/\/www.xzballbearing.com\/wp-content\/uploads\/2022\/12\/R-C-5-300x210.jpg 300w, https:\/\/www.xzballbearing.com\/wp-content\/uploads\/2022\/12\/R-C-5-768x538.jpg 768w, https:\/\/www.xzballbearing.com\/wp-content\/uploads\/2022\/12\/R-C-5-18x12.jpg 18w, https:\/\/www.xzballbearing.com\/wp-content\/uploads\/2022\/12\/R-C-5-600x420.jpg 600w\" sizes=\"(max-width: 503px) 100vw, 503px\" \/><\/a><a href=\"http:\/\/xinzhou.bearingshow.net\/wp-content\/uploads\/2022\/11\/2021022289711_1571.jpg\"><img loading=\"lazy\" decoding=\"async\" class=\"wp-image-1650 alignleft\" src=\"http:\/\/xinzhou.bearingshow.net\/wp-content\/uploads\/2022\/11\/2021022289711_1571.jpg\" alt=\"\" width=\"470\" height=\"353\" srcset=\"https:\/\/www.xzballbearing.com\/wp-content\/uploads\/2022\/11\/2021022289711_1571.jpg 650w, https:\/\/www.xzballbearing.com\/wp-content\/uploads\/2022\/11\/2021022289711_1571-300x225.jpg 300w, https:\/\/www.xzballbearing.com\/wp-content\/uploads\/2022\/11\/2021022289711_1571-16x12.jpg 16w, https:\/\/www.xzballbearing.com\/wp-content\/uploads\/2022\/11\/2021022289711_1571-600x450.jpg 600w\" sizes=\"(max-width: 470px) 100vw, 470px\" \/><\/a><\/p>","protected":false},"excerpt":{"rendered":"<p>Xinzhou Bearing Industrial Inc.\u00a0is one of the Custom Bearing Manufacturer and world wide Distributors of all types of Bearings,specializing in Ball, Needle, and Roller types (Inch and Metric Sizes) made from Ceramic (Si3N4\/ZrO2), Stainless (440c\/316) or Chrome Steel(SAE52100 steel); Tolerance ABEC1, 3, 5, 7.level. We work directly with our OEMs and Bearing Distributors. Our engineers [&hellip;]<\/p>","protected":false},"author":1,"featured_media":0,"parent":744,"menu_order":0,"comment_status":"closed","ping_status":"closed","template":"","meta":{"footnotes":""},"class_list":["post-916","page","type-page","status-publish","hentry"],"_links":{"self":[{"href":"https:\/\/www.xzballbearing.com\/pt\/wp-json\/wp\/v2\/pages\/916"}],"collection":[{"href":"https:\/\/www.xzballbearing.com\/pt\/wp-json\/wp\/v2\/pages"}],"about":[{"href":"https:\/\/www.xzballbearing.com\/pt\/wp-json\/wp\/v2\/types\/page"}],"author":[{"embeddable":true,"href":"https:\/\/www.xzballbearing.com\/pt\/wp-json\/wp\/v2\/users\/1"}],"replies":[{"embeddable":true,"href":"https:\/\/www.xzballbearing.com\/pt\/wp-json\/wp\/v2\/comments?post=916"}],"version-history":[{"count":7,"href":"https:\/\/www.xzballbearing.com\/pt\/wp-json\/wp\/v2\/pages\/916\/revisions"}],"predecessor-version":[{"id":1527,"href":"https:\/\/www.xzballbearing.com\/pt\/wp-json\/wp\/v2\/pages\/916\/revisions\/1527"}],"up":[{"embeddable":true,"href":"https:\/\/www.xzballbearing.com\/pt\/wp-json\/wp\/v2\/pages\/744"}],"wp:attachment":[{"href":"https:\/\/www.xzballbearing.com\/pt\/wp-json\/wp\/v2\/media?parent=916"}],"curies":[{"name":"wp","href":"https:\/\/api.w.org\/{rel}","templated":true}]}}